{"id":766,"date":"2015-03-02T18:54:41","date_gmt":"2015-03-02T18:54:41","guid":{"rendered":"http:\/\/www.skelpie.eu\/?page_id=766"},"modified":"2015-03-02T18:54:41","modified_gmt":"2015-03-02T18:54:41","slug":"czytnik-bezprzewodowy-cl-1266-bt","status":"publish","type":"page","link":"https:\/\/www.skelpie.eu\/?page_id=766","title":{"rendered":"Czytnik bezprzewodowy CL 1266 BT"},"content":{"rendered":"<p><a title=\"Czytnik bezprzewodowy CL 1266 BT\" href=\"http:\/\/www.elzab.com.pl\/files\/czytnik_cl1266bt.jpg\" target=\"_blank\" rel=\"lightbox\"><img class=\"aligncenter\" src=\"http:\/\/www.elzab.com.pl\/files\/czytnik_cl1266bt_m.jpg\" alt=\"Kliknij, aby powi\u0119kszy\u0107\" \/><\/a><\/p>\n<p style=\"text-align: justify;\">Czytnik bezprzewodowy w technologii Bluetooth. Laserowy modu\u0142 optyczny umo\u017cliwia odczyt kod\u00f3w nawet do 63cm,\u00a0a komunikacja radiowa umo\u017cliwia prac\u0119 nawet do 100 m od bazy w terenie otwartym. \u0141\u0105czno\u015b\u0107 radiowa pomi\u0119dzy czytnikiem a odbiornikiem jest dwukierunkowa, u\u017cytkownik jest informowany sygna\u0142em d\u017awi\u0119kowym czy dane zosta\u0142y poprawnie odebrane. Nawet je\u015bli czytnik znajdzie si\u0119 poza zakresem odczytu, mo\u017cna skanowa\u0107 do 256 kod\u00f3w, kt\u00f3re s\u0105 zapami\u0119tywane w rezerwowym buforze. W momencie nawi\u0105zania komunikacji z baz\u0105 zapami\u0119tane dane zostan\u0105 przes\u0142ane do komputera.<\/p>\n<div id=\"czytnik_cechy\" style=\"text-align: justify;\">CL 1266 zasilany jest z wydajnego akumulatora Li-Ion,, kt\u00f3ry mo\u017ce by\u0107 \u0142adowany bezpo\u015brednio w czytniku, dodatkowo baza umo\u017cliwia \u0142adowanie zapasowego akumulatora. Istnieje mo\u017cliwo\u015b\u0107 wsp\u00f3\u0142pracy do 7 czytnik\u00f3w z jedn\u0105 baz\u0105 transmisyjn\u0105. Czytnik posiada przycisk wyzwalaj\u0105cy.<br \/>\nNajwa\u017cniejsze cechy:<\/p>\n<ul>\n<li>\u0141\u0105czno\u015b\u0107 radiowa Bluetooth<\/li>\n<li>Zasi\u0119g do 100m w terenie otwartym<\/li>\n<li>Czas pracy po na\u0142adowaniu akumulator\u00f3w do 45 godzin (32 000 odczyt\u00f3w)<\/li>\n<li>Dost\u0119pne interfejsy RS232, KBW, USB<\/li>\n<\/ul>\n<p>&nbsp;<\/p>\n<table border=\"0\" width=\"75%\" cellspacing=\"0\" cellpadding=\"0\">\n<tbody>\n<tr>\n<td><b>Nazwa:<\/b><\/td>\n<td><b>CL 1266 BT<\/b><\/td>\n<\/tr>\n<tr>\n<td><b>Rodzaj czytnika:<\/b><\/td>\n<td><b>radiowy laserowy<\/b><\/td>\n<\/tr>\n<tr>\n<td><b>\u0179r\u00f3d\u0142o \u015bwiat\u0142a:<\/b><\/td>\n<td>dioda laserowa 650nm+\/- 15 nm<\/td>\n<\/tr>\n<tr>\n<td><b>Spos\u00f3b wyzwalania odczytu:<\/b><\/td>\n<td>przycisk<\/td>\n<\/tr>\n<tr>\n<td><b>Odleg\u0142o\u015b\u0107 odczytu:<\/b><\/td>\n<td>max 630mm<\/td>\n<\/tr>\n<tr>\n<td><b>Minimalna szer. elementu kodu:<\/b><\/td>\n<td>0,125mm<\/td>\n<\/tr>\n<tr>\n<td><b>Pr\u0119dko\u015b\u0107 odczytu:<\/b><\/td>\n<td>100 skan\u00f3w\/s<\/td>\n<\/tr>\n<tr>\n<td><b>Wz\u00f3r skanuj\u0105cy:<\/b><\/td>\n<td>1 linia skanuj\u0105ca<\/td>\n<\/tr>\n<tr>\n<td><b>Sygnalizacja:<\/b><\/td>\n<td>d\u017awi\u0119kowa i optyczna<\/td>\n<\/tr>\n<tr>\n<td><b>Wymiary:<\/b><\/td>\n<td>91 x 73 x 158 mm<\/td>\n<\/tr>\n<tr>\n<td><b>Waga:<\/b><\/td>\n<td>210 g<\/td>\n<\/tr>\n<tr>\n<td><b>Zasilanie:<\/b><\/td>\n<td>5V<\/td>\n<\/tr>\n<tr>\n<td><b>Pob\u00f3r pr\u0105du:<\/b><\/td>\n<td>max 150 mA<\/td>\n<\/tr>\n<tr>\n<td><b>Zasi\u0119g radiowy:<\/b><\/td>\n<td>do 100m<\/td>\n<\/tr>\n<tr>\n<td><b>Temperatura pracy:<\/b><\/td>\n<td>od 0 do 50\u00b0 C<\/td>\n<\/tr>\n<tr>\n<td><b>Wilgotno\u015b\u0107 otoczenia:<\/b><\/td>\n<td>wzgl\u0119dna 10- 90%<\/td>\n<\/tr>\n<tr>\n<td><b>Bezpieczny upadek:<\/b><\/td>\n<td>1,2m<\/td>\n<\/tr>\n<tr>\n<td><b>Dost\u0119pne interfejsy:<\/b><\/td>\n<td>RS232, USB, emulacja klawiatury<\/td>\n<\/tr>\n<\/tbody>\n<\/table>\n<\/div>\n","protected":false},"excerpt":{"rendered":"<p>Czytnik bezprzewodowy w technologii Bluetooth. Laserowy modu\u0142 optyczny umo\u017cliwia odczyt kod\u00f3w nawet do 63cm,\u00a0a komunikacja radiowa umo\u017cliwia prac\u0119 nawet do 100 m od bazy w terenie otwartym. \u0141\u0105czno\u015b\u0107 radiowa pomi\u0119dzy czytnikiem a odbiornikiem jest dwukierunkowa, u\u017cytkownik jest informowany sygna\u0142em d\u017awi\u0119kowym czy dane zosta\u0142y poprawnie odebrane. Nawet je\u015bli czytnik znajdzie si\u0119 poza zakresem odczytu, mo\u017cna skanowa\u0107 &hellip; <a href=\"https:\/\/www.skelpie.eu\/?page_id=766\" class=\"more-link\">Czytaj dalej <span class=\"screen-reader-text\">Czytnik bezprzewodowy CL 1266 BT<\/span> <span class=\"meta-nav\">&rarr;<\/span><\/a><\/p>\n","protected":false},"author":1,"featured_media":0,"parent":0,"menu_order":0,"comment_status":"closed","ping_status":"closed","template":"","meta":[],"_links":{"self":[{"href":"https:\/\/www.skelpie.eu\/index.php?rest_route=\/wp\/v2\/pages\/766"}],"collection":[{"href":"https:\/\/www.skelpie.eu\/index.php?rest_route=\/wp\/v2\/pages"}],"about":[{"href":"https:\/\/www.skelpie.eu\/index.php?rest_route=\/wp\/v2\/types\/page"}],"author":[{"embeddable":true,"href":"https:\/\/www.skelpie.eu\/index.php?rest_route=\/wp\/v2\/users\/1"}],"replies":[{"embeddable":true,"href":"https:\/\/www.skelpie.eu\/index.php?rest_route=%2Fwp%2Fv2%2Fcomments&post=766"}],"version-history":[{"count":1,"href":"https:\/\/www.skelpie.eu\/index.php?rest_route=\/wp\/v2\/pages\/766\/revisions"}],"predecessor-version":[{"id":767,"href":"https:\/\/www.skelpie.eu\/index.php?rest_route=\/wp\/v2\/pages\/766\/revisions\/767"}],"wp:attachment":[{"href":"https:\/\/www.skelpie.eu\/index.php?rest_route=%2Fwp%2Fv2%2Fmedia&parent=766"}],"curies":[{"name":"wp","href":"https:\/\/api.w.org\/{rel}","templated":true}]}}