{"id":775,"date":"2015-03-02T18:58:53","date_gmt":"2015-03-02T18:58:53","guid":{"rendered":"http:\/\/www.skelpie.eu\/?page_id=775"},"modified":"2015-03-02T18:58:53","modified_gmt":"2015-03-02T18:58:53","slug":"kolektor-danych-cpt-8300","status":"publish","type":"page","link":"https:\/\/www.skelpie.eu\/?page_id=775","title":{"rendered":"Kolektor danych CPT 8300"},"content":{"rendered":"<p><a title=\"Kolektor danych CPT 8300\" href=\"http:\/\/www.elzab.com.pl\/files\/kolektor_cpt8300_d1.jpg\" target=\"_blank\" rel=\"lightbox[roadtrip]\"><img src=\"http:\/\/www.elzab.com.pl\/files\/kolektor_cpt8300m.jpg\" alt=\"CPT 8300\" border=\"0\" \/><\/a> <a title=\"Kolektor danych CPT 8300\" href=\"http:\/\/www.elzab.com.pl\/files\/kolektor_cpt8300_d2.jpg\" target=\"_blank\" rel=\"lightbox[roadtrip]\"><img src=\"http:\/\/www.elzab.com.pl\/files\/kolektor_cpt8300m1.jpg\" alt=\"CPT 8300\" border=\"0\" \/><\/a><\/p>\n<div id=\"kolektor_cechy\" style=\"text-align: justify;\">Kolektory serii 8300 to propozycja dla wymagaj\u0105cych u\u017cytkownik\u00f3w. Przeznaczone do pracy w ka\u017cdych warunkach (posiadaj\u0105 norm\u0119 ochrony IP65)- szczeg\u00f3lnie sprawdzaj\u0105 si\u0119 wsz\u0119dzie tam, gdzie wymagana jest wyj\u0105tkowa odporno\u015b\u0107 na py\u0142 i wilgotno\u015b\u0107 (hurtownie, hale produkcyjne czy praca na wolnym powietrzu).<\/p>\n<p>W urz\u0105dzeniach tych mog\u0105 by\u0107 zabudowane r\u00f3\u017cne czytniki kod\u00f3w kreskowych &#8211; ze wzgl\u0119du na jako\u015b\u0107 odczytu najwi\u0119kszym zainteresowaniem ciesz\u0105 si\u0119 modele z czytnikiem laserowym. Transmisja danych odbywa si\u0119 poprzez umieszczone w stacji dokuj\u0105cej z\u0142\u0105cze IrDA, a sama stacja opr\u00f3cz transmisji danych do komputera pe\u0142ni r\u00f3wnie\u017c funkcj\u0119 \u0142adowarki (akumulator stanowi element wyposa\u017cenia). Komunikacja z komputerem odbywa si\u0119 za pomoc\u0105 kabla lub stacji dokuj\u0105cej, do\u0142\u0105czanej do komputera poprzez port Rs232.<\/p>\n<p>Kolektory CPT 8300 wyposa\u017cone s\u0105 w du\u017ce, pod\u015bwietlane wy\u015bwietlacze (8 linii po 20 znak\u00f3w) oraz funkcjonaln\u0105 klawiatur\u0119.<\/p>\n<p>Pami\u0119\u0107 danych to 10 MB. System menu CPT 8300 jest zgodny z menu CPT800x\/711, a terminale mog\u0105 by\u0107 programowane w j\u0119zyku C, Basic lub poprzez Generator Aplikacji Windows.<\/p><\/div>\n<div style=\"text-align: justify;\"><\/div>\n<div style=\"text-align: justify;\">\n<table border=\"0\" width=\"95%\">\n<tbody>\n<tr>\n<td><b>Czytnik kod\u00f3w kreskowych:<\/b><\/td>\n<td>laserowy<\/td>\n<\/tr>\n<tr>\n<td><b>Zakres odczytu:<\/b><\/td>\n<td>50mm-950mm (w zale\u017cno\u015bci od kodu)<\/td>\n<\/tr>\n<tr>\n<td><b>Procesor:<\/b><\/td>\n<td>16 bitowy CMOS, niski pob\u00f3r energii<\/td>\n<\/tr>\n<tr>\n<td valign=\"top\"><b>Pami\u0119\u0107 programu:<\/b><\/td>\n<td>1 MB Flash<\/td>\n<\/tr>\n<tr>\n<td valign=\"top\"><b>Pami\u0119\u0107 danych:<\/b><\/td>\n<td>10 MB SRAM<\/td>\n<\/tr>\n<tr>\n<td><b>Wy\u015bwietlacz:<\/b><\/td>\n<td>LCD, 128 x 64 punkty, pod\u015bwietlany<\/td>\n<\/tr>\n<tr>\n<td><b>Klawiatura:<\/b><\/td>\n<td>24 klawisze<\/td>\n<\/tr>\n<tr>\n<td><b>Sygnalizacja:<\/b><\/td>\n<td>d\u017awi\u0119kowa i optyczna<\/td>\n<\/tr>\n<tr>\n<td><b>Interfejsy:<\/b><\/td>\n<td>poprzez dok transmisyjny: RS 232<\/td>\n<\/tr>\n<tr>\n<td><b>Waga:<\/b><\/td>\n<td>250 g (z akumulatorem)<\/td>\n<\/tr>\n<tr>\n<td><b>Wymiary:<\/b><\/td>\n<td>170mm x 77mm x 37mm<\/td>\n<\/tr>\n<tr>\n<td><b>Bezpieczny upadek:<\/b><\/td>\n<td>z 1,2 m<\/td>\n<\/tr>\n<tr>\n<td><b>Temperatura pracy:<\/b><\/td>\n<td>od -10\u00b0C do 60\u00b0C<\/td>\n<\/tr>\n<tr>\n<td><b>Dop. wilgotno\u015b\u0107 otoczenia:<\/b><\/td>\n<td>5% &#8211; 95% bez kondensacji<\/td>\n<\/tr>\n<tr>\n<td valign=\"top\"><b>Zasilanie:<\/b><\/td>\n<td>akumulator 3,7 V Li-Ion 700mAh<\/td>\n<\/tr>\n<tr>\n<td valign=\"top\" nowrap=\"nowrap\"><b>Odczytywane kody kreskowe:<\/b><\/td>\n<td>wszystkie standardowe kody kreskowe handlowe i przemys\u0142owe<\/td>\n<\/tr>\n<tr>\n<td valign=\"top\"><b>Programowanie:<\/b><\/td>\n<td>kompilatory C i Basic, Generator aplikacji<\/td>\n<\/tr>\n<\/tbody>\n<\/table>\n<\/div>\n<div style=\"text-align: justify;\"><\/div>\n","protected":false},"excerpt":{"rendered":"<p>Kolektory serii 8300 to propozycja dla wymagaj\u0105cych u\u017cytkownik\u00f3w. Przeznaczone do pracy w ka\u017cdych warunkach (posiadaj\u0105 norm\u0119 ochrony IP65)- szczeg\u00f3lnie sprawdzaj\u0105 si\u0119 wsz\u0119dzie tam, gdzie wymagana jest wyj\u0105tkowa odporno\u015b\u0107 na py\u0142 i wilgotno\u015b\u0107 (hurtownie, hale produkcyjne czy praca na wolnym powietrzu). W urz\u0105dzeniach tych mog\u0105 by\u0107 zabudowane r\u00f3\u017cne czytniki kod\u00f3w kreskowych &#8211; ze wzgl\u0119du na jako\u015b\u0107 &hellip; <a href=\"https:\/\/www.skelpie.eu\/?page_id=775\" class=\"more-link\">Czytaj dalej <span class=\"screen-reader-text\">Kolektor danych CPT 8300<\/span> <span class=\"meta-nav\">&rarr;<\/span><\/a><\/p>\n","protected":false},"author":1,"featured_media":0,"parent":0,"menu_order":0,"comment_status":"closed","ping_status":"closed","template":"","meta":[],"_links":{"self":[{"href":"https:\/\/www.skelpie.eu\/index.php?rest_route=\/wp\/v2\/pages\/775"}],"collection":[{"href":"https:\/\/www.skelpie.eu\/index.php?rest_route=\/wp\/v2\/pages"}],"about":[{"href":"https:\/\/www.skelpie.eu\/index.php?rest_route=\/wp\/v2\/types\/page"}],"author":[{"embeddable":true,"href":"https:\/\/www.skelpie.eu\/index.php?rest_route=\/wp\/v2\/users\/1"}],"replies":[{"embeddable":true,"href":"https:\/\/www.skelpie.eu\/index.php?rest_route=%2Fwp%2Fv2%2Fcomments&post=775"}],"version-history":[{"count":1,"href":"https:\/\/www.skelpie.eu\/index.php?rest_route=\/wp\/v2\/pages\/775\/revisions"}],"predecessor-version":[{"id":776,"href":"https:\/\/www.skelpie.eu\/index.php?rest_route=\/wp\/v2\/pages\/775\/revisions\/776"}],"wp:attachment":[{"href":"https:\/\/www.skelpie.eu\/index.php?rest_route=%2Fwp%2Fv2%2Fmedia&parent=775"}],"curies":[{"name":"wp","href":"https:\/\/api.w.org\/{rel}","templated":true}]}}