{"id":777,"date":"2015-03-02T18:59:51","date_gmt":"2015-03-02T18:59:51","guid":{"rendered":"http:\/\/www.skelpie.eu\/?page_id=777"},"modified":"2015-03-02T18:59:51","modified_gmt":"2015-03-02T18:59:51","slug":"kolektor-danych-cpt-8200","status":"publish","type":"page","link":"https:\/\/www.skelpie.eu\/?page_id=777","title":{"rendered":"Kolektor danych CPT 8200"},"content":{"rendered":"<p><a title=\"Kolektor danych CPT 8200\" href=\"http:\/\/www.elzab.com.pl\/files\/kolektor-danych-cipherlab-cpt8200l.jpg\" target=\"_blank\" rel=\"lightbox\"><img class=\"aligncenter\" src=\"http:\/\/www.elzab.com.pl\/files\/kolektor-danych-cipherlab-cpt8200l_m.jpg\" alt=\"Kolektor danych CPT 8200\" border=\"0\" \/><\/a><\/p>\n<div id=\"kolektor_cechy\" style=\"text-align: justify;\">CPT 8200 to urz\u0105dzenie o niskim zu\u017cyciu energii pozwalaj\u0105ce na nieprzerwan\u0105 prac\u0119 nawet przez 100 godzin. Lekki, ergonomiczny, z \u0142atwo\u015bci\u0105 mie\u015bci si\u0119 w d\u0142oni i kieszeni. Uchwyt pistoletowy (opcja) znacznie usprawnia prac\u0119 operatora.<\/p>\n<p>Wysok\u0105 wydajno\u015b\u0107 zapewnia nowy, szybszy procesor 32-bitowy oraz pojemna pami\u0119\u0107 RAM 4MB i Flash 8MB. Gniazdo kart MicroSD umo\u017cliwia za\u0142adowanie dodatkowej ilo\u015bci pozycji do bazy danych. Urz\u0105dzenie komunikuje si\u0119 z otoczeniem standardowo poprzez port RS232 lub USB. Opcjonalnie kolektor mo\u017cna wyposa\u017cy\u0107 w \u0142\u0105czno\u015b\u0107 WiFi oraz Bluetooth.<\/p>\n<p>Pod\u015bwietlany i du\u017cy wy\u015bwietlacz, wyra\u017ana sygnalizacja d\u017awi\u0119kowa oraz wibracje pozwalaj\u0105 klientom na dzia\u0142ania w warunkach ha\u0142a\u015bliwych plac\u00f3wek handlowych, czy magazyn\u00f3w.<\/p>\n<p>Kolektor CPT 8200 spe\u0142nia wymagania klient\u00f3w w plac\u00f3wkach handlowych, na magazynie czy w s\u0142u\u017cbie zdrowia. Obudowa odporna na upadki z wysoko\u015bci 1,2m oraz norma szczelno\u015bci zgodna z IP54 pozwalaj\u0105 stosowa\u0107 urz\u0105dzenie w trudnych warunkach pracy.<\/p><\/div>\n<div style=\"text-align: justify;\"><\/div>\n<div style=\"text-align: justify;\">\n<table border=\"0\" width=\"95%\">\n<tbody>\n<tr>\n<td><b>Czytnik kod\u00f3w kreskowych:<\/b><\/td>\n<td>Imager, laserowy (opcja), imager 2D (opcja)<\/td>\n<\/tr>\n<tr>\n<td><b>Zakres odczytu:<\/b><\/td>\n<td>b.d.<\/td>\n<\/tr>\n<tr>\n<td><b>Procesor:<\/b><\/td>\n<td>32-bit<\/td>\n<\/tr>\n<tr>\n<td valign=\"top\"><b>Pami\u0119\u0107 programu:<\/b><\/td>\n<td>8 MB Flash<\/td>\n<\/tr>\n<tr>\n<td valign=\"top\"><b>Pami\u0119\u0107 danych:<\/b><\/td>\n<td>4 MB RAM, 8 MB RAM (opcja)<\/td>\n<\/tr>\n<tr>\n<td><b>Wy\u015bwietlacz:<\/b><\/td>\n<td>LCD TFT, 160&#215;160 punkty, pod\u015bwietlony<\/td>\n<\/tr>\n<tr>\n<td><b>Klawiatura:<\/b><\/td>\n<td>24 klawiszy, pod\u015bwietlona<\/td>\n<\/tr>\n<tr>\n<td><b>Sygnalizacja:<\/b><\/td>\n<td>d\u017awi\u0119kowa, optyczna, wibracja<\/td>\n<\/tr>\n<tr>\n<td><b>Interfejsy:<\/b><\/td>\n<td>USB, Bluetooth (opcja)<\/td>\n<\/tr>\n<tr>\n<td><b>Waga:<\/b><\/td>\n<td>150 g (z akumulatorem)<\/td>\n<\/tr>\n<tr>\n<td><b>Wymiary:<\/b><\/td>\n<td>136mm x 58mm x 32mm<\/td>\n<\/tr>\n<tr>\n<td><b>Bezpieczny upadek:<\/b><\/td>\n<td>z 1,2 m<\/td>\n<\/tr>\n<tr>\n<td><b>Temperatura pracy:<\/b><\/td>\n<td>od -10\u00b0C do 60\u00b0C<\/td>\n<\/tr>\n<tr>\n<td><b>Dop. wilgotno\u015b\u0107 otoczenia:<\/b><\/td>\n<td>5% &#8211; 95% bez kondensacji<\/td>\n<\/tr>\n<tr>\n<td valign=\"top\"><b>Zasilanie:<\/b><\/td>\n<td>Akumulator 3,7 V Li-Ion 1200 mAh<\/td>\n<\/tr>\n<tr>\n<td valign=\"top\" nowrap=\"nowrap\"><b>Odczytywane kody kreskowe:<\/b><\/td>\n<td>wszystkie standardowe kody kreskowe handlowe i przemys\u0142owe<\/td>\n<\/tr>\n<tr>\n<td valign=\"top\"><b>Programowanie:<\/b><\/td>\n<td>kompilatory C i Basic, Generator aplikacji<\/td>\n<\/tr>\n<\/tbody>\n<\/table>\n<\/div>\n","protected":false},"excerpt":{"rendered":"<p>CPT 8200 to urz\u0105dzenie o niskim zu\u017cyciu energii pozwalaj\u0105ce na nieprzerwan\u0105 prac\u0119 nawet przez 100 godzin. Lekki, ergonomiczny, z \u0142atwo\u015bci\u0105 mie\u015bci si\u0119 w d\u0142oni i kieszeni. Uchwyt pistoletowy (opcja) znacznie usprawnia prac\u0119 operatora. Wysok\u0105 wydajno\u015b\u0107 zapewnia nowy, szybszy procesor 32-bitowy oraz pojemna pami\u0119\u0107 RAM 4MB i Flash 8MB. Gniazdo kart MicroSD umo\u017cliwia za\u0142adowanie dodatkowej ilo\u015bci &hellip; <a href=\"https:\/\/www.skelpie.eu\/?page_id=777\" class=\"more-link\">Czytaj dalej <span class=\"screen-reader-text\">Kolektor danych CPT 8200<\/span> <span class=\"meta-nav\">&rarr;<\/span><\/a><\/p>\n","protected":false},"author":1,"featured_media":0,"parent":0,"menu_order":0,"comment_status":"closed","ping_status":"closed","template":"","meta":[],"_links":{"self":[{"href":"https:\/\/www.skelpie.eu\/index.php?rest_route=\/wp\/v2\/pages\/777"}],"collection":[{"href":"https:\/\/www.skelpie.eu\/index.php?rest_route=\/wp\/v2\/pages"}],"about":[{"href":"https:\/\/www.skelpie.eu\/index.php?rest_route=\/wp\/v2\/types\/page"}],"author":[{"embeddable":true,"href":"https:\/\/www.skelpie.eu\/index.php?rest_route=\/wp\/v2\/users\/1"}],"replies":[{"embeddable":true,"href":"https:\/\/www.skelpie.eu\/index.php?rest_route=%2Fwp%2Fv2%2Fcomments&post=777"}],"version-history":[{"count":1,"href":"https:\/\/www.skelpie.eu\/index.php?rest_route=\/wp\/v2\/pages\/777\/revisions"}],"predecessor-version":[{"id":778,"href":"https:\/\/www.skelpie.eu\/index.php?rest_route=\/wp\/v2\/pages\/777\/revisions\/778"}],"wp:attachment":[{"href":"https:\/\/www.skelpie.eu\/index.php?rest_route=%2Fwp%2Fv2%2Fmedia&parent=777"}],"curies":[{"name":"wp","href":"https:\/\/api.w.org\/{rel}","templated":true}]}}