{"id":779,"date":"2015-03-02T19:00:37","date_gmt":"2015-03-02T19:00:37","guid":{"rendered":"http:\/\/www.skelpie.eu\/?page_id=779"},"modified":"2015-03-02T19:00:37","modified_gmt":"2015-03-02T19:00:37","slug":"kolektor-cipherlab-8400","status":"publish","type":"page","link":"https:\/\/www.skelpie.eu\/?page_id=779","title":{"rendered":"Kolektor CipherLab 8400"},"content":{"rendered":"<p><a title=\"Kolektor CipherLab 8400\" href=\"http:\/\/www.elzab.com.pl\/files\/cipherlab8400.jpg\" target=\"_blank\" rel=\"lightbox\"><img class=\"aligncenter\" src=\"http:\/\/www.elzab.com.pl\/files\/cipherlab8400m.jpg\" alt=\"Kolektor CipherLab 8400\" border=\"0\" \/><\/a><\/p>\n<div id=\"kolektor_cechy\" style=\"text-align: justify;\">Kolektor CipherLab 8400 zosta\u0142 zaprojektowany specjalnie w celu poprawy wydajno\u015bci pracy.<br \/>\nBezprzewodowa \u0142\u0105czno\u015b\u0107 Bluetooth pozwala na \u0142atw\u0105 komunikacj\u0119 z urz\u0105dzeniami peryferyjnymi.<br \/>\nZ\u0142\u0105cze kart MicroSD umo\u017cliwia rozszerzenie pami\u0119ci do 8 GB.<br \/>\nNajwi\u0119kszy w swojej klasie pod\u015bwietlany wy\u015bwietlacz o przek\u0105tnej 2,6\u2019 sprawia, \u017ce praca staje si\u0119 \u0142atwa nawet przy ograniczonym o\u015bwietleniu.<br \/>\nSolidna, wzmocniona obudowa i specjalnie wyprofilowane kraw\u0119dzie chroni\u0105 urz\u0105dzenie przed uszkodzeniem w wyniku upadku, dzia\u0142ania nadmiernej wilgotno\u015bci b\u0105d\u017a niskiej temperatury.Szczeg\u00f3lnie polecany do pracy w magazynach, halach produkcyjnych b\u0105d\u017a w transporcie.<\/p>\n<p>&nbsp;<\/p>\n<table border=\"0\" width=\"95%\">\n<tbody>\n<tr>\n<td><b>Czytnik kod\u00f3w kreskowych:<\/b><\/td>\n<td>Laserowy, imager (opcja), imager 2D (opcja)<\/td>\n<\/tr>\n<tr>\n<td><b>Zakres odczytu:<\/b><\/td>\n<td>b.d.<\/td>\n<\/tr>\n<tr>\n<td><b>Procesor:<\/b><\/td>\n<td>32-bit<\/td>\n<\/tr>\n<tr>\n<td valign=\"top\"><b>Pami\u0119\u0107 programu:<\/b><\/td>\n<td>4 MB Flash<\/td>\n<\/tr>\n<tr>\n<td valign=\"top\"><b>Pami\u0119\u0107 danych:<\/b><\/td>\n<td>16 MB SRAM, 4 MB SRAM (opcja)<\/td>\n<\/tr>\n<tr>\n<td><b>Wy\u015bwietlacz:<\/b><\/td>\n<td>LCD TFT, 160&#215;160 punkty, pod\u015bwietlony<\/td>\n<\/tr>\n<tr>\n<td><b>Klawiatura:<\/b><\/td>\n<td>29 gumowych klawiszy, pod\u015bwietlona<\/td>\n<\/tr>\n<tr>\n<td><b>Sygnalizacja:<\/b><\/td>\n<td>d\u017awi\u0119kowa, optyczna, wibracja<\/td>\n<\/tr>\n<tr>\n<td><b>Interfejsy:<\/b><\/td>\n<td>USB, Bluetooth<\/td>\n<\/tr>\n<tr>\n<td><b>Waga:<\/b><\/td>\n<td>259 g (z akumulatorem)<\/td>\n<\/tr>\n<tr>\n<td><b>Wymiary:<\/b><\/td>\n<td>170,6mm x 72,1mm x 40,6mm<\/td>\n<\/tr>\n<tr>\n<td><b>Bezpieczny upadek:<\/b><\/td>\n<td>z 1,5 m<\/td>\n<\/tr>\n<tr>\n<td><b>Temperatura pracy:<\/b><\/td>\n<td>od -10\u00b0C do 60\u00b0C<\/td>\n<\/tr>\n<tr>\n<td><b>Dop. wilgotno\u015b\u0107 otoczenia:<\/b><\/td>\n<td>5% &#8211; 95% bez kondensacji<\/td>\n<\/tr>\n<tr>\n<td valign=\"top\"><b>Zasilanie:<\/b><\/td>\n<td>Akumulator 3,7 V Li-Ion 1800 mAh<\/td>\n<\/tr>\n<tr>\n<td valign=\"top\" nowrap=\"nowrap\"><b>Odczytywane kody kreskowe:<\/b><\/td>\n<td>wszystkie standardowe kody kreskowe handlowe i przemys\u0142owe<\/td>\n<\/tr>\n<tr>\n<td valign=\"top\"><b>Programowanie:<\/b><\/td>\n<td>kompilatory C i Basic, Generator aplikacji<\/td>\n<\/tr>\n<\/tbody>\n<\/table>\n<p>&nbsp;<\/p>\n<\/div>\n","protected":false},"excerpt":{"rendered":"<p>Kolektor CipherLab 8400 zosta\u0142 zaprojektowany specjalnie w celu poprawy wydajno\u015bci pracy. Bezprzewodowa \u0142\u0105czno\u015b\u0107 Bluetooth pozwala na \u0142atw\u0105 komunikacj\u0119 z urz\u0105dzeniami peryferyjnymi. Z\u0142\u0105cze kart MicroSD umo\u017cliwia rozszerzenie pami\u0119ci do 8 GB. Najwi\u0119kszy w swojej klasie pod\u015bwietlany wy\u015bwietlacz o przek\u0105tnej 2,6\u2019 sprawia, \u017ce praca staje si\u0119 \u0142atwa nawet przy ograniczonym o\u015bwietleniu. Solidna, wzmocniona obudowa i specjalnie wyprofilowane &hellip; <a href=\"https:\/\/www.skelpie.eu\/?page_id=779\" class=\"more-link\">Czytaj dalej <span class=\"screen-reader-text\">Kolektor CipherLab 8400<\/span> <span class=\"meta-nav\">&rarr;<\/span><\/a><\/p>\n","protected":false},"author":1,"featured_media":0,"parent":0,"menu_order":0,"comment_status":"closed","ping_status":"closed","template":"","meta":[],"_links":{"self":[{"href":"https:\/\/www.skelpie.eu\/index.php?rest_route=\/wp\/v2\/pages\/779"}],"collection":[{"href":"https:\/\/www.skelpie.eu\/index.php?rest_route=\/wp\/v2\/pages"}],"about":[{"href":"https:\/\/www.skelpie.eu\/index.php?rest_route=\/wp\/v2\/types\/page"}],"author":[{"embeddable":true,"href":"https:\/\/www.skelpie.eu\/index.php?rest_route=\/wp\/v2\/users\/1"}],"replies":[{"embeddable":true,"href":"https:\/\/www.skelpie.eu\/index.php?rest_route=%2Fwp%2Fv2%2Fcomments&post=779"}],"version-history":[{"count":1,"href":"https:\/\/www.skelpie.eu\/index.php?rest_route=\/wp\/v2\/pages\/779\/revisions"}],"predecessor-version":[{"id":780,"href":"https:\/\/www.skelpie.eu\/index.php?rest_route=\/wp\/v2\/pages\/779\/revisions\/780"}],"wp:attachment":[{"href":"https:\/\/www.skelpie.eu\/index.php?rest_route=%2Fwp%2Fv2%2Fmedia&parent=779"}],"curies":[{"name":"wp","href":"https:\/\/api.w.org\/{rel}","templated":true}]}}