{"id":783,"date":"2015-03-02T19:02:32","date_gmt":"2015-03-02T19:02:32","guid":{"rendered":"http:\/\/www.skelpie.eu\/?page_id=783"},"modified":"2015-03-02T19:02:32","modified_gmt":"2015-03-02T19:02:32","slug":"kolektor-danych-memor-x3","status":"publish","type":"page","link":"https:\/\/www.skelpie.eu\/?page_id=783","title":{"rendered":"Kolektor danych MEMOR X3"},"content":{"rendered":"<p><a title=\"Kolektor danych MEMOR X3\" href=\"http:\/\/www.elzab.com.pl\/files\/memor-x3.jpg\" target=\"_blank\" rel=\"lightbox\"><img class=\"aligncenter\" src=\"http:\/\/www.elzab.com.pl\/files\/memor-x3m.jpg\" alt=\"Kolektor danych MEMOR X3\" border=\"0\" \/><\/a><\/p>\n<div id=\"kolektor_cechy\" style=\"text-align: justify;\">Nowy model popularnego na rynku kolektora danych MEMOR X3 w segmencie lekkich i kompaktowych terminali. U\u017cytkownik mo\u017ce wybra\u0107 spo\u015br\u00f3d 3 dost\u0119pnych modu\u0142\u00f3w skanowania: standardowego linear imagera, wydajnego lasera z pokryw\u0105 Gorilla Glass lub imagera 2D. Czytnik kod\u00f3w wyposa\u017cony jest w opatentowan\u0105 technologi\u0119 \u201eGreen Spot\u201d potwierdzaj\u0105c\u0105 prawid\u0142owy odczyt kodu.<\/p>\n<p>Procesor oraz pami\u0119\u0107 zoptymalizowano dla mo\u017cliwych do wyboru dw\u00f3ch system\u00f3w operacyjnych: dla Windows CE Core: Xscale PXA310 624 MHz 128MB RAM lub dla Windows CE Pro: 806 MHz 256MB RAM.<\/p>\n<p>Komunikacja Bluetooth 2.1 oraz WiFi 802.11 a\/b\/g\/n u\u0142atwi wdro\u017cenie w istniej\u0105cym \u015brodowisku pracy.<\/p>\n<p>Najwa\u017cniejsze cechy:<\/p>\n<ul>\n<li>System operacyjny Windows CE 6.0 Core lub Windows CE 6.0 Pro<\/li>\n<li>Pami\u0119\u0107 512 MB Flash<\/li>\n<li>Slot na karty pami\u0119ci SD<\/li>\n<li>Bezpieczny upadek z wysoko\u015bci 1,2m<\/li>\n<li>Norma szczelno\u015bci IP54<\/li>\n<\/ul>\n<p>Zestaw podstawowy: terminal, zasilacz, akumulator, kabel komunikacyjny USB, rysik<br \/>\nAkcesoria: kolektor, zasilacz, kabel USB, akumulator, rysik.<\/p>\n<p>&nbsp;<\/p>\n<table border=\"0\" width=\"95%\">\n<tbody>\n<tr>\n<td><b>Czytnik kod\u00f3w kreskowych:<\/b><\/td>\n<td>linear imager, laser (opcja), imager 2D (opcja)<\/td>\n<\/tr>\n<tr>\n<td valign=\"top\"><b>Zakres odczytu:<\/b><\/td>\n<td>linear imager 38mm-610mm, laser 50mm-640mm, imager 2D 43mm-350mm (w zale\u017cno\u015bci od kodu)<\/td>\n<\/tr>\n<tr>\n<td valign=\"top\"><b>Procesor:<\/b><\/td>\n<td>XScale PXA310@ 624MHz dla Windows CE 6.0 Core<br \/>\nXScale PXA310@ 806MHz dla Windows CE 6.0 Pro<\/td>\n<\/tr>\n<tr>\n<td valign=\"top\"><b>Pami\u0119\u0107 programu:<\/b><\/td>\n<td>512 MB Flash<\/td>\n<\/tr>\n<tr>\n<td valign=\"top\"><b>Pami\u0119\u0107 danych:<\/b><\/td>\n<td>128 MB RAM dla Windows CE 6.0 Core<br \/>\n256 MB RAM dla Windows CE 6.0 Pro<\/td>\n<\/tr>\n<tr>\n<td><b>Wy\u015bwietlacz:<\/b><\/td>\n<td>dotykowy, kolorowy QVGA 240&#215;320, 2,4&#8221; TFT z pod\u015bwietleniem<\/td>\n<\/tr>\n<tr>\n<td><b>Klawiatura:<\/b><\/td>\n<td>25 klawiszy, pod\u015bwietlenie<\/td>\n<\/tr>\n<tr>\n<td><b>Sygnalizacja:<\/b><\/td>\n<td>d\u017awi\u0119kowa i optyczna<\/td>\n<\/tr>\n<tr>\n<td><b>Komunikacja:<\/b><\/td>\n<td>USB, Bluetooth, WiFi 802.11 a\/b\/g\/n (opcja)<\/td>\n<\/tr>\n<tr>\n<td><b>Waga:<\/b><\/td>\n<td>233 g (z akumulatorem)<\/td>\n<\/tr>\n<tr>\n<td><b>Wymiary:<\/b><\/td>\n<td>156 x 57 x 40mm<\/td>\n<\/tr>\n<tr>\n<td><b>Bezpieczny upadek:<\/b><\/td>\n<td>z 1,2m<\/td>\n<\/tr>\n<tr>\n<td><b>Temperatura pracy:<\/b><\/td>\n<td>od -10\u00b0C do 50\u00b0C<\/td>\n<\/tr>\n<tr>\n<td><b>Dop. wilgotno\u015b\u0107 otoczenia:<\/b><\/td>\n<td>b\/d<\/td>\n<\/tr>\n<tr>\n<td valign=\"top\"><b>Zasilanie:<\/b><\/td>\n<td>akumulator 1430 mAh, 2300 mAh (opcja)<\/td>\n<\/tr>\n<tr>\n<td valign=\"top\" nowrap=\"nowrap\"><b>Odczytywane kody kreskowe:<\/b><\/td>\n<td>wszystkie standardowe kody kreskowe handlowe i przemys\u0142owe<\/td>\n<\/tr>\n<tr>\n<td valign=\"top\"><b>Programowanie:<\/b><\/td>\n<td>narz\u0119dzia przeznaczone dla Windows CE<\/td>\n<\/tr>\n<tr>\n<td valign=\"top\"><b>Wyposa\u017cenie standardowe:<\/b><\/td>\n<td>kolektor, zasilacz, kabel USB, rysik<\/td>\n<\/tr>\n<\/tbody>\n<\/table>\n<\/div>\n","protected":false},"excerpt":{"rendered":"<p>Nowy model popularnego na rynku kolektora danych MEMOR X3 w segmencie lekkich i kompaktowych terminali. U\u017cytkownik mo\u017ce wybra\u0107 spo\u015br\u00f3d 3 dost\u0119pnych modu\u0142\u00f3w skanowania: standardowego linear imagera, wydajnego lasera z pokryw\u0105 Gorilla Glass lub imagera 2D. Czytnik kod\u00f3w wyposa\u017cony jest w opatentowan\u0105 technologi\u0119 \u201eGreen Spot\u201d potwierdzaj\u0105c\u0105 prawid\u0142owy odczyt kodu. Procesor oraz pami\u0119\u0107 zoptymalizowano dla mo\u017cliwych do &hellip; <a href=\"https:\/\/www.skelpie.eu\/?page_id=783\" class=\"more-link\">Czytaj dalej <span class=\"screen-reader-text\">Kolektor danych MEMOR X3<\/span> <span class=\"meta-nav\">&rarr;<\/span><\/a><\/p>\n","protected":false},"author":1,"featured_media":0,"parent":0,"menu_order":0,"comment_status":"closed","ping_status":"closed","template":"","meta":[],"_links":{"self":[{"href":"https:\/\/www.skelpie.eu\/index.php?rest_route=\/wp\/v2\/pages\/783"}],"collection":[{"href":"https:\/\/www.skelpie.eu\/index.php?rest_route=\/wp\/v2\/pages"}],"about":[{"href":"https:\/\/www.skelpie.eu\/index.php?rest_route=\/wp\/v2\/types\/page"}],"author":[{"embeddable":true,"href":"https:\/\/www.skelpie.eu\/index.php?rest_route=\/wp\/v2\/users\/1"}],"replies":[{"embeddable":true,"href":"https:\/\/www.skelpie.eu\/index.php?rest_route=%2Fwp%2Fv2%2Fcomments&post=783"}],"version-history":[{"count":1,"href":"https:\/\/www.skelpie.eu\/index.php?rest_route=\/wp\/v2\/pages\/783\/revisions"}],"predecessor-version":[{"id":784,"href":"https:\/\/www.skelpie.eu\/index.php?rest_route=\/wp\/v2\/pages\/783\/revisions\/784"}],"wp:attachment":[{"href":"https:\/\/www.skelpie.eu\/index.php?rest_route=%2Fwp%2Fv2%2Fmedia&parent=783"}],"curies":[{"name":"wp","href":"https:\/\/api.w.org\/{rel}","templated":true}]}}