{"id":785,"date":"2015-03-02T19:03:30","date_gmt":"2015-03-02T19:03:30","guid":{"rendered":"http:\/\/www.skelpie.eu\/?page_id=785"},"modified":"2015-03-02T19:03:30","modified_gmt":"2015-03-02T19:03:30","slug":"kolektor-danych-argox-pt-60","status":"publish","type":"page","link":"https:\/\/www.skelpie.eu\/?page_id=785","title":{"rendered":"Kolektor danych ARGOX PT-60"},"content":{"rendered":"<p><a title=\"Kolektor danych ARGOX PT-60\" href=\"http:\/\/www.elzab.com.pl\/files\/pt-60.jpg\" target=\"_blank\" rel=\"lightbox\"><img class=\"aligncenter\" src=\"http:\/\/www.elzab.com.pl\/files\/pt-60m.jpg\" alt=\"Kolektor danych ARGOX PT-60\" border=\"0\" \/><\/a><\/p>\n<div id=\"kolektor_cechy\" style=\"text-align: justify;\">PT-60 to przedstawiciel rodziny ARGOX z systemem operacyjnym Windows 5.0.Ten zaawansowany technologicznie terminal, z rozbudowan\u0105 pami\u0119ci\u0105 i nowoczesnym procesorem ARM9 Core 266 MHz spe\u0142nia oczekiwania wymagaj\u0105cych klient\u00f3w w handlu detalicznym, dzia\u0142alno\u015bci dystrybucyjnej oraz logistyce.<\/p>\n<p>Konstrukcja kolektora przewiduje prac\u0119 w trudnych warunkach: ogumowania na bokach i rogach amortyzuj\u0105 upadki, zastosowany czytnik diodowy jest odporny na wstrz\u0105sy, a potwierdzanie odczytu kodu wibracjami sprawdza si\u0119 w ha\u0142a\u015bliwych pomieszczeniach.<\/p>\n<p>PT-60 spe\u0142nia wymagania normy IP54, kt\u00f3ra informuje u\u017cytkownika o wysokiej odporno\u015bci urz\u0105dzenia na kurz, py\u0142 oraz dzia\u0142anie wody.<\/p>\n<p>\u0141atwo\u015b\u0107 uruchomienia w ka\u017cdym popularnym programie magazynowo-sprzeda\u017cowym daje nam mo\u017cliwo\u015b\u0107 zastosowania w handlu i magazynach, a dostarczane w komplecie oprogramowanie pozwala na dostosowanie tego urz\u0105dzenia r\u00f3wnie\u017c do potrzeb biura, spedycji, czy produkcji.<br \/>\nNajwa\u017cniejsze cechy:<\/p>\n<ul>\n<li>system operacyjny Microsoft Windows CE 5.0<\/li>\n<li>klawiatura 29 klawiszy<\/li>\n<li>slot na karty pami\u0119ci SD<\/li>\n<li>kolorowy, dotykowy wy\u015bwietlacz QVGA 240 x320, 2,4&#8221; TFT LCD<\/li>\n<li>praca w temperaturach ujemnych<\/li>\n<li>sygnalizacja d\u017awi\u0119kowa oraz wibracje<\/li>\n<li>akcesoria zwi\u0119kszaj\u0105ce funkcjonalno\u015b\u0107 (dok komunikacyjno-\u0142aduj\u0105cy, uchwyt pistoletowy, \u0142adowarka)<\/li>\n<\/ul>\n<p>Zestaw podstawowy: kolektor, zasilacz, kabel USB<\/p>\n<p>&nbsp;<\/p>\n<table border=\"0\" width=\"95%\">\n<tbody>\n<tr>\n<td><b>Czytnik kod\u00f3w kreskowych:<\/b><\/td>\n<td>diodowy<\/td>\n<\/tr>\n<tr>\n<td><b>Zakres odczytu:<\/b><\/td>\n<td>do 600 mm<\/td>\n<\/tr>\n<tr>\n<td><b>Procesor:<\/b><\/td>\n<td>ARM9 Core 266MHz<\/td>\n<\/tr>\n<tr>\n<td valign=\"top\"><b>Pami\u0119\u0107 programu:<\/b><\/td>\n<td>128MB Nand Flash<\/td>\n<\/tr>\n<tr>\n<td valign=\"top\"><b>Pami\u0119\u0107 danych:<\/b><\/td>\n<td>128MB Mobile DDRAM<\/td>\n<\/tr>\n<tr>\n<td><b>Wy\u015bwietlacz:<\/b><\/td>\n<td>dotykowy, kolorowy, QVGA 240&#215;320, 2,4&#8243; TFT LCD<\/td>\n<\/tr>\n<tr>\n<td><b>Klawiatura:<\/b><\/td>\n<td>29 klawiszy<\/td>\n<\/tr>\n<tr>\n<td><b>Sygnalizacja:<\/b><\/td>\n<td>d\u017awi\u0119kowa i optyczna<\/td>\n<\/tr>\n<tr>\n<td><b>Interfejsy:<\/b><\/td>\n<td>RS232, USB<\/td>\n<\/tr>\n<tr>\n<td><b>Waga:<\/b><\/td>\n<td>250g (z akumulatorem)<\/td>\n<\/tr>\n<tr>\n<td><b>Wymiary:<\/b><\/td>\n<td>168,8 x 70,1 x 34mm<\/td>\n<\/tr>\n<tr>\n<td><b>Bezpieczny upadek:<\/b><\/td>\n<td>z 1,2m<\/td>\n<\/tr>\n<tr>\n<td><b>Temperatura pracy:<\/b><\/td>\n<td>od -10\u00b0C do 60\u00b0C<\/td>\n<\/tr>\n<tr>\n<td><b>Dop. wilgotno\u015b\u0107 otoczenia:<\/b><\/td>\n<td>5% &#8211; 95% bez kondensacji<\/td>\n<\/tr>\n<tr>\n<td valign=\"top\"><b>Zasilanie:<\/b><\/td>\n<td>akumulator Li-Poly, 3,7V 1950 mAh<\/td>\n<\/tr>\n<tr>\n<td valign=\"top\" nowrap=\"nowrap\"><b>Odczytywane kody kreskowe:<\/b><\/td>\n<td>wszystkie standardowe kody kreskowe handlowe i przemys\u0142owe<\/td>\n<\/tr>\n<tr>\n<td valign=\"top\"><b>Wyposa\u017cenie standardowe<\/b><\/td>\n<td>kolektor, zasilacz, kabel USB, smycz<\/td>\n<\/tr>\n<\/tbody>\n<\/table>\n<p>&nbsp;<\/p>\n<\/div>\n","protected":false},"excerpt":{"rendered":"<p>PT-60 to przedstawiciel rodziny ARGOX z systemem operacyjnym Windows 5.0.Ten zaawansowany technologicznie terminal, z rozbudowan\u0105 pami\u0119ci\u0105 i nowoczesnym procesorem ARM9 Core 266 MHz spe\u0142nia oczekiwania wymagaj\u0105cych klient\u00f3w w handlu detalicznym, dzia\u0142alno\u015bci dystrybucyjnej oraz logistyce. Konstrukcja kolektora przewiduje prac\u0119 w trudnych warunkach: ogumowania na bokach i rogach amortyzuj\u0105 upadki, zastosowany czytnik diodowy jest odporny na wstrz\u0105sy, &hellip; <a href=\"https:\/\/www.skelpie.eu\/?page_id=785\" class=\"more-link\">Czytaj dalej <span class=\"screen-reader-text\">Kolektor danych ARGOX PT-60<\/span> <span class=\"meta-nav\">&rarr;<\/span><\/a><\/p>\n","protected":false},"author":1,"featured_media":0,"parent":0,"menu_order":0,"comment_status":"closed","ping_status":"closed","template":"","meta":[],"_links":{"self":[{"href":"https:\/\/www.skelpie.eu\/index.php?rest_route=\/wp\/v2\/pages\/785"}],"collection":[{"href":"https:\/\/www.skelpie.eu\/index.php?rest_route=\/wp\/v2\/pages"}],"about":[{"href":"https:\/\/www.skelpie.eu\/index.php?rest_route=\/wp\/v2\/types\/page"}],"author":[{"embeddable":true,"href":"https:\/\/www.skelpie.eu\/index.php?rest_route=\/wp\/v2\/users\/1"}],"replies":[{"embeddable":true,"href":"https:\/\/www.skelpie.eu\/index.php?rest_route=%2Fwp%2Fv2%2Fcomments&post=785"}],"version-history":[{"count":1,"href":"https:\/\/www.skelpie.eu\/index.php?rest_route=\/wp\/v2\/pages\/785\/revisions"}],"predecessor-version":[{"id":786,"href":"https:\/\/www.skelpie.eu\/index.php?rest_route=\/wp\/v2\/pages\/785\/revisions\/786"}],"wp:attachment":[{"href":"https:\/\/www.skelpie.eu\/index.php?rest_route=%2Fwp%2Fv2%2Fmedia&parent=785"}],"curies":[{"name":"wp","href":"https:\/\/api.w.org\/{rel}","templated":true}]}}