{"id":787,"date":"2015-03-02T19:04:15","date_gmt":"2015-03-02T19:04:15","guid":{"rendered":"http:\/\/www.skelpie.eu\/?page_id=787"},"modified":"2015-03-02T19:04:15","modified_gmt":"2015-03-02T19:04:15","slug":"kolektor-danych-zebex-z-2170","status":"publish","type":"page","link":"https:\/\/www.skelpie.eu\/?page_id=787","title":{"rendered":"Kolektor danych ZEBEX Z-2170"},"content":{"rendered":"<p><a title=\"Kolektor danych ZEBEX Z-2170\" href=\"http:\/\/www.elzab.com.pl\/files\/z2170.jpg\" target=\"_blank\" rel=\"lightbox\"><img class=\"aligncenter\" src=\"http:\/\/www.elzab.com.pl\/files\/z2170m.jpg\" alt=\"Kolektor danych ZEBEX Z-2170\" border=\"0\" \/><\/a><\/p>\n<div id=\"kolektor_cechy\" style=\"text-align: justify;\">Nowy kolektor danych Zebex Z-2170 to doskona\u0142a propozycja dla u\u017cytkownika pragn\u0105cego po\u0142\u0105czy\u0107 funkcjonalno\u015b\u0107 z atrakcyjn\u0105 cen\u0105. Kompaktowa obudowa z dodatkowymi elementami ochronnymi oraz norma szczelno\u015bci IP54 gwarantuj\u0105 bezpieczn\u0105 prac\u0119 nawet w trudniejszych warunkach magazynowych. Wydajny procesor o taktowaniu 806MHz zapewnia bezb\u0142\u0119dn\u0105 prac\u0119 z wykorzystaniem wielu aplikacji. Wej\u015bcie na kart\u0119 microSD pozwala rozbudowa\u0107 pami\u0119\u0107 do 8 GB.<br \/>\nKomunikacja Bluetooth umo\u017cliwia wsp\u00f3\u0142prac\u0119 z urz\u0105dzeniami peryferyjnymi, np. drukarkami etykiet.<br \/>\nNajwa\u017cniejsze cechy:<\/p>\n<ul>\n<li>Kolorowy, dotykowy wy\u015bwietlacz TFT QVGA LCD o przek\u0105tnej 2,4\u2019\u2019<\/li>\n<li>Komunikacja bezprzewodowa Bluetooth class 2 lub WiFi IEEE 802.11b\/g (opcja)<\/li>\n<li>System operacyjny Microsoft Windows CE 6.0<\/li>\n<li>Skaner kod\u00f3w kreskowych linear imager<\/li>\n<li>Bateria litowo-jonowa 2200 mAh<\/li>\n<\/ul>\n<p>Zestaw podstawowy: terminal, zasilacz, akumulator, kabel komunikacyjny USB, rysik<br \/>\nAkcesoria: stacja dokuj\u0105ca, 4 stanowiskowa \u0142adowarka baterii<\/p>\n<p>&nbsp;<\/p>\n<table border=\"0\" width=\"95%\">\n<tbody>\n<tr>\n<td><b>Czytnik kod\u00f3w kreskowych:<\/b><\/td>\n<td>linear imager<\/td>\n<\/tr>\n<tr>\n<td><b>Zakres odczytu:<\/b><\/td>\n<td>30mm-180mm (w zale\u017cno\u015bci od kodu)<\/td>\n<\/tr>\n<tr>\n<td><b>Procesor:<\/b><\/td>\n<td>Marvell PXA310 806 MHz<\/td>\n<\/tr>\n<tr>\n<td valign=\"top\"><b>Pami\u0119\u0107 programu:<\/b><\/td>\n<td>2 GB flash ROM<\/td>\n<\/tr>\n<tr>\n<td valign=\"top\"><b>Pami\u0119\u0107 danych:<\/b><\/td>\n<td>256 MB SDRAM (wej\u015bcie na kart\u0119 microSD do 8 GB)<\/td>\n<\/tr>\n<tr>\n<td><b>Wy\u015bwietlacz:<\/b><\/td>\n<td>2,4&#8221;QVGA, dotykowy, kolorowy z pod\u015bwietleniem LED<\/td>\n<\/tr>\n<tr>\n<td><b>Klawiatura:<\/b><\/td>\n<td>29 klawiszy<\/td>\n<\/tr>\n<tr>\n<td><b>Komunikacja:<\/b><\/td>\n<td>USB, Bluetooth, WiFi IEEE 802.11b\/g (opcja)<\/td>\n<\/tr>\n<tr>\n<td><b>Waga:<\/b><\/td>\n<td>280 g<\/td>\n<\/tr>\n<tr>\n<td><b>Wymiary:<\/b><\/td>\n<td>162 x 60 x 37,3 mm<\/td>\n<\/tr>\n<tr>\n<td><b>Bezpieczny upadek:<\/b><\/td>\n<td>z 1,5 m<\/td>\n<\/tr>\n<tr>\n<td><b>Temperatura pracy:<\/b><\/td>\n<td>od 0\u00b0C do 50\u00b0C<\/td>\n<\/tr>\n<tr>\n<td><b>Dop. wilgotno\u015b\u0107 otoczenia:<\/b><\/td>\n<td>5% &#8211; 95% bez kondensacji<\/td>\n<\/tr>\n<tr>\n<td valign=\"top\"><b>Zasilanie:<\/b><\/td>\n<td>Akumulator Li-Ion 2200 mAh<\/td>\n<\/tr>\n<tr>\n<td valign=\"top\" nowrap=\"nowrap\"><b>Odczytywane kody kreskowe:<\/b><\/td>\n<td>wszystkie standardowe kody kreskowe 1D (UPC\/EAN\/JAN, UPC-A &amp; UPC-E, EAN-8 &amp; EAN-13, JAN-8 &amp; JAN-13, ISBN\/ISSN, Code 39 (with full ASCII), Codabar (NM7), Code 128 &amp; EAN 128, Code 93, Interleaved 2 of 5 (ITF), Addendum 2 of 5, IATA Code, MSI, China Postal Code, Code 32 (Italian Pharmacode) , Industrial 2 of 5, Standard 2 of 5, Discrete 2 of 5 (DTF), Matrix 2 of 5 (JAP), Code 11, GS1 DataBar, GS1 DataBar Limited, GS1 DataBar Expanded)<\/td>\n<\/tr>\n<tr>\n<td valign=\"top\"><b>Programowanie:<\/b><\/td>\n<td>Zebex Software Development Kit for WinCE 6.0 SDK<\/td>\n<\/tr>\n<tr>\n<td valign=\"top\"><b>Wyposa\u017cenie standardowe:<\/b><\/td>\n<td>terminal, zasilacz, akumulator, kabel komunikacyjny USB, rysik<\/td>\n<\/tr>\n<\/tbody>\n<\/table>\n<\/div>\n","protected":false},"excerpt":{"rendered":"<p>Nowy kolektor danych Zebex Z-2170 to doskona\u0142a propozycja dla u\u017cytkownika pragn\u0105cego po\u0142\u0105czy\u0107 funkcjonalno\u015b\u0107 z atrakcyjn\u0105 cen\u0105. Kompaktowa obudowa z dodatkowymi elementami ochronnymi oraz norma szczelno\u015bci IP54 gwarantuj\u0105 bezpieczn\u0105 prac\u0119 nawet w trudniejszych warunkach magazynowych. Wydajny procesor o taktowaniu 806MHz zapewnia bezb\u0142\u0119dn\u0105 prac\u0119 z wykorzystaniem wielu aplikacji. Wej\u015bcie na kart\u0119 microSD pozwala rozbudowa\u0107 pami\u0119\u0107 do 8 &hellip; <a href=\"https:\/\/www.skelpie.eu\/?page_id=787\" class=\"more-link\">Czytaj dalej <span class=\"screen-reader-text\">Kolektor danych ZEBEX Z-2170<\/span> <span class=\"meta-nav\">&rarr;<\/span><\/a><\/p>\n","protected":false},"author":1,"featured_media":0,"parent":0,"menu_order":0,"comment_status":"closed","ping_status":"closed","template":"","meta":[],"_links":{"self":[{"href":"https:\/\/www.skelpie.eu\/index.php?rest_route=\/wp\/v2\/pages\/787"}],"collection":[{"href":"https:\/\/www.skelpie.eu\/index.php?rest_route=\/wp\/v2\/pages"}],"about":[{"href":"https:\/\/www.skelpie.eu\/index.php?rest_route=\/wp\/v2\/types\/page"}],"author":[{"embeddable":true,"href":"https:\/\/www.skelpie.eu\/index.php?rest_route=\/wp\/v2\/users\/1"}],"replies":[{"embeddable":true,"href":"https:\/\/www.skelpie.eu\/index.php?rest_route=%2Fwp%2Fv2%2Fcomments&post=787"}],"version-history":[{"count":1,"href":"https:\/\/www.skelpie.eu\/index.php?rest_route=\/wp\/v2\/pages\/787\/revisions"}],"predecessor-version":[{"id":788,"href":"https:\/\/www.skelpie.eu\/index.php?rest_route=\/wp\/v2\/pages\/787\/revisions\/788"}],"wp:attachment":[{"href":"https:\/\/www.skelpie.eu\/index.php?rest_route=%2Fwp%2Fv2%2Fmedia&parent=787"}],"curies":[{"name":"wp","href":"https:\/\/api.w.org\/{rel}","templated":true}]}}