{"id":789,"date":"2015-03-02T19:04:47","date_gmt":"2015-03-02T19:04:47","guid":{"rendered":"http:\/\/www.skelpie.eu\/?page_id=789"},"modified":"2015-03-02T19:05:07","modified_gmt":"2015-03-02T19:05:07","slug":"kolektor-danych-motorola-mc2180","status":"publish","type":"page","link":"https:\/\/www.skelpie.eu\/?page_id=789","title":{"rendered":"Kolektor danych Motorola MC2180"},"content":{"rendered":"<p><a title=\"Kolektor danych Motorola MC2180\" href=\"http:\/\/www.elzab.com.pl\/files\/motorola-mc2100.jpg\" target=\"_blank\" rel=\"lightbox\"><img class=\"aligncenter\" src=\"http:\/\/www.elzab.com.pl\/files\/motorola-mc2100m.jpg\" alt=\"Kolektor danych Motorola MC2180\" border=\"0\" \/><\/a><\/p>\n<div id=\"kolektor_cechy\" style=\"text-align: justify;\">Nowy kolektor danych Motorola serii MC2100 to ciekawa propozycja dla u\u017cytkownika pragn\u0105cego po\u0142\u0105czy\u0107 funkcjonalno\u015b\u0107 i prostot\u0119 obs\u0142ugi. Ergonomiczna obudowa z profilowan\u0105 pokryw\u0105 baterii oraz du\u017ca i czytelna klawiatura zaprojektowane zosta\u0142y do obs\u0142ugi jedn\u0105 r\u0119k\u0105. P\u0142ynn\u0105 i niezawodn\u0105 prac\u0119 zapewnia najszybszy w swojej klasie procesor Marvell PXA 320 624 MHz. Wej\u015bcie na kart\u0119 microSD pozwala rozbudowa\u0107 pami\u0119\u0107 do 32 GB. Norma szczelno\u015bci IP54 gwarantuje bezpieczn\u0105 prac\u0119 w trudnych warunkach magazynowych.<br \/>\nNajwa\u017cniejsze cechy:<\/p>\n<ul>\n<li>Du\u017cy, kolorowy, dotykowy wy\u015bwietlacz TFT-LCD o przek\u0105tnej 2,8\u2019\u2019<\/li>\n<li>\u0141\u0105czno\u015b\u0107 bezprzewodowa Bluetooth oraz WiFi<\/li>\n<li>System operacyjny Microsoft Windows CE 6.0<\/li>\n<li>Laserowy skaner kod\u00f3w kreskowych<\/li>\n<\/ul>\n<p>Zestaw podstawowy: kolektor, kabel USB<\/p>\n<p>&nbsp;<\/p>\n<table border=\"0\" width=\"95%\">\n<tbody>\n<tr>\n<td><b>Czytnik kod\u00f3w kreskowych:<\/b><\/td>\n<td>laserowy (opcjonalnie linear imager, imager 2D)<\/td>\n<\/tr>\n<tr>\n<td><b>Zakres odczytu:<\/b><\/td>\n<td>b.d.<\/td>\n<\/tr>\n<tr>\n<td><b>Procesor:<\/b><\/td>\n<td>Marvell PXA 320 624 MHz<\/td>\n<\/tr>\n<tr>\n<td valign=\"top\"><b>Pami\u0119\u0107 programu:<\/b><\/td>\n<td>256 MB ROM<\/td>\n<\/tr>\n<tr>\n<td valign=\"top\"><b>Pami\u0119\u0107 danych:<\/b><\/td>\n<td>128 MB RAM (karta microSD do 32 GB)<\/td>\n<\/tr>\n<tr>\n<td><b>Wy\u015bwietlacz:<\/b><\/td>\n<td>2,8&#8221;QVGA, dotykowy, kolorowy z pod\u015bwietleniem<\/td>\n<\/tr>\n<tr>\n<td><b>Klawiatura:<\/b><\/td>\n<td>27 klawiszy<\/td>\n<\/tr>\n<tr>\n<td><b>Komunikacja:<\/b><\/td>\n<td>kabel USB, Bluetooth, WiFi<\/td>\n<\/tr>\n<tr>\n<td><b>Waga:<\/b><\/td>\n<td>236g<\/td>\n<\/tr>\n<tr>\n<td><b>Wymiary:<\/b><\/td>\n<td>171,7 x 60,9 x 31,4 mm<\/td>\n<\/tr>\n<tr>\n<td><b>Bezpieczny upadek:<\/b><\/td>\n<td>z 1,2m<\/td>\n<\/tr>\n<tr>\n<td><b>Temperatura pracy:<\/b><\/td>\n<td>od -10\u00b0C do 50\u00b0C<\/td>\n<\/tr>\n<tr>\n<td><b>Dop. wilgotno\u015b\u0107 otoczenia:<\/b><\/td>\n<td>5% &#8211; 95% bez kondensacji<\/td>\n<\/tr>\n<tr>\n<td valign=\"top\"><b>Zasilanie:<\/b><\/td>\n<td>Akumulator Li-Ion 2400 mAh<\/td>\n<\/tr>\n<tr>\n<td valign=\"top\" nowrap=\"nowrap\"><b>Odczytywane kody kreskowe:<\/b><\/td>\n<td>wszystkie standardowe kody kreskowe 1D i 2D (opcja)<\/td>\n<\/tr>\n<tr>\n<td valign=\"top\"><b>Programowanie:<\/b><\/td>\n<td>Motorola Mobility Services Platform (MPS)<\/td>\n<\/tr>\n<tr>\n<td valign=\"top\"><b>Wyposa\u017cenie standardowe:<\/b><\/td>\n<td>terminal, zasilacz, akumulator, kabel zasilaj\u0105co-komunikacyjny, rysik<\/td>\n<\/tr>\n<\/tbody>\n<\/table>\n<p>&nbsp;<\/p>\n<\/div>\n","protected":false},"excerpt":{"rendered":"<p>Nowy kolektor danych Motorola serii MC2100 to ciekawa propozycja dla u\u017cytkownika pragn\u0105cego po\u0142\u0105czy\u0107 funkcjonalno\u015b\u0107 i prostot\u0119 obs\u0142ugi. Ergonomiczna obudowa z profilowan\u0105 pokryw\u0105 baterii oraz du\u017ca i czytelna klawiatura zaprojektowane zosta\u0142y do obs\u0142ugi jedn\u0105 r\u0119k\u0105. P\u0142ynn\u0105 i niezawodn\u0105 prac\u0119 zapewnia najszybszy w swojej klasie procesor Marvell PXA 320 624 MHz. Wej\u015bcie na kart\u0119 microSD pozwala rozbudowa\u0107 &hellip; <a href=\"https:\/\/www.skelpie.eu\/?page_id=789\" class=\"more-link\">Czytaj dalej <span class=\"screen-reader-text\">Kolektor danych Motorola MC2180<\/span> <span class=\"meta-nav\">&rarr;<\/span><\/a><\/p>\n","protected":false},"author":1,"featured_media":0,"parent":0,"menu_order":0,"comment_status":"closed","ping_status":"closed","template":"","meta":[],"_links":{"self":[{"href":"https:\/\/www.skelpie.eu\/index.php?rest_route=\/wp\/v2\/pages\/789"}],"collection":[{"href":"https:\/\/www.skelpie.eu\/index.php?rest_route=\/wp\/v2\/pages"}],"about":[{"href":"https:\/\/www.skelpie.eu\/index.php?rest_route=\/wp\/v2\/types\/page"}],"author":[{"embeddable":true,"href":"https:\/\/www.skelpie.eu\/index.php?rest_route=\/wp\/v2\/users\/1"}],"replies":[{"embeddable":true,"href":"https:\/\/www.skelpie.eu\/index.php?rest_route=%2Fwp%2Fv2%2Fcomments&post=789"}],"version-history":[{"count":2,"href":"https:\/\/www.skelpie.eu\/index.php?rest_route=\/wp\/v2\/pages\/789\/revisions"}],"predecessor-version":[{"id":791,"href":"https:\/\/www.skelpie.eu\/index.php?rest_route=\/wp\/v2\/pages\/789\/revisions\/791"}],"wp:attachment":[{"href":"https:\/\/www.skelpie.eu\/index.php?rest_route=%2Fwp%2Fv2%2Fmedia&parent=789"}],"curies":[{"name":"wp","href":"https:\/\/api.w.org\/{rel}","templated":true}]}}