{"id":794,"date":"2015-03-02T19:07:27","date_gmt":"2015-03-02T19:07:27","guid":{"rendered":"http:\/\/www.skelpie.eu\/?page_id=794"},"modified":"2015-03-02T19:07:27","modified_gmt":"2015-03-02T19:07:27","slug":"kolektor-danych-unitech-ht-680","status":"publish","type":"page","link":"https:\/\/www.skelpie.eu\/?page_id=794","title":{"rendered":"Kolektor danych UNITECH HT 680"},"content":{"rendered":"<p><a title=\"Kolektor UNITECH HT 680\" href=\"http:\/\/www.elzab.com.pl\/files\/kolektor_ht680.jpg\" target=\"_blank\" rel=\"lightbox\"><img class=\"aligncenter\" src=\"http:\/\/www.elzab.com.pl\/files\/kolektor_ht680m.jpg\" alt=\"Kolektor UNITECH HT 680\" border=\"0\" \/><\/a><\/p>\n<div id=\"kolektor_cechy\" style=\"text-align: justify;\">HT680 to terminal zaprojektowany do pracy w trudnych warunkach. Odporno\u015b\u0107 na upadki z wysoko\u015bci 1,8m oraz norma szczelno\u015bci IP54 pozwalaj\u0105 na stosowanie go w halach magazynowych i produkcyjnych, czy warunkach transportu.Dost\u0119pne s\u0105 modele ze skanerem kod\u00f3w 1D (laserowy) lub 2D (Imager). Mo\u017cliwo\u015b\u0107 komunikacji bezprzewodowej oraz 12 godzinny czas pracy na jednej baterii sprawiaj\u0105, \u017ce mo\u017ce by\u0107 idealnym narz\u0119dziem dla aplikacji mobilnych.<br \/>\nNajwa\u017cniejsze cechy:<\/p>\n<ul>\n<li>system operacyjny Windows Mobile 5.0 Professional Plus<\/li>\n<li>wy\u015bwietlacz 2,8 cala<\/li>\n<li>komunikacja bezprzewodowa BT, WiFi, EDGE-GPRS<\/li>\n<li>komunikacja USB<\/li>\n<li>norma szczelno\u015bci IP54<\/li>\n<li>k\u0105t skanowania 30\u00b0<\/li>\n<\/ul>\n<p>&nbsp;<\/p>\n<table border=\"0\" width=\"95%\">\n<tbody>\n<tr>\n<td><b>Czytnik kod\u00f3w kreskowych:<\/b><\/td>\n<td>laserowy (opcjonalnie imager 2D)<\/td>\n<\/tr>\n<tr>\n<td><b>Zakres odczytu:<\/b><\/td>\n<td>b.d.<\/td>\n<\/tr>\n<tr>\n<td><b>Procesor:<\/b><\/td>\n<td>520MHz Marvell PXA270<\/td>\n<\/tr>\n<tr>\n<td valign=\"top\"><b>Pami\u0119\u0107 programu:<\/b><\/td>\n<td>Flash ROM 512 MB<\/td>\n<\/tr>\n<tr>\n<td valign=\"top\"><b>Pami\u0119\u0107 danych:<\/b><\/td>\n<td>128 MB SDRAM<\/td>\n<\/tr>\n<tr>\n<td><b>Wy\u015bwietlacz:<\/b><\/td>\n<td>2,8&#8221;QVGA, dotykowy, kolorowy z pod\u015bwietleniem<\/td>\n<\/tr>\n<tr>\n<td><b>Klawiatura:<\/b><\/td>\n<td>22 klawisze<\/td>\n<\/tr>\n<tr>\n<td><b>Komunikacja:<\/b><\/td>\n<td>kabel USB, Bluetooth, WiFi, eGPRS<\/td>\n<\/tr>\n<tr>\n<td><b>Waga:<\/b><\/td>\n<td>320g<\/td>\n<\/tr>\n<tr>\n<td><b>Wymiary:<\/b><\/td>\n<td>170 x 55 x 30mm<\/td>\n<\/tr>\n<tr>\n<td><b>Bezpieczny upadek:<\/b><\/td>\n<td>z 1,8m<\/td>\n<\/tr>\n<tr>\n<td><b>Temperatura pracy:<\/b><\/td>\n<td>od -10\u00b0C do 50\u00b0C<\/td>\n<\/tr>\n<tr>\n<td><b>Dop. wilgotno\u015b\u0107 otoczenia:<\/b><\/td>\n<td>5% &#8211; 95% bez kondensacji<\/td>\n<\/tr>\n<tr>\n<td valign=\"top\"><b>Zasilanie:<\/b><\/td>\n<td>Akumulator Li-Ion 3,7V 2200 mAh<\/td>\n<\/tr>\n<tr>\n<td valign=\"top\" nowrap=\"nowrap\"><b>Odczytywane kody kreskowe:<\/b><\/td>\n<td>wszystkie standardowe kody kreskowe 1D i 2D (opcja)<\/td>\n<\/tr>\n<tr>\n<td valign=\"top\"><b>Programowanie:<\/b><\/td>\n<td>UNITECH HT680SDK, Microsoft Visual Studio 2005<\/td>\n<\/tr>\n<tr>\n<td valign=\"top\"><b>Wyposa\u017cenie standardowe:<\/b><\/td>\n<td>terminal, zasilacz, akumulator Li-Io, kabel zasilaj\u0105co komunikacyjny, rysik<\/td>\n<\/tr>\n<\/tbody>\n<\/table>\n<p>&nbsp;<\/p>\n<\/div>\n","protected":false},"excerpt":{"rendered":"<p>HT680 to terminal zaprojektowany do pracy w trudnych warunkach. Odporno\u015b\u0107 na upadki z wysoko\u015bci 1,8m oraz norma szczelno\u015bci IP54 pozwalaj\u0105 na stosowanie go w halach magazynowych i produkcyjnych, czy warunkach transportu.Dost\u0119pne s\u0105 modele ze skanerem kod\u00f3w 1D (laserowy) lub 2D (Imager). Mo\u017cliwo\u015b\u0107 komunikacji bezprzewodowej oraz 12 godzinny czas pracy na jednej baterii sprawiaj\u0105, \u017ce mo\u017ce &hellip; <a href=\"https:\/\/www.skelpie.eu\/?page_id=794\" class=\"more-link\">Czytaj dalej <span class=\"screen-reader-text\">Kolektor danych UNITECH HT 680<\/span> <span class=\"meta-nav\">&rarr;<\/span><\/a><\/p>\n","protected":false},"author":1,"featured_media":0,"parent":0,"menu_order":0,"comment_status":"closed","ping_status":"closed","template":"","meta":[],"_links":{"self":[{"href":"https:\/\/www.skelpie.eu\/index.php?rest_route=\/wp\/v2\/pages\/794"}],"collection":[{"href":"https:\/\/www.skelpie.eu\/index.php?rest_route=\/wp\/v2\/pages"}],"about":[{"href":"https:\/\/www.skelpie.eu\/index.php?rest_route=\/wp\/v2\/types\/page"}],"author":[{"embeddable":true,"href":"https:\/\/www.skelpie.eu\/index.php?rest_route=\/wp\/v2\/users\/1"}],"replies":[{"embeddable":true,"href":"https:\/\/www.skelpie.eu\/index.php?rest_route=%2Fwp%2Fv2%2Fcomments&post=794"}],"version-history":[{"count":1,"href":"https:\/\/www.skelpie.eu\/index.php?rest_route=\/wp\/v2\/pages\/794\/revisions"}],"predecessor-version":[{"id":795,"href":"https:\/\/www.skelpie.eu\/index.php?rest_route=\/wp\/v2\/pages\/794\/revisions\/795"}],"wp:attachment":[{"href":"https:\/\/www.skelpie.eu\/index.php?rest_route=%2Fwp%2Fv2%2Fmedia&parent=794"}],"curies":[{"name":"wp","href":"https:\/\/api.w.org\/{rel}","templated":true}]}}