{"id":796,"date":"2015-03-02T19:08:05","date_gmt":"2015-03-02T19:08:05","guid":{"rendered":"http:\/\/www.skelpie.eu\/?page_id=796"},"modified":"2015-03-02T19:08:05","modified_gmt":"2015-03-02T19:08:05","slug":"kolektor-danych-dolphin-6000","status":"publish","type":"page","link":"https:\/\/www.skelpie.eu\/?page_id=796","title":{"rendered":"Kolektor danych Dolphin 6000"},"content":{"rendered":"<p><a title=\"Kolektor danych Dolphin 6000\" href=\"http:\/\/www.elzab.com.pl\/files\/dolphin6000.jpg\" target=\"_blank\" rel=\"lightbox\"><img class=\"aligncenter\" src=\"http:\/\/www.elzab.com.pl\/files\/dolphin6000m.jpg\" alt=\"Kolektor danych Dolphin 6000\" border=\"0\" \/><\/a><\/p>\n<div id=\"kolektor_cechy\" style=\"text-align: justify;\">DOLPHIN 6000 to najnowszej generacji terminal pe\u0142ni\u0105cy funkcje kolektora danych, telefonu, laptopa oraz odbiornika GPS. Ta niespotykana dot\u0105d w innych urz\u0105dzeniach funkcjonalno\u015b\u0107 predestynuje go do zastosowa\u0144 w terenie. Pracownik mobilny mo\u017ce komunikowa\u0107 si\u0119 na bie\u017c\u0105co z firm\u0105, mie\u0107 szybki dost\u0119p do danych firmy, co w po\u0142\u0105czeniu z mo\u017cliwo\u015bci\u0105 gromadzenia danych zewn\u0119trznych pozwala na szybkie i w\u0142a\u015bciwie podejmowanie decyzji u klienta. Gabaryty telefonu kom\u00f3rkowego czyni\u0105 go wygodnym, a specjalna py\u0142oodporna konstrukcja bezawaryjnym urz\u0105dzeniem do pracy w ka\u017cdych warunkach.<br \/>\nNajwa\u017cniejsze cechy:<\/p>\n<ul>\n<li>system operacyjny Windows Mobile 6,5 Professional<\/li>\n<li>wy\u015bwietlacz 2,8 cala<\/li>\n<li>komunikacja bezprzewodowa BT, GPS (AGPS), WiFi, GSM\/GPRS\/EDGE<\/li>\n<li>komunikacja USB<\/li>\n<li>aparat foto: 3 mega pixel\/auto focus\/flash LED<\/li>\n<li>norma szczelno\u015bci IP54<\/li>\n<li>niewielkie rozmiary i waga<\/li>\n<\/ul>\n<p>&nbsp;<\/p>\n<table border=\"0\" width=\"95%\">\n<tbody>\n<tr>\n<td><b>Czytnik kod\u00f3w kreskowych:<\/b><\/td>\n<td>laserowy<\/td>\n<\/tr>\n<tr>\n<td><b>Zakres odczytu:<\/b><\/td>\n<td>b.d.<\/td>\n<\/tr>\n<tr>\n<td><b>Procesor:<\/b><\/td>\n<td>416MHz MTKz<\/td>\n<\/tr>\n<tr>\n<td valign=\"top\"><b>Pami\u0119\u0107 programu:<\/b><\/td>\n<td>256 MB RAM<\/td>\n<\/tr>\n<tr>\n<td valign=\"top\"><b>Pami\u0119\u0107 danych:<\/b><\/td>\n<td>512 MB FLASH<\/td>\n<\/tr>\n<tr>\n<td><b>Wy\u015bwietlacz:<\/b><\/td>\n<td>dotykowy, kolorowy 2,8&#8243;<\/td>\n<\/tr>\n<tr>\n<td><b>Klawiatura:<\/b><\/td>\n<td>29 klawiszy<\/td>\n<\/tr>\n<tr>\n<td><b>Komunikacja:<\/b><\/td>\n<td>kabel USB, Bluetooth, WiFi, GPS, GSM\/GPRS\/EDGE<\/td>\n<\/tr>\n<tr>\n<td><b>Waga:<\/b><\/td>\n<td>200g<\/td>\n<\/tr>\n<tr>\n<td><b>Wymiary:<\/b><\/td>\n<td>134x65x18,5mm<\/td>\n<\/tr>\n<tr>\n<td><b>Bezpieczny upadek:<\/b><\/td>\n<td>z 1,2m<\/td>\n<\/tr>\n<tr>\n<td><b>Temperatura pracy:<\/b><\/td>\n<td>od -10\u00b0C do 50\u00b0C<\/td>\n<\/tr>\n<tr>\n<td><b>Dop. wilgotno\u015b\u0107 otoczenia:<\/b><\/td>\n<td>5% &#8211; 95% bez kondensacji<\/td>\n<\/tr>\n<tr>\n<td valign=\"top\"><b>Zasilanie:<\/b><\/td>\n<td>akumulator Li-Ion, 5,7 Wh<\/td>\n<\/tr>\n<tr>\n<td valign=\"top\" nowrap=\"nowrap\"><b>Odczytywane kody kreskowe:<\/b><\/td>\n<td>wszystkie standardowe kody kreskowe 1D<\/td>\n<\/tr>\n<tr>\n<td valign=\"top\"><b>Programowanie:<\/b><\/td>\n<td>SDK dla Windows Mobile 6,5 i Visual Studio<\/td>\n<\/tr>\n<tr>\n<td valign=\"top\"><b>Wyposa\u017cenie standardowe:<\/b><\/td>\n<td>terminal, akumulator Li-Io, zasilacz 5V@3A ~230V, rysik<\/td>\n<\/tr>\n<\/tbody>\n<\/table>\n<\/div>\n","protected":false},"excerpt":{"rendered":"<p>DOLPHIN 6000 to najnowszej generacji terminal pe\u0142ni\u0105cy funkcje kolektora danych, telefonu, laptopa oraz odbiornika GPS. Ta niespotykana dot\u0105d w innych urz\u0105dzeniach funkcjonalno\u015b\u0107 predestynuje go do zastosowa\u0144 w terenie. Pracownik mobilny mo\u017ce komunikowa\u0107 si\u0119 na bie\u017c\u0105co z firm\u0105, mie\u0107 szybki dost\u0119p do danych firmy, co w po\u0142\u0105czeniu z mo\u017cliwo\u015bci\u0105 gromadzenia danych zewn\u0119trznych pozwala na szybkie i &hellip; <a href=\"https:\/\/www.skelpie.eu\/?page_id=796\" class=\"more-link\">Czytaj dalej <span class=\"screen-reader-text\">Kolektor danych Dolphin 6000<\/span> <span class=\"meta-nav\">&rarr;<\/span><\/a><\/p>\n","protected":false},"author":1,"featured_media":0,"parent":0,"menu_order":0,"comment_status":"closed","ping_status":"closed","template":"","meta":[],"_links":{"self":[{"href":"https:\/\/www.skelpie.eu\/index.php?rest_route=\/wp\/v2\/pages\/796"}],"collection":[{"href":"https:\/\/www.skelpie.eu\/index.php?rest_route=\/wp\/v2\/pages"}],"about":[{"href":"https:\/\/www.skelpie.eu\/index.php?rest_route=\/wp\/v2\/types\/page"}],"author":[{"embeddable":true,"href":"https:\/\/www.skelpie.eu\/index.php?rest_route=\/wp\/v2\/users\/1"}],"replies":[{"embeddable":true,"href":"https:\/\/www.skelpie.eu\/index.php?rest_route=%2Fwp%2Fv2%2Fcomments&post=796"}],"version-history":[{"count":1,"href":"https:\/\/www.skelpie.eu\/index.php?rest_route=\/wp\/v2\/pages\/796\/revisions"}],"predecessor-version":[{"id":797,"href":"https:\/\/www.skelpie.eu\/index.php?rest_route=\/wp\/v2\/pages\/796\/revisions\/797"}],"wp:attachment":[{"href":"https:\/\/www.skelpie.eu\/index.php?rest_route=%2Fwp%2Fv2%2Fmedia&parent=796"}],"curies":[{"name":"wp","href":"https:\/\/api.w.org\/{rel}","templated":true}]}}