{"id":810,"date":"2015-03-02T19:14:20","date_gmt":"2015-03-02T19:14:20","guid":{"rendered":"http:\/\/www.skelpie.eu\/?page_id=810"},"modified":"2015-03-02T19:14:20","modified_gmt":"2015-03-02T19:14:20","slug":"drukarka-etykiet-zebra-lp-2824-plus","status":"publish","type":"page","link":"https:\/\/www.skelpie.eu\/?page_id=810","title":{"rendered":"Drukarka etykiet Zebra LP 2824 Plus"},"content":{"rendered":"<p><a title=\"Drukarka etykiet LP2824 Plus\" href=\"http:\/\/www.elzab.com.pl\/files\/lp2824plus_d.jpg\" target=\"_blank\" rel=\"lightbox\"><img class=\"aligncenter\" src=\"http:\/\/www.elzab.com.pl\/files\/lp2824plus_m.jpg\" alt=\"Kliknij, aby powi\u0119kszy\u0107\" align=\"middle\" border=\"0\" \/><\/a><\/p>\n<div id=\"drukarka_cechy\" style=\"text-align: justify;\">Nowa seria dwucalowych drukarek termicznych Zebra LP2824 Plus\u2122 to ulepszona wersja serii LP2824.<br \/>\nTe niewielkich rozmiar\u00f3w drukarki przeznaczone s\u0105 do zastosowa\u0144 w sytuacjach, gdy dysponujemy niewielk\u0105 ilo\u015bci\u0105 miejsca, a etykiety, kt\u00f3re drukujemy przeznaczone s\u0105 do oznakowywania tzw. towar\u00f3w szybko rotuj\u0105cych.<br \/>\nSprawdzaj\u0105 si\u0119 przede wszystkim w handlu detalicznym: punktach kasowych, aptekach oraz jako wyposa\u017cenie biura.<br \/>\nWyst\u0119puj\u0105 z interfejsem szeregowym RS232 (w tej wersji wyposa\u017cone r\u00f3wnie\u017c w interfejs USB) lub r\u00f3wnoleg\u0142ym (Centronics).<br \/>\nDrukuj\u0105 wszystkie popularne typy kod\u00f3w kreskowych, teksty oraz grafik\u0119.<br \/>\nS\u0105 wygodne i proste w obs\u0142udze.Najwa\u017cniejsze cechy:<\/p>\n<ul>\n<li>maksymalna szeroko\u015b\u0107 wydruku 56 mm,<\/li>\n<li>32-bitowy procesor RISC,<\/li>\n<li>j\u0119zyki programowania EPL i ZPL,<\/li>\n<li>u\u0142atwiaj\u0105ce instalacj\u0119 oprogramowanie Zebra Setup Utilities,<\/li>\n<li>opcje u\u0142atwiaj\u0105ce dostosowanie si\u0119 do wymaga\u0144 klienta (dodatkowa pami\u0119\u0107, Ethernet 10\/100, dyspenser etykiet).<\/li>\n<\/ul>\n<p>&nbsp;<\/p>\n<table border=\"0\" width=\"95%\" cellspacing=\"0\" cellpadding=\"0\">\n<tbody>\n<tr>\n<td width=\"230\"><b>Rodzaj druku:<\/b><\/td>\n<td>termiczny<\/td>\n<\/tr>\n<tr>\n<td><b>Rozdzielczo\u015b\u0107:<\/b><\/td>\n<td>203 dpi<\/td>\n<\/tr>\n<tr>\n<td><b>Pr\u0119dko\u015b\u0107 druku:<\/b><\/td>\n<td>do 102 mm\/s<\/td>\n<\/tr>\n<tr>\n<td><b>Max. szeroko\u015b\u0107 druku:<\/b><\/td>\n<td>56 mm<\/td>\n<\/tr>\n<tr>\n<td><b>Max. d\u0142ugo\u015b\u0107 druku:<\/b><\/td>\n<td>990 mm<\/td>\n<\/tr>\n<tr>\n<td><b>Max. \u015br. zew. rolki z etykietami:<\/b><\/td>\n<td>127 mm<\/td>\n<\/tr>\n<tr>\n<td><b>Waga:<\/b><\/td>\n<td>1,2 kg<\/td>\n<\/tr>\n<tr>\n<td><b>Wymiary (szer. x g\u0142. x wys.):<\/b><\/td>\n<td>111x216x171 mm<\/td>\n<\/tr>\n<tr>\n<td><b>Rodzaj obudowy:<\/b><\/td>\n<td>plastikowa<\/td>\n<\/tr>\n<tr>\n<td><b>Temperatura pracy:<\/b><\/td>\n<td>5-41\u00ba C<\/td>\n<\/tr>\n<tr>\n<td><b>Pami\u0119\u0107:<\/b><\/td>\n<td>8 MB SRAM, 4 MB Flash<\/td>\n<\/tr>\n<tr>\n<td><b>Interfejs:<\/b><\/td>\n<td>RS232\/ USB lub Centronics Ethernet\/USB (opcja)<\/td>\n<\/tr>\n<tr>\n<td><b>Zasilacz:<\/b><\/td>\n<td>100-240 V AC, 50-60 Hz<\/td>\n<\/tr>\n<tr>\n<td><b>J\u0119zyk programowania:<\/b><\/td>\n<td>EPL, ZPL<\/td>\n<\/tr>\n<tr>\n<td valign=\"top\"><b>Drukowane kody kreskowe:<\/b><\/td>\n<td class=\"tekstmaly\"><b>LINIOWE<\/b> Code 39, Code 128, UCC\/EAN 128, Code 93, Codabar, Interleaved 2 of 5, UPC A, UPC E, UPC A i UPC E z rozsz. 2 lub 5 cyfr, EAN 13, EAN 8, EAN 13 i EAN 8 z rozsz. 2 lub 5 cyfr, POSTNET, PLESSEY, GERMAN POST CODE, RSS-14, MSI-3,<br \/>\n<b>DWUWYMIAROWE<\/b> MaxiCode, PDF417, MacroPDF417, QR Code, Data Matrix<\/td>\n<\/tr>\n<tr>\n<td><b>Oprogramowanie:<\/b><\/td>\n<td>Zebra Setup Utilities<\/td>\n<\/tr>\n<\/tbody>\n<\/table>\n<\/div>\n","protected":false},"excerpt":{"rendered":"<p>Nowa seria dwucalowych drukarek termicznych Zebra LP2824 Plus\u2122 to ulepszona wersja serii LP2824. Te niewielkich rozmiar\u00f3w drukarki przeznaczone s\u0105 do zastosowa\u0144 w sytuacjach, gdy dysponujemy niewielk\u0105 ilo\u015bci\u0105 miejsca, a etykiety, kt\u00f3re drukujemy przeznaczone s\u0105 do oznakowywania tzw. towar\u00f3w szybko rotuj\u0105cych. Sprawdzaj\u0105 si\u0119 przede wszystkim w handlu detalicznym: punktach kasowych, aptekach oraz jako wyposa\u017cenie biura. Wyst\u0119puj\u0105 &hellip; <a href=\"https:\/\/www.skelpie.eu\/?page_id=810\" class=\"more-link\">Czytaj dalej <span class=\"screen-reader-text\">Drukarka etykiet Zebra LP 2824 Plus<\/span> <span class=\"meta-nav\">&rarr;<\/span><\/a><\/p>\n","protected":false},"author":1,"featured_media":0,"parent":0,"menu_order":0,"comment_status":"closed","ping_status":"closed","template":"","meta":[],"_links":{"self":[{"href":"https:\/\/www.skelpie.eu\/index.php?rest_route=\/wp\/v2\/pages\/810"}],"collection":[{"href":"https:\/\/www.skelpie.eu\/index.php?rest_route=\/wp\/v2\/pages"}],"about":[{"href":"https:\/\/www.skelpie.eu\/index.php?rest_route=\/wp\/v2\/types\/page"}],"author":[{"embeddable":true,"href":"https:\/\/www.skelpie.eu\/index.php?rest_route=\/wp\/v2\/users\/1"}],"replies":[{"embeddable":true,"href":"https:\/\/www.skelpie.eu\/index.php?rest_route=%2Fwp%2Fv2%2Fcomments&post=810"}],"version-history":[{"count":1,"href":"https:\/\/www.skelpie.eu\/index.php?rest_route=\/wp\/v2\/pages\/810\/revisions"}],"predecessor-version":[{"id":811,"href":"https:\/\/www.skelpie.eu\/index.php?rest_route=\/wp\/v2\/pages\/810\/revisions\/811"}],"wp:attachment":[{"href":"https:\/\/www.skelpie.eu\/index.php?rest_route=%2Fwp%2Fv2%2Fmedia&parent=810"}],"curies":[{"name":"wp","href":"https:\/\/api.w.org\/{rel}","templated":true}]}}