{"id":820,"date":"2015-03-02T19:18:43","date_gmt":"2015-03-02T19:18:43","guid":{"rendered":"http:\/\/www.skelpie.eu\/?page_id=820"},"modified":"2015-03-02T19:20:56","modified_gmt":"2015-03-02T19:20:56","slug":"bezprzewodowa-centrala-alarmowa-elmes","status":"publish","type":"page","link":"https:\/\/www.skelpie.eu\/?page_id=820","title":{"rendered":"Elmes &#8211; bezprzewodowy system alarmowy dla ma\u0142ego obiektu"},"content":{"rendered":"<div class=\"product_number\" style=\"text-align: justify;\"><\/div>\n<div class=\"product_number\" style=\"text-align: justify;\"><img loading=\"lazy\" class=\"aligncenter\" src=\"http:\/\/elmes.pl\/photos\/galeria\/Centrala%20alarmowa%20CB32N%20-%20niebieski%20wy%C5%9Bwietlacz_php7hZxDD.jpg\" alt=\"\" width=\"950\" height=\"1248\" \/><\/div>\n<div class=\"product_number\" style=\"text-align: justify;\">Niezwykle ma\u0142a i kompaktowa, w pe\u0142ni programowalna cyfrowa centrala alarmowa przeznaczona jest do stosowania w bezprzewodowych systemach alarmowych sygnalizacji w\u0142amania i napadu oraz kontroli dost\u0119pu w domach, mieszkaniach, biurach, etc. Obs\u0142uguje do 16 u\u017cytkownik\u00f3w i do 32 bezprzewodowych detektor\u00f3w Elmes. Ma dwa wej\u015bcia parametryczne do pod\u0142\u0105czenia dowolnych detektor\u00f3w przewodowych. Dopuszcza dwa tryby uzbrojenia cz\u0119\u015bciowego. Posiada wbudowany sygnalizator akustyczny i trzy programowalne wyj\u015bcia przeznaczone do \u0142\u0105czenia zewn\u0119trznych sygnalizator\u00f3w, dialera telefonicznego, itp. Pod\u015bwietlany panel LCD oraz klawiatura zapewniaj\u0105 wygodn\u0105 obs\u0142ug\u0119 i programowanie. Centrala posiada zegar czasu rzeczywistego i rejestruje 256 ostatnich zdarze\u0144. Wewn\u0119trzne akumulatory zapewniaj\u0105 prac\u0119 w trybie awaryjnym, po zaniku zasilania sieciowego.<\/div>\n<div class=\"product_description\" style=\"text-align: justify;\">\n<p>Centrala umo\u017cliwia tak\u017ce monitoring i powiadomienie o alarmie poprzez modu\u0142 Elmes GSM1 albo telefon GSM.<br \/>\nUrz\u0105dzenia te \u0142\u0105czy si\u0119 z central\u0105 za pomoc\u0105 odpowiedniego kabla. Kabel do \u0142aczenia modu\u0142u GSM1 znajduje si\u0119 w komplecie z modu\u0142em. Kabel do pod\u0142\u0105czenia niekt\u00f3rych typ\u00f3w starszych telefon\u00f3w GSM z central\u0105 CB32 zamawia si\u0119 oddzielnie. Oferowane s\u0105 dwa typy kabli, do starszych modeli telefon\u00f3w Siemens i Sony-Ericsson. Schemat tych kabli\u00a0 dost\u0119pny jest tutaj: <a title=\"Schemat interfejsu\" href=\"http:\/\/elmes.pl\/img_upload\/kb2_450.jpg\" rel=\"lightbox\">Schemat interfejsu<\/a><a title=\"Schemat interfejsu\" href=\"http:\/\/elmes.pl\/img_upload\/kb2_450.jpg\" rel=\"lightbox\"><br \/>\n<\/a><br \/>\nCentrala CB32 wsp\u00f3\u0142pracuje z telefonami wymienionymi w poni\u017cszej tabeli, aczkolwiek Elmes Elektronik nie gwarantuje poprawnej pracy takiego zestawu i zaleca stosowanie modu\u0142u Elmes GSM1.<\/p>\n<table class=\"standard_table\" border=\"0\" cellspacing=\"1\" cellpadding=\"5\">\n<tbody>\n<tr>\n<th colspan=\"4\">Lista wsp\u00f3\u0142pracuj\u0105cych telefon\u00f3w<\/th>\n<\/tr>\n<tr>\n<td>\u00a0Producent<\/td>\n<td>wersja firmware CB32 &lt; 4.00<\/td>\n<td>wersja firmware CB32 &gt;= 4.00<\/td>\n<td>symbol kabla<\/td>\n<\/tr>\n<tr>\n<td><strong>Siemens<\/strong><\/td>\n<td>C60, C65, CX65<\/td>\n<td>C65<\/td>\n<td>KB2-C60<\/td>\n<\/tr>\n<tr>\n<td><strong>Sony-Ericsson<\/strong><\/td>\n<td>T68, T230, T630, K300i, K700, K700i<\/td>\n<td>T68, K300i, K700i, K508i<\/td>\n<td>KB2-T68<\/td>\n<\/tr>\n<\/tbody>\n<\/table>\n<p><em>Uwaga. Centrala z firmware &gt;= 4.00 nie wsp\u00f3\u0142pracuje z niekt\u00f3rymi typami telefon\u00f3w, z kt\u00f3rymi wp\u00f3\u0142pracowa\u0142y wersje starsze (&lt;4.00). Dotyczy to np.: T230 i T630.<br \/>\n<\/em><\/p>\n<p><strong><em>Sony Ericsson<\/em><\/strong> is registerred trade mark of Sony Ericsson Communications AB.<br \/>\n<strong><em>Siemens <\/em><\/strong>is registerred trade mark of Siemens AG.<\/p>\n<p>&nbsp;<\/p>\n<p>Pocz\u0105wszy od wersji 3.00 central\u0119 CB32 mozna programowa\u0107 z poziomu komputera PC z zainstalowanym systemem Windows. W tym celu nale\u017cy zainstalowa\u0107 oprogramowanie <a href=\"http:\/\/elmes.pl\/admin\/upload\/pliki\/CB_configurator.zip\"><strong>CB32 config<\/strong><\/a>. Do pod\u0142\u0105czenia centrali z PC-tem s\u0142u\u017cy kabel-interfejs USB-RS, kt\u00f3ry wymaga zainstalowania specjalnych<strong><a href=\"http:\/\/elmes.pl\/admin\/upload\/pliki\/USB%20cable%20drivers.rar\">sterownik\u00f3w.<\/a><\/strong><br \/>\nDost\u0119pne s\u0105 sterowniki pracuj\u0105ce pod kontrol\u0105 systemu Windows 7 &#8211; katalog &#8222;VER 1F Win7&#8221;.<\/p>\n<p>Najnowsze i starsze oprogramowanie centrali CB32 &#8211; tzw. firmware &#8211; <a href=\"http:\/\/elmes.pl\/admin\/upload\/pliki\/CB32_firmware.ZIP\"><strong>mo\u017cna znale\u017a\u0107 tutaj<\/strong><\/a>. Ka\u017cdy plik w tym archiwum zawiera menu w dw\u00f3ch wersjach j\u0119zykowych: angielskiej i innej, zgodnej z naw\u0105 pliku. Np. CB32_3_02_PL zawiera firmware z\u00a0 polskim i angielskim menu w wersji 3.02. Firmware wgrywa si\u0119 do centrali programem &#8222;CB32 config&#8221;.<br \/>\nZanim przyst\u0105pimy do wgrywania nowego firmware, warto zapozna\u0107 si\u0119 ze <a href=\"http:\/\/elmes.pl\/admin\/upload\/pliki\/CB32_zmiany.pdf\"><strong>zmianami w kolejnych wersjach firmware<\/strong>.<\/a><\/p>\n<p>Centrala CB32 oferowana jest w dw\u00f3ch kolorach pod\u015bwietlenia:<br \/>\nzielonym &#8211; o symbolu CB32Z,<br \/>\nniebieskim &#8211; o symbolu CB32N.<\/p>\n<p>&nbsp;<\/p>\n<p>SPECYFIKACJA<\/p>\n<ul>\n<li>obs\u0142uga do 32 bezprzewodowych detektor\u00f3w firmy Elmes jako linii alarmowych,<\/li>\n<li>dwa wej\u015bcia parametryczne dla detektor\u00f3w przewodowych,<\/li>\n<li>identyfikacja 16 u\u017cytkownik\u00f3w (4 z uprawnieniami administratora),<\/li>\n<li>wsp\u00f3\u0142praca z telefonem GSM akceptuj\u0105cym komendy AT: monitoring oraz powiadamianie o alarmie<\/li>\n<li>zasilanie awaryjne dwoma akumulatorkami AA o pojemno\u015bci do 2700mAh ka\u017cdy,<\/li>\n<li>czas pracy awaryjnej na akumulatorach 2700mAh &#8211; do 72 godzin,<\/li>\n<li>nieulotna pami\u0119\u0107 EEPROM 256 zdarze\u0144,<\/li>\n<li>trzy wyj\u015bcia przewodowe o obci\u0105\u017calno\u015bci do 1A, zabezpieczone,<\/li>\n<li>monitoring obecno\u015bci detektor\u00f3w (linii) przez central\u0119,<\/li>\n<li>uzbrajanie i rozbrajanie centrali has\u0142em z klawiatury lub zdalnie z u\u017cyciem pilota,<\/li>\n<li>tryby cz\u0119\u015bciowego uzbrojenia centrali,<\/li>\n<li>alarm napadowy (wezwanie o pomoc) aktywowany pilotem &#8211; funkcja panic,<\/li>\n<li>sygnalizacja akustyczna naruszenia wej\u015bcia w linii typu &#8222;gong&#8221;,<\/li>\n<li>wbudowany sygnalizator akustyczny 92dB (w odleg\u0142o\u015bci 40cm),<\/li>\n<li>wska\u017anik poziomu sygna\u0142u radiowego,<\/li>\n<li>odbiornik superheterodynowy 433,92MHz, czu\u0142o\u015b\u0107 lepsza ni\u017c -104dBm,<\/li>\n<li>zasilanie napi\u0119ciem sta\u0142ym 12V z poborem pr\u0105du do 350mA,<\/li>\n<li>praca wewn\u0105trz pomieszcze\u0144 w zakresie temperatur od 0 do +40\u00baC,<\/li>\n<li>wymiary zewn\u0119trzne bez anteny: 110\/122\/32mm (szer\/wys\/gr).<\/li>\n<\/ul>\n<p>Zestaw zawiera: centralk\u0119 CB32, akumulatory, instrukcj\u0119.<\/p>\n<p>&nbsp;<\/p>\n<p><strong>Poni\u017cej prez\u0119tujemy przyk\u0142adow\u0105 konfiguracj\u0119 bezprzewodowego systemu w oparciu o central\u0119 CB32.<\/strong><\/p>\n<p>&nbsp;<\/p>\n<p><img loading=\"lazy\" src=\"http:\/\/elmes.pl\/photos\/galeria\/Karta%20katalogowa%20CB32%20alarm-1_php39vAEP.jpg\" alt=\"\" width=\"1200\" height=\"1498\" \/><\/p>\n<p>&nbsp;<\/p>\n<p><a class=\"\" href=\"http:\/\/elmes.pl\/files\/Techom%20CB32,%20CTX4H,%20CTX3H%20i%20GBX1%20klasa%20B_phph1Qzzl.pdf\" target=\"_blank\">ATEST Techom &#8211; klasa B.<\/a><\/p>\n<\/div>\n","protected":false},"excerpt":{"rendered":"<p>Niezwykle ma\u0142a i kompaktowa, w pe\u0142ni programowalna cyfrowa centrala alarmowa przeznaczona jest do stosowania w bezprzewodowych systemach alarmowych sygnalizacji w\u0142amania i napadu oraz kontroli dost\u0119pu w domach, mieszkaniach, biurach, etc. Obs\u0142uguje do 16 u\u017cytkownik\u00f3w i do 32 bezprzewodowych detektor\u00f3w Elmes. Ma dwa wej\u015bcia parametryczne do pod\u0142\u0105czenia dowolnych detektor\u00f3w przewodowych. Dopuszcza dwa tryby uzbrojenia cz\u0119\u015bciowego. Posiada &hellip; <a href=\"https:\/\/www.skelpie.eu\/?page_id=820\" class=\"more-link\">Czytaj dalej <span class=\"screen-reader-text\">Elmes &#8211; bezprzewodowy system alarmowy dla ma\u0142ego obiektu<\/span> <span class=\"meta-nav\">&rarr;<\/span><\/a><\/p>\n","protected":false},"author":1,"featured_media":0,"parent":0,"menu_order":0,"comment_status":"closed","ping_status":"closed","template":"","meta":[],"_links":{"self":[{"href":"https:\/\/www.skelpie.eu\/index.php?rest_route=\/wp\/v2\/pages\/820"}],"collection":[{"href":"https:\/\/www.skelpie.eu\/index.php?rest_route=\/wp\/v2\/pages"}],"about":[{"href":"https:\/\/www.skelpie.eu\/index.php?rest_route=\/wp\/v2\/types\/page"}],"author":[{"embeddable":true,"href":"https:\/\/www.skelpie.eu\/index.php?rest_route=\/wp\/v2\/users\/1"}],"replies":[{"embeddable":true,"href":"https:\/\/www.skelpie.eu\/index.php?rest_route=%2Fwp%2Fv2%2Fcomments&post=820"}],"version-history":[{"count":3,"href":"https:\/\/www.skelpie.eu\/index.php?rest_route=\/wp\/v2\/pages\/820\/revisions"}],"predecessor-version":[{"id":824,"href":"https:\/\/www.skelpie.eu\/index.php?rest_route=\/wp\/v2\/pages\/820\/revisions\/824"}],"wp:attachment":[{"href":"https:\/\/www.skelpie.eu\/index.php?rest_route=%2Fwp%2Fv2%2Fmedia&parent=820"}],"curies":[{"name":"wp","href":"https:\/\/api.w.org\/{rel}","templated":true}]}}