{"id":827,"date":"2015-03-02T19:23:46","date_gmt":"2015-03-02T19:23:46","guid":{"rendered":"http:\/\/www.skelpie.eu\/?page_id=827"},"modified":"2015-03-02T19:23:46","modified_gmt":"2015-03-02T19:23:46","slug":"paradox-728-ultra","status":"publish","type":"page","link":"https:\/\/www.skelpie.eu\/?page_id=827","title":{"rendered":"Paradox 728 Ultra"},"content":{"rendered":"<p>&nbsp;<\/p>\n<p>&nbsp;<\/p>\n<p><img src=\"http:\/\/expert-alarmy.pl\/images\/alarmy\/paradox\/klawiatura_paradox.jpg\" alt=\"\" width=\"180\" border=\"0\" \/><br \/>\n<strong>Centrala alarmowa serii Esprit\u00a0kanadyjskiej firmy Paradox:<\/strong><\/p>\n<p>Systemy alarmowe ESPRIT cechuje przejrzysto\u015b\u0107 oraz intuicyjno\u015b\u0107 obs\u0142ugi.<\/p>\n<p>Dzi\u0119ki zamkni\u0119tej architekturze idealnie pasuj\u0105 do niewielkich mieszka\u0144 oraz domk\u00f3w jednorodzinnych<\/p>\n<p>zapewniaj\u0105c ich u\u017cytkownikom maksimum bezpiecze\u0144stwa przy minimalnych nak\u0142adach finansowych.<\/p>\n<p>&nbsp;<\/p>\n<ul>\n<li>4 linie na p\u0142ycie centrali (mo\u017cliwo\u015b\u0107 podwojenia programowego do 8 linii)<\/li>\n<li>2 linie klawiatury<\/li>\n<li>maksymalnie 10 linii w systemie<\/li>\n<li>2 partycje<\/li>\n<li>49 kod\u00f3w u\u017cytkownik\u00f3w<\/li>\n<li>wej\u015bcie dla 2-\u017cy\u0142owej czujki dymu<\/li>\n<li>1 wyj\u015bcie PGM (50mA)<\/li>\n<li>bufor 256 zdarze\u0144<\/li>\n<\/ul>\n","protected":false},"excerpt":{"rendered":"<p>&nbsp; &nbsp; Centrala alarmowa serii Esprit\u00a0kanadyjskiej firmy Paradox: Systemy alarmowe ESPRIT cechuje przejrzysto\u015b\u0107 oraz intuicyjno\u015b\u0107 obs\u0142ugi. Dzi\u0119ki zamkni\u0119tej architekturze idealnie pasuj\u0105 do niewielkich mieszka\u0144 oraz domk\u00f3w jednorodzinnych zapewniaj\u0105c ich u\u017cytkownikom maksimum bezpiecze\u0144stwa przy minimalnych nak\u0142adach finansowych. &nbsp; 4 linie na p\u0142ycie centrali (mo\u017cliwo\u015b\u0107 podwojenia programowego do 8 linii) 2 linie klawiatury maksymalnie 10 linii w &hellip; <a href=\"https:\/\/www.skelpie.eu\/?page_id=827\" class=\"more-link\">Czytaj dalej <span class=\"screen-reader-text\">Paradox 728 Ultra<\/span> <span class=\"meta-nav\">&rarr;<\/span><\/a><\/p>\n","protected":false},"author":1,"featured_media":0,"parent":0,"menu_order":0,"comment_status":"closed","ping_status":"closed","template":"","meta":[],"_links":{"self":[{"href":"https:\/\/www.skelpie.eu\/index.php?rest_route=\/wp\/v2\/pages\/827"}],"collection":[{"href":"https:\/\/www.skelpie.eu\/index.php?rest_route=\/wp\/v2\/pages"}],"about":[{"href":"https:\/\/www.skelpie.eu\/index.php?rest_route=\/wp\/v2\/types\/page"}],"author":[{"embeddable":true,"href":"https:\/\/www.skelpie.eu\/index.php?rest_route=\/wp\/v2\/users\/1"}],"replies":[{"embeddable":true,"href":"https:\/\/www.skelpie.eu\/index.php?rest_route=%2Fwp%2Fv2%2Fcomments&post=827"}],"version-history":[{"count":1,"href":"https:\/\/www.skelpie.eu\/index.php?rest_route=\/wp\/v2\/pages\/827\/revisions"}],"predecessor-version":[{"id":828,"href":"https:\/\/www.skelpie.eu\/index.php?rest_route=\/wp\/v2\/pages\/827\/revisions\/828"}],"wp:attachment":[{"href":"https:\/\/www.skelpie.eu\/index.php?rest_route=%2Fwp%2Fv2%2Fmedia&parent=827"}],"curies":[{"name":"wp","href":"https:\/\/api.w.org\/{rel}","templated":true}]}}