{"id":831,"date":"2015-03-02T19:28:09","date_gmt":"2015-03-02T19:28:09","guid":{"rendered":"http:\/\/www.skelpie.eu\/?page_id=831"},"modified":"2015-03-02T19:28:09","modified_gmt":"2015-03-02T19:28:09","slug":"satel-integra","status":"publish","type":"page","link":"https:\/\/www.skelpie.eu\/?page_id=831","title":{"rendered":"Satel Integra"},"content":{"rendered":"<p style=\"text-align: justify;\">Centrale INTEGRA to nowoczesne i zaawansowane urz\u0105dzenia, pozwalaj\u0105ce zrealizowa\u0107 nie tylko najwy\u017cszej klasy systemy zabezpiecze\u0144, ale tak\u017ce kontrol\u0119 dost\u0119pu i funkcje automatycznego sterowania &#8211; &#8222;inteligentnego budynku&#8221;. Ich konstrukcja wykorzystuje do\u015bwiadczenie zebrane przez firm\u0119 SATEL w trakcie kilkunastu lat projektowania uznanych i niezawodnych elektronicznych urz\u0105dze\u0144 alarmowych.<\/p>\n<h2 class=\"headgray ipe\" style=\"text-align: justify;\">BEZPIECZE\u0143STWO<\/h2>\n<div class=\"dleft\" style=\"text-align: justify;\">\n<h2 class=\"head2 ipel\">Zgodno\u015b\u0107 z\u00a0normami<\/h2>\n<p class=\"p1 ipel\">Gwarancj\u0105 najwy\u017cszego bezpiecze\u0144stwa oferowanego przez centrale INTEGRA s\u0105 liczne certyfikaty wydawane przez niezale\u017cne jednostki specjalizuj\u0105ce si\u0119\u00a0w\u00a0ocenie rozwi\u0105za\u0144 zastosowanych w\u00a0sprz\u0119cie alarmowym. Uzyskane certyfikaty potwierdzaj\u0105 mi\u0119dzy innymi<strong>zgodno\u015b\u0107 sprz\u0119tu z\u00a0restrykcyjnymi wymaganiami zawartymi w\u00a0bran\u017cowych normach europejskich z\u00a0serii EN50131 dla\u00a0urz\u0105dze\u0144 Stopnia 3 (Grade 3) w\u00a0przypadku central serii INTEGRA Plus<\/strong>, oraz Stopnia 2 (Grade 2) dla\u00a0pozosta\u0142ych central INTEGRA.<\/p>\n<\/div>\n<div class=\"dright\" style=\"text-align: justify;\"><img loading=\"lazy\" src=\"http:\/\/www.satel.pl\/img\/desc\/integra-biznes-schemat.jpg\" alt=\"\" width=\"332\" height=\"297\" align=\"left\" \/><\/div>\n<div style=\"text-align: justify;\"><\/div>\n<h2 class=\"head2 ipe\" style=\"text-align: justify;\">Unikalne rozwi\u0105zania techniczne<\/h2>\n<p class=\"p1 ipel\" style=\"text-align: justify;\">Centrale INTEGRA wykorzystuj\u0105 zaawansowane rozwi\u0105zania, zapewniaj\u0105ce najwy\u017cszy poziom zabezpieczenia w\u00a0ka\u017cdej sytuacji: wprowadzanie dw\u00f3ch niezale\u017cnych hase\u0142 celem dost\u0119pu do\u00a0wybranych stref, nadzorowanie obchod\u00f3w wartownika czy definiowanie czasowych okien dost\u0119pu to tylko przyk\u0142ady zastosowanych technologii. Jeszcze bardziej zaawansowane rozwi\u0105zania zosta\u0142y zastosowane w\u00a0konstrukcji central INTEGRA Plus, kt\u00f3re zosta\u0142y wyposa\u017cone mi\u0119dzy innymi w\u00a0dwusekcyjny uk\u0142ad zasilania z\u00a0rozbudowan\u0105 autodiagnostyk\u0105, obs\u0142ug\u0119 sygna\u0142\u00f3w maskowania z\u00a0u\u017cyciem linii tr\u00f3jparametrycznych o\u00a0programowalnej rezystancji EOL czy <strong>port USB do\u00a0\u0142atwego i\u00a0szybkiego programowania centrali<\/strong>. Dzi\u0119ki tym rozwi\u0105zaniom mo\u017cna stworzy\u0107 system spe\u0142niaj\u0105cy surowe zasady bezpiecze\u0144stwa, wymagane w\u00a0obiektach o\u00a0najwi\u0119kszym stopniu ryzyka.<\/p>\n<div style=\"text-align: justify;\"><\/div>\n<div class=\"dleft\" style=\"text-align: justify;\"><img loading=\"lazy\" src=\"http:\/\/www.satel.pl\/img\/desc\/integra-biznes-zarzadzanie.jpg\" alt=\"INTEGRA - Zarz\u0105dzanie i\u00a0doz\u00f3r systemu (GuardX)\" width=\"303\" height=\"211\" \/><\/div>\n<div class=\"dright\">\n<h2 class=\"head2 ipe\" style=\"text-align: justify;\">Zarz\u0105dzanie i\u00a0doz\u00f3r systemu (GuardX)<\/h2>\n<p class=\"p1 ipel\" style=\"text-align: justify;\">Wykorzystuj\u0105c mo\u017cliwo\u015bci oferowane przez dostarczan\u0105 z\u00a0systemem aplikacj\u0119 <a href=\"http:\/\/www.satel.pl\/pl\/product\/344\/\">GUARDX<\/a>, mo\u017cna prowadzi\u0107 zar\u00f3wno lokalny, jak i\u00a0zdalny nadz\u00f3r i\u00a0administrowanie systemem alarmowym. Funkcjonalno\u015b\u0107 ta pozwala nie tylko administrowa\u0107 uprawnieniami u\u017cytkownik\u00f3w systemu, ale r\u00f3wnie\u017c podgl\u0105da\u0107 na\u00a0bie\u017c\u0105co w\u00a0postaci graficznej stan poszczeg\u00f3lnych stref i\u00a0wej\u015b\u0107. Wszystkie funkcje wykorzystane mog\u0105 by\u0107 w\u00a0centrum zarz\u0105dzania bezpiecze\u0144stwem, wspomagaj\u0105c prowadzenie nadzoru przez 24 godziny na\u00a0dob\u0119.<\/p>\n<\/div>\n","protected":false},"excerpt":{"rendered":"<p>Centrale INTEGRA to nowoczesne i zaawansowane urz\u0105dzenia, pozwalaj\u0105ce zrealizowa\u0107 nie tylko najwy\u017cszej klasy systemy zabezpiecze\u0144, ale tak\u017ce kontrol\u0119 dost\u0119pu i funkcje automatycznego sterowania &#8211; &#8222;inteligentnego budynku&#8221;. Ich konstrukcja wykorzystuje do\u015bwiadczenie zebrane przez firm\u0119 SATEL w trakcie kilkunastu lat projektowania uznanych i niezawodnych elektronicznych urz\u0105dze\u0144 alarmowych. BEZPIECZE\u0143STWO Zgodno\u015b\u0107 z\u00a0normami Gwarancj\u0105 najwy\u017cszego bezpiecze\u0144stwa oferowanego przez centrale INTEGRA &hellip; <a href=\"https:\/\/www.skelpie.eu\/?page_id=831\" class=\"more-link\">Czytaj dalej <span class=\"screen-reader-text\">Satel Integra<\/span> <span class=\"meta-nav\">&rarr;<\/span><\/a><\/p>\n","protected":false},"author":1,"featured_media":0,"parent":0,"menu_order":0,"comment_status":"closed","ping_status":"closed","template":"","meta":[],"_links":{"self":[{"href":"https:\/\/www.skelpie.eu\/index.php?rest_route=\/wp\/v2\/pages\/831"}],"collection":[{"href":"https:\/\/www.skelpie.eu\/index.php?rest_route=\/wp\/v2\/pages"}],"about":[{"href":"https:\/\/www.skelpie.eu\/index.php?rest_route=\/wp\/v2\/types\/page"}],"author":[{"embeddable":true,"href":"https:\/\/www.skelpie.eu\/index.php?rest_route=\/wp\/v2\/users\/1"}],"replies":[{"embeddable":true,"href":"https:\/\/www.skelpie.eu\/index.php?rest_route=%2Fwp%2Fv2%2Fcomments&post=831"}],"version-history":[{"count":1,"href":"https:\/\/www.skelpie.eu\/index.php?rest_route=\/wp\/v2\/pages\/831\/revisions"}],"predecessor-version":[{"id":832,"href":"https:\/\/www.skelpie.eu\/index.php?rest_route=\/wp\/v2\/pages\/831\/revisions\/832"}],"wp:attachment":[{"href":"https:\/\/www.skelpie.eu\/index.php?rest_route=%2Fwp%2Fv2%2Fmedia&parent=831"}],"curies":[{"name":"wp","href":"https:\/\/api.w.org\/{rel}","templated":true}]}}