{"id":833,"date":"2015-03-02T19:28:47","date_gmt":"2015-03-02T19:28:47","guid":{"rendered":"http:\/\/www.skelpie.eu\/?page_id=833"},"modified":"2015-03-02T19:28:47","modified_gmt":"2015-03-02T19:28:47","slug":"satel-versa","status":"publish","type":"page","link":"https:\/\/www.skelpie.eu\/?page_id=833","title":{"rendered":"Satel Versa"},"content":{"rendered":"<p class=\"p1 ipel\" style=\"text-align: justify;\">Wszechstronne centrale alarmowe VERSA s\u0105 przeznaczone do\u00a0zabezpieczania mieszka\u0144, dom\u00f3w i\u00a0ma\u0142ych obiekt\u00f3w biurowo-handlowych. Swoj\u0105 wszechstronno\u015b\u0107 zawdzi\u0119czaj\u0105 przede wszystkim szerokiej gamie dost\u0119pnych akcesori\u00f3w, a\u00a0przemy\u015blany interfejs u\u017cytkownika zapewnia \u0142atw\u0105 codzienn\u0105 obs\u0142ug\u0119 systemu.<\/p>\n<p style=\"text-align: justify;\">\n<h2 class=\"head2 ipe\" style=\"text-align: justify;\">Prosta obs\u0142uga<\/h2>\n<p style=\"text-align: justify;\"><img loading=\"lazy\" src=\"http:\/\/www.satel.pl\/img\/desc\/versa-prosta-obsluga.jpg\" alt=\"Prosta obs\u0142uga\" width=\"343\" height=\"203\" align=\"right\" \/><\/p>\n<p class=\"p1 ipel\" style=\"text-align: justify;\">Niezale\u017cnie od\u00a0wybranego sposobu obs\u0142ugi systemu, czy to przy\u00a0u\u017cyciu manipulator\u00f3w LCD\/LED, czytnik\u00f3w kart czy pilot\u00f3w zdalnego sterowania, obs\u0142uga systemu opartego na\u00a0centrali<strong>VERSA<\/strong> jest prosta i\u00a0intuicyjna. Ma to du\u017ce znaczenie, zw\u0142aszcza gdy chcieliby\u015bmy, aby z\u00a0systemu korzysta\u0142y dzieci lub\u00a0osoby starsze.<\/p>\n<p style=\"text-align: justify;\">\n<h2 class=\"head2 ipe\" style=\"text-align: justify;\">Elastyczna rozbudowa \u2013 dostosowanie systemu do\u00a0rosn\u0105cych potrzeb<\/h2>\n<p class=\"p1 ipel\" style=\"text-align: justify;\">System oparty o\u00a0central\u0119 alarmow\u0105 <strong>VERSA<\/strong> mo\u017cna w\u00a0prosty spos\u00f3b rozbudowa\u0107. W\u00a0tym celu skorzysta\u0107 mo\u017cna z\u00a0rozszerze\u0144 zar\u00f3wno przewodowych, jak i\u00a0bezprzewodowych przy\u00a0zachowaniu istniej\u0105cych urz\u0105dze\u0144 (p\u0142yta g\u0142\u00f3wna, manipulatory, czytniki). Centrale <strong>VERSA<\/strong> to idealne rozwi\u0105zanie na\u00a0teraz i\u00a0na\u00a0przysz\u0142o\u015b\u0107.<\/p>\n<p style=\"text-align: justify;\"><img loading=\"lazy\" src=\"http:\/\/www.satel.pl\/img\/desc\/versa-schemat.jpg\" alt=\"VERSA Elastyczna rozbudowa\" width=\"678\" height=\"376\" \/><\/p>\n<div class=\"dleft\" style=\"text-align: justify;\">\n<h2 class=\"head2 ipe\">Pe\u0142ne zabezpieczenie<br \/>\nw ka\u017cdej sytuacji<\/h2>\n<p class=\"p1 ipel\">Centrale <strong>VERSA<\/strong> umo\u017cliwiaj\u0105 korzystanie z\u00a0trzech rodzaj\u00f3w czuwania:<\/p>\n<ul class=\"p1\">\n<li class=\"ipel\"><strong>pe\u0142nego<\/strong>, w\u00a0kt\u00f3rym dozorowane s\u0105 wszystkie wej\u015bcia wybranej strefy<\/li>\n<li class=\"ipel\"><strong>dziennego<\/strong>, w\u00a0kt\u00f3rym czuwaj\u0105 jedynie czujki obwodowe umo\u017cliwiaj\u0105c swobodne poruszanie si\u0119\u00a0wewn\u0105trz chronionego obszaru<\/li>\n<li class=\"ipel\"><strong>nocnego<\/strong>, w\u00a0kt\u00f3rym opr\u00f3cz czujek obwodowych aktywne s\u0105 czujki w\u00a0pomieszczeniach nie wykorzystywanych w\u00a0trakcie snu<\/li>\n<\/ul>\n<\/div>\n<div class=\"dright\" style=\"text-align: justify;\"><img loading=\"lazy\" src=\"http:\/\/www.satel.pl\/img\/desc\/versa-pelne-zabezpieczenie.jpg\" alt=\"Pe\u0142ne zabezpieczenie\" width=\"311\" height=\"207\" \/><\/div>\n<div style=\"text-align: justify;\"><\/div>\n<div class=\"dleft\" style=\"text-align: justify;\">\n<h2 class=\"head2 ipe\">\u0141atwe uruchamianie<br \/>\ni programowanie<\/h2>\n<p class=\"p1 ipel\">Wszystkie centrale z\u00a0serii <a class=\"p_l\" title=\"VERSA\" href=\"http:\/\/www.satel.pl\/pl\/cat\/392\/VERSA\/\">VERSA<\/a> zapewniaj\u0105 bardzo \u0142atwe programowanie i\u00a0uruchomienie. Zawdzi\u0119czaj\u0105 to przemy\u015blanym ustawieniom fabrycznym, jak i\u00a0przejrzystemu menu programowania wy\u015bwietlanemu na\u00a0ekranie LCD. Dodatkowo, centrale VERSA mo\u017cna programowa\u0107 jeszcze \u0142atwiej z\u00a0u\u017cyciem komputera, za\u00a0pomoc\u0105 programu <a href=\"http:\/\/www.satel.pl\/pl\/product\/343\/DLOADX,Program-instalatora-do-programowania-central-INTEGRA-i-VERSA\">DLOADX<\/a>, pracuj\u0105cego w\u00a0systemach Windows.<\/p>\n<\/div>\n<div class=\"dright\" style=\"text-align: justify;\">\n<h2 class=\"head2 ipe\">\nSkuteczne powiadamianie<\/h2>\n<p class=\"p1 ipel\">Jedn\u0105 z\u00a0najwa\u017cniejszych cech systemu alarmowego jest sprawne przekazywanie informacji o\u00a0alarmie. Centrale <a class=\"p_l\" title=\"VERSA\" href=\"http:\/\/www.satel.pl\/pl\/cat\/392\/VERSA\/\">VERSA<\/a> mog\u0105 wykorzysta\u0107 do\u00a0komunikacji nie tylko wbudowany komunikator telefoniczny, ale tak\u017ce modu\u0142y GSM\/GPRS oraz TCP\/IP (Ethernet). Dzi\u0119ki temu mo\u017cna wykorzysta\u0107 ich potencja\u0142 niezale\u017cnie od\u00a0dost\u0119pno\u015bci okre\u015blonych medi\u00f3w komunikacyjnych.<\/p>\n<\/div>\n<div style=\"text-align: justify;\"><\/div>\n<div class=\"dleft\" style=\"text-align: justify;\"><img loading=\"lazy\" src=\"http:\/\/www.satel.pl\/img\/desc\/versa-laptop.jpg\" alt=\"Pe\u0142na unifikacja sprz\u0119tu\" width=\"315\" height=\"258\" align=\"right\" \/><\/div>\n<div class=\"dright\">\n<h2 class=\"head2 ipe\" style=\"text-align: justify;\">Pe\u0142na unifikacja sprz\u0119tu<br \/>\ni oprogramowania<\/h2>\n<p class=\"p1 ipel\" style=\"text-align: justify;\">Centrale <strong>VERSA<\/strong> pracuj\u0105 z\u00a0wykorzystaniem wsp\u00f3lnego oprogramowania. Dzi\u0119ki czemu wystarczy pozna\u0107 jedn\u0105 z\u00a0nich, aby z\u00a0\u0142atwo\u015bci\u0105 skorzysta\u0107 z\u00a0mo\u017cliwo\u015bci oferowanych przez pozosta\u0142e. Podobnie w\u00a0przypadku programowania za\u00a0pomoc\u0105 komputera \u2013 wszystkie centrale <strong>VERSA<\/strong> konfigurowane s\u0105 z\u00a0wykorzystaniem tego samego programu<a href=\"http:\/\/www.satel.pl\/pl\/product\/343\/DLOADX,Program-instalatora-do-programowania-central-INTEGRA-i-VERSA\">DLOADX<\/a>, co w\u00a0istotny spos\u00f3b skraca czas potrzebny na\u00a0ich opanowanie i\u00a0wykorzystanie pe\u0142ni mo\u017cliwo\u015bci przez nie oferowanych.<\/p>\n<\/div>\n","protected":false},"excerpt":{"rendered":"<p>Wszechstronne centrale alarmowe VERSA s\u0105 przeznaczone do\u00a0zabezpieczania mieszka\u0144, dom\u00f3w i\u00a0ma\u0142ych obiekt\u00f3w biurowo-handlowych. Swoj\u0105 wszechstronno\u015b\u0107 zawdzi\u0119czaj\u0105 przede wszystkim szerokiej gamie dost\u0119pnych akcesori\u00f3w, a\u00a0przemy\u015blany interfejs u\u017cytkownika zapewnia \u0142atw\u0105 codzienn\u0105 obs\u0142ug\u0119 systemu. Prosta obs\u0142uga Niezale\u017cnie od\u00a0wybranego sposobu obs\u0142ugi systemu, czy to przy\u00a0u\u017cyciu manipulator\u00f3w LCD\/LED, czytnik\u00f3w kart czy pilot\u00f3w zdalnego sterowania, obs\u0142uga systemu opartego na\u00a0centraliVERSA jest prosta i\u00a0intuicyjna. Ma &hellip; <a href=\"https:\/\/www.skelpie.eu\/?page_id=833\" class=\"more-link\">Czytaj dalej <span class=\"screen-reader-text\">Satel Versa<\/span> <span class=\"meta-nav\">&rarr;<\/span><\/a><\/p>\n","protected":false},"author":1,"featured_media":0,"parent":0,"menu_order":0,"comment_status":"closed","ping_status":"closed","template":"","meta":[],"_links":{"self":[{"href":"https:\/\/www.skelpie.eu\/index.php?rest_route=\/wp\/v2\/pages\/833"}],"collection":[{"href":"https:\/\/www.skelpie.eu\/index.php?rest_route=\/wp\/v2\/pages"}],"about":[{"href":"https:\/\/www.skelpie.eu\/index.php?rest_route=\/wp\/v2\/types\/page"}],"author":[{"embeddable":true,"href":"https:\/\/www.skelpie.eu\/index.php?rest_route=\/wp\/v2\/users\/1"}],"replies":[{"embeddable":true,"href":"https:\/\/www.skelpie.eu\/index.php?rest_route=%2Fwp%2Fv2%2Fcomments&post=833"}],"version-history":[{"count":1,"href":"https:\/\/www.skelpie.eu\/index.php?rest_route=\/wp\/v2\/pages\/833\/revisions"}],"predecessor-version":[{"id":834,"href":"https:\/\/www.skelpie.eu\/index.php?rest_route=\/wp\/v2\/pages\/833\/revisions\/834"}],"wp:attachment":[{"href":"https:\/\/www.skelpie.eu\/index.php?rest_route=%2Fwp%2Fv2%2Fmedia&parent=833"}],"curies":[{"name":"wp","href":"https:\/\/api.w.org\/{rel}","templated":true}]}}