{"id":835,"date":"2015-03-02T19:29:52","date_gmt":"2015-03-02T19:29:52","guid":{"rendered":"http:\/\/www.skelpie.eu\/?page_id=835"},"modified":"2015-03-02T19:31:36","modified_gmt":"2015-03-02T19:31:36","slug":"satel-micra","status":"publish","type":"page","link":"https:\/\/www.skelpie.eu\/?page_id=835","title":{"rendered":"System bezprzewodowy Satel Micra"},"content":{"rendered":"<p class=\"head-logo\" style=\"text-align: justify;\"><img src=\"http:\/\/www.satel.pl\/img\/desc\/micra-logo.jpg\" alt=\"MICRA\" \/><\/p>\n<p style=\"text-align: justify;\"><img loading=\"lazy\" src=\"http:\/\/www.satel.pl\/img\/desc\/micra-zestaw.jpg\" alt=\"System Bezprzewdowy MICRA\" width=\"344\" height=\"231\" align=\"right\" \/><\/p>\n<p class=\"p1 ipel\" style=\"text-align: justify;\">System bezprzewodowy MICRA zaprojektowany zosta\u0142 przede wszystkim z\u00a0my\u015bl\u0105 o\u00a0ochronie ma\u0142ych obiekt\u00f3w. Mo\u017cliwo\u015b\u0107 zastosowania bezprzewodowych czujek ruchu i\u00a0kontaktronowych, zapewnia optymaln\u0105 ochron\u0119 przed\u00a0w\u0142amaniem,<br \/>\na\u00a0bezprzewodowe czujki dymu i\u00a0zalania mog\u0105 zapewni\u0107 dodatkowe bezpiecze\u0144stwo.<br \/>\nObs\u0142uga systemu za\u00a0pomoc\u0105 pilot\u00f3w, bezprzewodowego manipulatora<br \/>\nczy telefonu kom\u00f3rkowego<br \/>\njest prosta i\u00a0intuicyjna.<\/p>\n<div style=\"text-align: justify;\">\n<p class=\"head-micra ipe\"><strong>Prosty i\u00a0szybki monta\u017c, \u0142atwa konfiguracja i\u00a0intuicyjna obs\u0142uga<\/strong><br \/>\nto g\u0142\u00f3wne zalety modu\u0142u MICRA.<\/p>\n<\/div>\n<div class=\"dleft\" style=\"text-align: justify;\">\n<h2 class=\"head-micra ipe\">Wszechstronno\u015b\u0107 zastosowa\u0144<\/h2>\n<p class=\"p1 ipel\">Modu\u0142 alarmowy <strong>MICRA<\/strong> zawdzi\u0119cza swoj\u0105 wszechstronno\u015b\u0107 obs\u0142udze zar\u00f3wno tradycyjnych czujek przewodowych, jak i\u00a0dedykowanych czujek bezprzewodowych. Dzi\u0119ki temu mo\u017cna w\u00a0prosty i\u00a0szybki spos\u00f3b zrealizowa\u0107 podstawowy system alarmowy bez\u00a0konieczno\u015bci uk\u0142adania okablowania. W\u00a0razie potrzeby mo\u017cna go uzupe\u0142ni\u0107 o\u00a0mniej typowe czujki, stosuj\u0105c standardowe urz\u0105dzenia przewodowe. Dodatkowo, wbudowany zasilacz buforowy z\u00a0podtrzymaniem akumulatorowym zapewni nieprzerwan\u0105 ochron\u0119 nawet w\u00a0sytuacji uszkodzenia zasilania 230 V. System <strong>MICRA<\/strong>idealnie sprawdza si\u0119\u00a0do\u00a0ochrony ma\u0142ych obiekt\u00f3w takich jak: <strong>kioski, butiki, domki letniskowe, gara\u017ce czy ma\u0142e warsztaty<\/strong>. Jednak zastosowania MICRY mog\u0105 by\u0107 du\u017co szersze. Dzi\u0119ki zwartej budowie, modu\u0142 zapewnia mobilno\u015b\u0107 instalacji je\u017celi jest to konieczne. Stanowi wi\u0119c idealne rozwi\u0105zanie tymczasowego zabezpieczenia np. <strong>plac\u00f3w budowy<\/strong>.<\/p>\n<\/div>\n<div class=\"dright\" style=\"text-align: justify;\">\n<p><img loading=\"lazy\" src=\"http:\/\/www.satel.pl\/img\/desc\/micra-zastosowania.jpg\" alt=\"MICRA - Wszechstronno\u015b\u0107 zastosowa\u0144\" width=\"334\" height=\"376\" align=\"left\" \/><\/p>\n<\/div>\n<div style=\"text-align: justify;\"><\/div>\n<div class=\"dleft\" style=\"text-align: justify;\"><img src=\"http:\/\/www.satel.pl\/img\/desc\/micra-konfiguracja.jpg\" alt=\"MICRA - \u0141atwo\u015b\u0107 monta\u017cu i\u00a0konfigurowania\" \/><\/div>\n<div class=\"dright\" style=\"text-align: justify;\">\n<h2 class=\"head-micra ipe\">\u0141atwo\u015b\u0107 monta\u017cu i\u00a0konfigurowania<\/h2>\n<p class=\"p1 ipel\">Dzi\u0119ki wykorzystaniu \u0142\u0105czno\u015bci bezprzewodowej, monta\u017c systemu MICRA jest maksymalnie uproszczony.<strong>Kompletny system alarmowy mo\u017cna zainstalowa\u0107 w\u00a0nieca\u0142\u0105 godzin\u0119. <\/strong>Konfigurowanie modu\u0142u MICRA nie wymaga umiej\u0119tno\u015bci programowania z\u0142o\u017conych central alarmowych. Chc\u0105c skonfigurowa\u0107 modu\u0142, wystarczy pod\u0142\u0105czy\u0107 go odpowiednim kablem do\u00a0komputera oraz uruchomi\u0107 przeznaczon\u0105 do\u00a0tego aplikacj\u0119. Oprogramowanie s\u0142u\u017c\u0105ce do tego celu pozwala w\u00a0\u0142atwy i\u00a0szybki spos\u00f3b dopasowa\u0107 dzia\u0142anie modu\u0142u do\u00a0w\u0142asnych potrzeb np. zaprogramowa\u0107 numery telefon\u00f3w, doda\u0107 nowe czujki czy skonfigurowa\u0107 piloty zdalnego sterowania.<\/p>\n<\/div>\n<div style=\"text-align: justify;\"><\/div>\n<div class=\"dleft\" style=\"text-align: justify;\">\n<h2 class=\"head-micra ipe\">Prosta i\u00a0intuicyjna obs\u0142uga<\/h2>\n<p class=\"p1 ipel\">Codzienna obs\u0142uga systemu <strong>MICRA<\/strong> nie mo\u017ce by\u0107 prostsza. Do za\u0142\u0105czania i\u00a0wy\u0142\u0105czania czuwania mo\u017cna u\u017cy\u0107<strong> pilot\u00f3w radiowych<\/strong> \u2013 tak jak w\u00a0przypadku alarmu samochodowego. Dzi\u0119ki temu szkolenie przysz\u0142ych u\u017cytkownik\u00f3w systemu jest kr\u00f3tkie, a\u00a0mo\u017cliwo\u015b\u0107 pope\u0142nienia pomy\u0142ek w\u00a0obs\u0142udze zminimalizowana. Ten sam pilot, kt\u00f3ry pozwala na\u00a0za\u0142\u0105czanie lub wy\u0142\u0105czania czuwania mo\u017ce r\u00f3wnie\u017c s\u0142u\u017cy\u0107 np. do\u00a0przywo\u0142ania pomocy czy zdalnego otwierania bramy.<\/p>\n<p class=\"p1 ipel\">Chc\u0105c mie\u0107 mo\u017cliwo\u015b\u0107 sterowania systemem za\u00a0pomoc\u0105 hase\u0142 (jak w\u00a0przypadku tradycyjnych system\u00f3w alarmowych) system<strong>MICRA<\/strong> mo\u017cna uzupe\u0142ni\u0107 o\u00a0dedykowan\u0105 klawiatur\u0119 bezprzewodow\u0105. Zalety takiego rozwi\u0105zania mo\u017cna doceni\u0107 np. w\u00a0systemach ochrony obiekt\u00f3w technicznych, do\u00a0kt\u00f3rych musz\u0105 mie\u0107 dost\u0119p r\u00f3\u017cne ekipy serwisowe.<\/p>\n<div>\n<p class=\"p1 ipel\">Warto wspomnie\u0107 o\u00a0unikalnej mo\u017cliwo\u015bci<strong>obs\u0142ugi systemu za\u00a0pomoc\u0105 telefonu kom\u00f3rkowego<\/strong>. Wystarczy wys\u0142a\u0107 SMS lub\u00a0zainicjowa\u0107 po\u0142\u0105czenie z\u00a0numerem modu\u0142u MICRA (tzw. &#8222;CLIP&#8221;), aby za\u0142\u0105czy\u0107 lub\u00a0wy\u0142\u0105czy\u0107 czuwanie.<\/p>\n<\/div>\n<\/div>\n<div class=\"dright\" style=\"text-align: justify;\"><img loading=\"lazy\" src=\"http:\/\/www.satel.pl\/img\/desc\/micra-obsluga.jpg\" alt=\"Micra - prosta i\u00a0intuicyjna obs\u0142uga\" width=\"312\" height=\"469\" \/><\/div>\n<div style=\"text-align: justify;\"><\/div>\n<div class=\"dleft\" style=\"text-align: justify;\"><img src=\"http:\/\/www.satel.pl\/img\/desc\/micra-komunikacja.jpg\" alt=\"MICRA - Niezawodna komunikacja\" \/><\/div>\n<div class=\"dright\" style=\"text-align: justify;\">\n<h2 class=\"head-micra ipe\">Niezawodna komunikacja<\/h2>\n<p class=\"p1 ipel\">Modu\u0142 <strong>MICRA<\/strong> wyposa\u017cony jest w\u00a0komunikator GSM\/GPRS, za\u00a0pomoc\u0105 kt\u00f3rego mo\u017ce on nie tylko realizowa\u0107 <strong>powiadamianie SMS<\/strong> o\u00a0zdarzeniach za\u00a0pomoc\u0105 wiadomo\u015bci, ale tak\u017ce przekazywa\u0107 informacje do\u00a0centrum monitoringu firmy zajmuj\u0105cej si\u0119\u00a0ochron\u0105. Mo\u017cliwe jest r\u00f3wnie\u017c <strong>zdalne sterowanie za\u00a0pomoc\u0105 SMS<\/strong>, dzi\u0119ki kt\u00f3remu mo\u017cna nie tylko za\u0142\u0105cza\u0107 i\u00a0wy\u0142\u0105cza\u0107 czuwanie, ale nawet sterowa\u0107 urz\u0105dzeniami pod\u0142\u0105czonymi do\u00a0modu\u0142u, np. \u015bwiat\u0142em w\u00a0ogrodzie czy bram\u0105 wjazdow\u0105. Unikaln\u0105 cech\u0105 modu\u0142u<strong>MICRA<\/strong> jest mo\u017cliwo\u015b\u0107 <strong>akustycznej weryfikacji alarmu<\/strong>, czyli zdalnego pods\u0142uchania przez telefon tego, co dzieje si\u0119\u00a0w\u00a0chronionym obiekcie. Dzi\u0119ki temu istnieje mo\u017cliwo\u015b\u0107 zdalnej oceny przyczyny ewentualnego sygna\u0142u o\u00a0alarmie i\u00a0unikni\u0119cia zb\u0119dnych koszt\u00f3w zwi\u0105zanych z\u00a0niepotrzebn\u0105 interwencj\u0105.<\/p>\n<\/div>\n<div style=\"text-align: justify;\"><\/div>\n<div class=\"dleft\" style=\"text-align: justify;\">\n<h2 class=\"head-micra ipe\">Wej\u015bcia analogowe<\/h2>\n<p class=\"p1 ipel\">Obs\u0142uga wej\u015b\u0107 analogowych otwiera szereg nowych zastosowa\u0144 dla\u00a0modu\u0142u <strong>MICRA<\/strong>. Dzi\u0119ki tej funkcji modu\u0142 ten mo\u017ce z\u00a0powodzeniem<strong>nadzorowa\u0107 prac\u0119 r\u00f3\u017cnych urz\u0105dze\u0144 przemys\u0142owych<\/strong>, zw\u0142aszcza tych umieszczonych w\u00a0oddalonych budynkach technicznych. Modu\u0142 <strong>MICRA<\/strong> mo\u017ce realizowa\u0107<strong>funkcje telemetryczne<\/strong>, okresowo przesy\u0142aj\u0105c informacje o\u00a0warto\u015bciach sygna\u0142\u00f3w napi\u0119ciowych na\u00a0jej wej\u015bciach analogowych. Ponadto, odpowiednio skonfigurowany modu\u0142<strong>MICRA<\/strong> mo\u017ce powiadomi\u0107 o\u00a0przekroczeniu krytycznych warto\u015bci okre\u015blonych parametr\u00f3w proces\u00f3w (np. temperatury, ci\u015bnienia, obrot\u00f3w) reprezentowanych za\u00a0pomoc\u0105 sygna\u0142u napi\u0119ciowego.<\/p>\n<\/div>\n<div class=\"dright\" style=\"text-align: justify;\">\n<p><img loading=\"lazy\" src=\"http:\/\/www.satel.pl\/img\/desc\/micra-wejscia-analog.jpg\" alt=\"\" width=\"299\" height=\"337\" \/><\/p>\n<\/div>\n<div style=\"text-align: justify;\"><\/div>\n<h2 class=\"head-micra ipe\" style=\"text-align: justify;\">Niezawodno\u015b\u0107 i\u00a0bezpiecze\u0144stwo<\/h2>\n<p class=\"p1 ipel\" style=\"text-align: justify;\">Modu\u0142 <strong>MICRA<\/strong>, tak jak inne urz\u0105dzenia firmy <strong>SATEL<\/strong>, charakteryzuje najwy\u017csza jako\u015b\u0107 wykonania i\u00a0przemy\u015blane rozwi\u0105zania techniczne. Oznacza to nie tylko gwarancj\u0119 bezawaryjnej eksploatacji, ale tak\u017ce odpowiedni poziom zabezpieczenia. Cyfrowa bezprzewodowa transmisja z\u00a0dynamicznie zmiennym kodem uniemo\u017cliwia proste \u201epodrobienie\u201d kodu pilota i\u00a0wy\u0142\u0105czenie czuwania przez osoby nieupowa\u017cnione. Innym przyk\u0142adem u\u017cytych rozwi\u0105za\u0144 technicznych jest automatyczna diagnostyka g\u0142\u00f3wnych element\u00f3w systemu, dzi\u0119ki kt\u00f3rej system jest w\u00a0stanie wykry\u0107 i\u00a0poinformowa\u0107 np. o\u00a0awarii sieci, czy konieczno\u015bci wymiany akumulatora lub\u00a0baterii.<\/p>\n","protected":false},"excerpt":{"rendered":"<p>System bezprzewodowy MICRA zaprojektowany zosta\u0142 przede wszystkim z\u00a0my\u015bl\u0105 o\u00a0ochronie ma\u0142ych obiekt\u00f3w. Mo\u017cliwo\u015b\u0107 zastosowania bezprzewodowych czujek ruchu i\u00a0kontaktronowych, zapewnia optymaln\u0105 ochron\u0119 przed\u00a0w\u0142amaniem, a\u00a0bezprzewodowe czujki dymu i\u00a0zalania mog\u0105 zapewni\u0107 dodatkowe bezpiecze\u0144stwo. Obs\u0142uga systemu za\u00a0pomoc\u0105 pilot\u00f3w, bezprzewodowego manipulatora czy telefonu kom\u00f3rkowego jest prosta i\u00a0intuicyjna. Prosty i\u00a0szybki monta\u017c, \u0142atwa konfiguracja i\u00a0intuicyjna obs\u0142uga to g\u0142\u00f3wne zalety modu\u0142u MICRA. Wszechstronno\u015b\u0107 zastosowa\u0144 &hellip; <a href=\"https:\/\/www.skelpie.eu\/?page_id=835\" class=\"more-link\">Czytaj dalej <span class=\"screen-reader-text\">System bezprzewodowy Satel Micra<\/span> <span class=\"meta-nav\">&rarr;<\/span><\/a><\/p>\n","protected":false},"author":1,"featured_media":0,"parent":0,"menu_order":0,"comment_status":"closed","ping_status":"closed","template":"","meta":[],"_links":{"self":[{"href":"https:\/\/www.skelpie.eu\/index.php?rest_route=\/wp\/v2\/pages\/835"}],"collection":[{"href":"https:\/\/www.skelpie.eu\/index.php?rest_route=\/wp\/v2\/pages"}],"about":[{"href":"https:\/\/www.skelpie.eu\/index.php?rest_route=\/wp\/v2\/types\/page"}],"author":[{"embeddable":true,"href":"https:\/\/www.skelpie.eu\/index.php?rest_route=\/wp\/v2\/users\/1"}],"replies":[{"embeddable":true,"href":"https:\/\/www.skelpie.eu\/index.php?rest_route=%2Fwp%2Fv2%2Fcomments&post=835"}],"version-history":[{"count":2,"href":"https:\/\/www.skelpie.eu\/index.php?rest_route=\/wp\/v2\/pages\/835\/revisions"}],"predecessor-version":[{"id":839,"href":"https:\/\/www.skelpie.eu\/index.php?rest_route=\/wp\/v2\/pages\/835\/revisions\/839"}],"wp:attachment":[{"href":"https:\/\/www.skelpie.eu\/index.php?rest_route=%2Fwp%2Fv2%2Fmedia&parent=835"}],"curies":[{"name":"wp","href":"https:\/\/api.w.org\/{rel}","templated":true}]}}