{"id":837,"date":"2015-03-02T19:30:46","date_gmt":"2015-03-02T19:30:46","guid":{"rendered":"http:\/\/www.skelpie.eu\/?page_id=837"},"modified":"2015-03-02T19:30:46","modified_gmt":"2015-03-02T19:30:46","slug":"system-bezprzewodowy-satel-abax","status":"publish","type":"page","link":"https:\/\/www.skelpie.eu\/?page_id=837","title":{"rendered":"System bezprzewodowy Satel Abax"},"content":{"rendered":"<p class=\"head-logo\" style=\"text-align: justify;\">ABAX<\/p>\n<p class=\"p1 ipel\" style=\"text-align: justify;\">Dwukierunkowy bezprzewodowy system ABAX jest rozwi\u0105zaniem proponowanym przez firm\u0119 SATEL dla\u00a0tych instalacji alarmowych, w\u00a0kt\u00f3rych uk\u0142adanie okablowania niezb\u0119dnego do\u00a0prawid\u0142owej pracy systemu jest uci\u0105\u017cliwe lub\u00a0ca\u0142kowicie niemo\u017cliwe.<\/p>\n<p style=\"text-align: justify;\">\n<h2 class=\"head-abax ipe\" style=\"text-align: justify;\">Zastosowania<\/h2>\n<p style=\"text-align: justify;\"><img loading=\"lazy\" src=\"http:\/\/www.satel.pl\/img\/desc\/abax-zastosowania.jpg\" alt=\"Zastosowania systemu ABAX\" width=\"669\" height=\"225\" \/><\/p>\n<div class=\"dleft\" style=\"text-align: justify;\">\n<h2 class=\"head-abax ipe\">Zgodno\u015b\u0107 z\u00a0normami<\/h2>\n<p class=\"p1 ipel\">System <strong>ABAX<\/strong> zaprojektowany zosta\u0142 jako rozwi\u0105zanie bezprzewodowe dla\u00a0central alarmowych <strong>INTEGRA<\/strong> oraz<strong>VERSA<\/strong>. We wsp\u00f3\u0142pracy z\u00a0tymi urz\u0105dzeniami oferuje swoj\u0105 pe\u0142n\u0105 funkcjonalno\u015b\u0107. Dzi\u0119ki uniwersalno\u015bci przyj\u0119tych rozwi\u0105za\u0144, jego zalety mo\u017cna r\u00f3wnie\u017c wykorzysta\u0107 z\u00a0prawie ka\u017cd\u0105 central\u0105 alarmow\u0105 dost\u0119pn\u0105 na\u00a0rynku. Potwierdzeniem zgodno\u015bci z\u00a0wymaganiami norm s\u0105 certyfikaty wystawiane przez niezale\u017cne laboratoria. Europejski certyfikat za\u015bwiadcza o\u00a0spe\u0142nianiu wymaga\u0144 <strong>EN\u00a050131<\/strong> (Grade\u00a02).<\/p>\n<\/div>\n<div class=\"dright\" style=\"text-align: justify;\">\n<p><img loading=\"lazy\" src=\"http:\/\/www.satel.pl\/img\/desc\/abax-zgodnosc.jpg\" alt=\"ABAX | Zgodno\u015b\u0107 z\u00a0normami\" width=\"273\" height=\"198\" align=\"right\" \/><\/p>\n<\/div>\n<div style=\"text-align: justify;\"><\/div>\n<p style=\"text-align: justify;\">\n<h2 class=\"head-abax ipe\" style=\"text-align: justify;\">Zaawansowana technologia<\/h2>\n<p class=\"p1 ipel\" style=\"text-align: justify;\">Wykorzystuj\u0105c dwukierunkow\u0105 bezprzewodow\u0105 \u0142\u0105czno\u015b\u0107 radiow\u0105, system <strong>ABAX<\/strong> zapewnia poziom zabezpieczenia osi\u0105galny do\u00a0niedawna jedynie w\u00a0tradycyjnych systemach przewodowych. Wyj\u0105tkow\u0105 niezawodno\u015b\u0107 transmisji system <strong>ABAX<\/strong> zawdzi\u0119cza przede wszystkim potwierdzaniu wszystkich najwa\u017cniejszych komunikat\u00f3w przesy\u0142anych pomi\u0119dzy kluczowymi urz\u0105dzeniami systemu. D\u0105\u017c\u0105c do\u00a0maksymalizacji bezpiecze\u0144stwa, ka\u017cda informacja przesy\u0142ana drog\u0105 radiow\u0105 jest szyfrowana, dzi\u0119ki czemu mo\u017cliwo\u015b\u0107 ingerencji w\u00a0transmitowane dane jest ograniczona do\u00a0minimum.<\/p>\n<div style=\"text-align: justify;\"><object title=\"ABAX\" width=\"678\" height=\"300\" classid=\"clsid:D27CDB6E-AE6D-11cf-96B8-444553540000\" codebase=\"http:\/\/download.macromedia.com\/pub\/shockwave\/cabs\/flash\/swflash.cab#version=9,0,28,0\"><embed src=\"http:\/\/www.satel.pl\/img\/desc\/abax.swf\" quality=\"high\" pluginspage=\"http:\/\/www.adobe.com\/shockwave\/download\/download.cgi?P1_Prod_Version=ShockwaveFlash\" type=\"application\/x-shockwave-flash\" width=\"678\" height=\"300\" \/><\/object><\/div>\n<div style=\"text-align: justify;\"><\/div>\n<div class=\"dleft\" style=\"text-align: justify;\">\n<h2 class=\"head-abax ipe\">Energooszcz\u0119dno\u015b\u0107<\/h2>\n<p class=\"p1 ipel\">Zaawansowane mechanizmy oszcz\u0119dzania energii zastosowane przez in\u017cynier\u00f3w z\u00a0firmy SATEL zapewniaj\u0105 d\u0142ugotrwa\u0142\u0105 eksploatacj\u0119 urz\u0105dze\u0144 <strong>ABAX<\/strong> bez\u00a0konieczno\u015bci wymiany baterii<br \/>\n\u2013 w\u00a0zale\u017cno\u015bci od\u00a0konfiguracji, <strong>od 3 do\u00a0nawet ponad 5 lat<\/strong>.<\/p>\n<\/div>\n<div class=\"dright\" style=\"text-align: justify;\"><img loading=\"lazy\" src=\"http:\/\/www.satel.pl\/img\/desc\/abax-bateria.jpg\" alt=\"ABAX | Energooszcz\u0119dno\u015b\u0107\" width=\"185\" height=\"172\" align=\"right\" \/><\/div>\n<div style=\"text-align: justify;\"><\/div>\n<p style=\"text-align: justify;\">\n<div class=\"wrap-abax\" style=\"text-align: justify;\">\n<div class=\"row-abax\">\n<div class=\"left-abax naglowek-abax\">\n<p class=\"ipe nom-abax\">Cechy<\/p>\n<\/div>\n<div class=\"przerwa-abax\"><\/div>\n<div class=\"right-abax naglowek-abax\">\n<p class=\"ipe nom-abax\">Korzy\u015bci<\/p>\n<\/div>\n<\/div>\n<div class=\"row-abax\">\n<div class=\"left-abax\">\n<p class=\"ipel nom-abax\">Praca w\u00a0zharmonizowanym pa\u015bmie 868 MHz<\/p>\n<\/div>\n<div class=\"przerwa-abax\"><\/div>\n<div class=\"right-abax\">\n<p class=\"ipel nom-abax\">Niezawodna komunikacja dzi\u0119ku zastosowaniu &#8222;czystego&#8221; pasma<\/p>\n<\/div>\n<\/div>\n<div class=\"row-abax\">\n<div class=\"left-abax\">\n<p class=\"ipel nom-abax\">Zgodno\u015b\u0107 z\u00a0normami europejskimi EN50131<\/p>\n<\/div>\n<div class=\"przerwa-abax\"><\/div>\n<div class=\"right-abax\">\n<p class=\"ipel nom-abax\">Mo\u017cliwo\u015b\u0107 zastosowania systemu ABAX tam, gdzie niezb\u0119dna jest zgodno\u015b\u0107 z\u00a0wymaganiami EN50131 dla\u00a0Stopnia 2 (Grade 2).<\/p>\n<\/div>\n<\/div>\n<div class=\"row-abax\">\n<div class=\"left-abax\">\n<p class=\"ipel nom-abax\">Dwukierunkowa transmisja z\u00a0potwierdzeniami<\/p>\n<\/div>\n<div class=\"przerwa-abax\"><\/div>\n<div class=\"right-abax\">\n<p class=\"ipel nom-abax\">Niezawodno\u015b\u0107 przekazywania sygna\u0142\u00f3w alarmowych z\u00a0czujek do\u00a0centrali<\/p>\n<\/div>\n<\/div>\n<div class=\"row-abax\">\n<div class=\"left-abax\">\n<p class=\"ipel nom-abax\">Cyfrowa, szyfrowana \u0142\u0105czno\u015b\u0107<\/p>\n<\/div>\n<div class=\"przerwa-abax\"><\/div>\n<div class=\"right-abax\">\n<p class=\"ipel nom-abax\">Skuteczne zabezpieczenie przed\u00a0celowym przek\u0142amaniem informacji<\/p>\n<\/div>\n<\/div>\n<div class=\"row-abax\">\n<div class=\"left-abax\">\n<p class=\"ipel nom-abax\">Zaawansowane zarz\u0105dzanie energi\u0105<\/p>\n<\/div>\n<div class=\"przerwa-abax\"><\/div>\n<div class=\"right-abax\">\n<p class=\"ipel nom-abax\">D\u0142ugi czas pracy na\u00a0jednym zestawie baterii<br \/>\n(3-5 lat bez\u00a0konieczno\u015bci ich wymiany)<\/p>\n<\/div>\n<\/div>\n<div class=\"row-abax\">\n<div class=\"left-abax\">\n<p class=\"ipel nom-abax\">Zdalna konfiguracja urz\u0105dze\u0144 bezprzewodowych<\/p>\n<\/div>\n<div class=\"przerwa-abax\"><\/div>\n<div class=\"right-abax\">\n<p class=\"ipel nom-abax\">\u0141atwo\u015b\u0107 wprowadzania zmian w\u00a0konfiguracji urz\u0105dze\u0144 bez\u00a0konieczno\u015bci fizycznego dost\u0119pu<br \/>\ndo nich<\/p>\n<\/div>\n<\/div>\n<div class=\"row-abax\">\n<div class=\"left-abax\">\n<p class=\"ipel nom-abax\">Dost\u0119pno\u015b\u0107 narz\u0119dzi diagnostycznych<\/p>\n<\/div>\n<div class=\"przerwa-abax\"><\/div>\n<div class=\"right-abax\">\n<p class=\"ipel nom-abax\">U\u0142atwienie instalatorowi wyboru optymalnego miejsca monta\u017cu i\u00a0konfiguracji urz\u0105dze\u0144<\/p>\n<\/div>\n<\/div>\n<div class=\"row-abax\">\n<div class=\"left-abax\">\n<p class=\"ipel nom-abax\">Szeroka gama dost\u0119pnych urz\u0105dze\u0144 ABAX<\/p>\n<\/div>\n<div class=\"przerwa-abax\"><\/div>\n<div class=\"right-abax\">\n<p class=\"ipel nom-abax\">Mo\u017cliwo\u015b\u0107 realizacji zar\u00f3wno prostych, jak<br \/>\ni z\u0142o\u017conych system\u00f3w opartych ca\u0142kowicie<br \/>\no technologi\u0119 bezprzewodow\u0105, w\u00a0tym system\u00f3w inteligentnych<\/p>\n<\/div>\n<\/div>\n<div class=\"row-abax\">\n<div class=\"left-abax\">\n<p class=\"ipel nom-abax\">Wykrywanie pr\u00f3by zag\u0142uszenia<\/p>\n<\/div>\n<div class=\"przerwa-abax\"><\/div>\n<div class=\"right-abax\">\n<p class=\"ipel nom-abax\">Mo\u017cliwo\u015b\u0107 wczesnej reakcji na\u00a0pr\u00f3by celowego zak\u0142\u00f3cenia pracy urz\u0105dze\u0144 bezprzewodowych<\/p>\n<\/div>\n<\/div>\n<div class=\"row-abax\">\n<div class=\"left-abax\">\n<p class=\"ipel nom-abax\">Du\u017cy zasi\u0119g \u0142\u0105czno\u015bci bezprzewodowej<\/p>\n<\/div>\n<div class=\"przerwa-abax\"><\/div>\n<div class=\"right-abax\">\n<p class=\"ipel nom-abax\">Mo\u017cliwo\u015b\u0107 budowania rozleg\u0142ych instalacji bezprzewodowych (zasi\u0119g w\u00a0przestrzeni otwartej do\u00a0500 m)<\/p>\n<\/div>\n<\/div>\n<div class=\"row-abax\">\n<div class=\"left-abax noborder-abax\">\n<p class=\"ipel nom-abax\">Zdalne uruchamianie funkcji testowania<\/p>\n<\/div>\n<div class=\"przerwa-abax\"><\/div>\n<div class=\"right-abax noborder-abax\">\n<p class=\"ipel nom-abax\">Du\u017ce u\u0142atwienie przeprowadzanie okresowego testowania instalacji<\/p>\n<\/div>\n<\/div>\n<\/div>\n<p style=\"text-align: justify;\">\n<h2 class=\"head-abax ipe\" style=\"text-align: justify;\">Wszechstronno\u015b\u0107 zastosowa\u0144<\/h2>\n<p class=\"p1 ipel\" style=\"text-align: justify;\">Szeroka gama urz\u0105dze\u0144 dost\u0119pnych w\u00a0ramach systemu <strong>ABAX<\/strong> obejmuje nie tylko czujki systemu sygnalizacji w\u0142amania takie jak <a href=\"http:\/\/www.satel.pl\/pl\/cat\/22\/systemy_sygnalizacji_wlamania_i_napadu\/system_bezprzewodowy_abax\/czujki_ruchu\">czujki ruchu<\/a> PIR i\u00a0dualne PIR+mikrofala, <a href=\"http:\/\/www.satel.pl\/pl\/cat\/23\">czujki kontaktronowe<\/a>. W\u00a0sk\u0142ad oferty wchodz\u0105 r\u00f3wnie\u017c pomocnicze czujki np. czujki dymu i\u00a0ciep\u0142a, czujki zalania oraz urz\u0105dzenia dodatkowe: uniwersalne piloty zdalnego sterowania, czy sterowane gniazdka 230 V. Uzupe\u0142nieniem kompleksowej oferty urz\u0105dze\u0144 <strong>ABAX<\/strong> s\u0105 dedykowane sygnalizatory: wewn\u0119trzny oraz zewn\u0119trzny. Dzi\u0119ki tak bogatej ofercie, system ten z\u00a0powodzeniem mo\u017cna wykorzysta\u0107 do\u00a0realizacji zar\u00f3wno z\u0142o\u017conych instalacji alarmowych, jak te\u017c tzw. instalacji inteligentnych, zapewniaj\u0105cych po\u0142\u0105czenie bezpiecze\u0144stwa z\u00a0oszcz\u0119dno\u015bci\u0105 energii i\u00a0komfortem.<\/p>\n<p style=\"text-align: justify;\"><img loading=\"lazy\" src=\"http:\/\/www.satel.pl\/img\/desc\/abax-schemat.jpg\" alt=\"ABAX | Wszechstronno\u015b\u0107 zastosowa\u0144\" width=\"680\" height=\"625\" \/><\/p>\n<p style=\"text-align: justify;\">\n<div class=\"dleft\" style=\"text-align: justify;\">\n<h2 class=\"head-abax ipe\">Elastyczna rozbudowa<\/h2>\n<p class=\"p1 ipel\">Sercem systemu <strong>ABAX<\/strong> jest kontroler urz\u0105dze\u0144 bezprzewodowych &#8211; uniwersalny <a href=\"http:\/\/www.satel.pl\/pl\/product\/158\/ACU-100,Kontroler-systemu-bezprzewodowego\">ACU-100<\/a>lub\u00a0miniaturowy kontroler <a href=\"http:\/\/www.satel.pl\/pl\/product\/582\/ACU-250,Kontroler-systemu-bezprzewodowego\">ACU-250<\/a> przeznaczony dla\u00a0central INTEGRA i\u00a0VERSA, kt\u00f3ry stanowi interfejs pomi\u0119dzy centralami alarmowymi, a\u00a0urz\u0105dzeniami bezprzewodowymi. System <strong>ABAX<\/strong> zbudowa\u0107 mo\u017cna r\u00f3wnie\u017c wykorzystuj\u0105c central\u0119 <a href=\"http:\/\/www.satel.pl\/pl\/product\/83\/INTEGRA%20128-WRL,Centrala-alarmowa-z-technologia-bezprzewodowa-ABAX-i-komunikatorem-GSM-GPRS\">INTEGRA 128-WRL<\/a>, kt\u00f3ra w\u00a0pojedynczym urz\u0105dzeniu \u0142\u0105czy funkcj\u0119 zaawansowanej centrali z\u00a0powiadamianiem GSM oraz kontrolera bezprzewodowego. Pojedynczy kontroler jest w\u00a0stanie obs\u0142ugiwa\u0107 do\u00a048 urz\u0105dze\u0144 bezprzewodowych, za\u015b w\u00a0przypadku konieczno\u015bci wykonania bardziej z\u0142o\u017conego systemu mo\u017cna z\u00a0powodzeniem u\u017cy\u0107 kilku kontroler\u00f3w, kt\u00f3rych zasi\u0119gi cz\u0119\u015bciowo lub\u00a0ca\u0142kowicie si\u0119\u00a0pokrywaj\u0105. W przypadku pod\u0142\u0105czania kontroler\u00f3w do\u00a0central<strong>INTEGRA<\/strong> i\u00a0<strong>VERSA<\/strong>, mo\u017cna wykorzysta\u0107 interfejs magistrali. Wykorzystuj\u0105c system <strong>ABAX<\/strong> wraz z\u00a0innymi centralami, w\u00a0tym tak\u017ce centralami innych producent\u00f3w, mo\u017cna skorzysta\u0107 z\u00a0konfigurowalnych wej\u015b\u0107 i\u00a0wyj\u015b\u0107 modu\u0142u. Z\u00a0tego te\u017c powodu, system<strong>ABAX<\/strong> jest doskona\u0142ym rozwi\u0105zaniem umo\u017cliwiaj\u0105cym rozbudow\u0119 ju\u017c istniej\u0105cej, przewodowej instalacji alarmowej.<\/p>\n<\/div>\n<div class=\"dright\" style=\"text-align: justify;\">\n<p><img loading=\"lazy\" src=\"http:\/\/www.satel.pl\/img\/desc\/abax-rozbudowa.jpg\" alt=\"ABAX | \u0141atwa rozbudowa\" width=\"285\" height=\"300\" \/><\/p>\n<\/div>\n<p style=\"text-align: justify;\">\n<div style=\"text-align: justify;\"><\/div>\n<h2 class=\"head-abax ipe\" style=\"text-align: justify;\">\u0141atwo\u015b\u0107 instalacji<\/h2>\n<p class=\"p1 ipel\" style=\"text-align: justify;\">Du\u017c\u0105 zalet\u0105 systemu <strong>ABAX<\/strong> jest \u0142atwo\u015b\u0107 instalacji i\u00a0konfiguracji. Mimo wykorzystania zaawansowanych technologicznie rozwi\u0105za\u0144, czynno\u015bci instalacyjne zosta\u0142y ograniczone do\u00a0minimum. Zarejestrowanie nowego urz\u0105dzenia polega na\u00a0podaniu jego numeru seryjnego z\u00a0etykiety i\u00a0w\u0142o\u017ceniu baterii lub\u00a0uruchomieniu sabota\u017cu. Kontroler samoczynnie rozpoznaje typ nowego urz\u0105dzenia, podpowiadaj\u0105c standardowe ustawienia lub\u00a0umo\u017cliwia ich zmian\u0119 wed\u0142ug w\u0142asnych potrzeb.<\/p>\n<div class=\"dleft\" style=\"text-align: justify;\"><img loading=\"lazy\" src=\"http:\/\/www.satel.pl\/img\/desc\/abax-intuicyjna-konfiguracja.jpg\" alt=\"ABAX | Intuicyjne konfigurowanie\" width=\"315\" height=\"193\" \/><\/div>\n<div class=\"dright\" style=\"text-align: justify;\">\n<h2 class=\"head-abax ipe\">Intuicyjne konfigurowanie<\/h2>\n<p class=\"p1 ipel\">Do skonfigurowania systemu bezprzewodowego ABAX mo\u017cna u\u017cy\u0107 manipulatora LCD (nawet w\u00a0przypadku systemu innego producenta), lub\u00a0komputera z\u00a0oprogramowaniem <a href=\"http:\/\/www.satel.pl\/pl\/product\/343\/DLOADX,Program-instalatora-do-programowania-central-INTEGRA-i-VERSA\">DLOAD<\/a>.<\/p>\n<\/div>\n<div style=\"text-align: justify;\"><\/div>\n<div class=\"dleft\" style=\"text-align: justify;\">\n<h2 class=\"head-abax ipe\">Rozbudowana diagnostyka<\/h2>\n<p class=\"p1 ipel\">Du\u017c\u0105 zalet\u0105 systemu <strong>ABAX<\/strong> s\u0105 rozbudowane narz\u0119dzia diagnostyczne pozwalaj\u0105ce oceni\u0107 nie tylko zaj\u0119to\u015b\u0107 pasma cz\u0119stotliwo\u015bci <strong>ABAX<\/strong> (868MHz), ale r\u00f3wnie\u017c przeprowadzi\u0107 d\u0142ugookresow\u0105 ocen\u0119 jako\u015bci \u0142\u0105czno\u015bci z\u00a0poszczeg\u00f3lnymi urz\u0105dzeniami bezprzewodowymi.<\/p>\n<p class=\"p1 ipel\">Dodatkowym u\u0142atwieniem w\u00a0czasie przygotowywania instalacji jest tester poziomu sygna\u0142u, dedykowany dla\u00a0systemu <strong>ABAX<\/strong> (<a href=\"http:\/\/www.satel.pl\/pl\/product\/160\/ARF-100,Tester-poziomu-sygnalu-radiowego\">ARF-100<\/a>). Z\u00a0jego pomoc\u0105, w\u00a0prosty spos\u00f3b mo\u017cna szybko przetestowa\u0107 jako\u015b\u0107 \u0142\u0105czno\u015bci radiowej w\u00a0wybranym miejscu. Test \u0142\u0105czno\u015bci odbywa si\u0119\u00a0w\u00a0obu kierunkach z\u00a0uwzgl\u0119dnieniem symulacji urz\u0105dze\u0144 r\u00f3\u017cnego typu, zar\u00f3wno zasilanych z\u00a0baterii, jak te\u017c posiadaj\u0105cych sta\u0142e \u017ar\u00f3d\u0142o zasilania.<\/p>\n<\/div>\n<div class=\"dright\">\n<p style=\"text-align: justify;\"><img loading=\"lazy\" src=\"http:\/\/www.satel.pl\/img\/desc\/abax-diagnostyka.jpg\" alt=\"ABAX | Diagnostyka\" width=\"282\" height=\"271\" \/><\/p>\n<\/div>\n","protected":false},"excerpt":{"rendered":"<p>ABAX Dwukierunkowy bezprzewodowy system ABAX jest rozwi\u0105zaniem proponowanym przez firm\u0119 SATEL dla\u00a0tych instalacji alarmowych, w\u00a0kt\u00f3rych uk\u0142adanie okablowania niezb\u0119dnego do\u00a0prawid\u0142owej pracy systemu jest uci\u0105\u017cliwe lub\u00a0ca\u0142kowicie niemo\u017cliwe. Zastosowania Zgodno\u015b\u0107 z\u00a0normami System ABAX zaprojektowany zosta\u0142 jako rozwi\u0105zanie bezprzewodowe dla\u00a0central alarmowych INTEGRA orazVERSA. We wsp\u00f3\u0142pracy z\u00a0tymi urz\u0105dzeniami oferuje swoj\u0105 pe\u0142n\u0105 funkcjonalno\u015b\u0107. Dzi\u0119ki uniwersalno\u015bci przyj\u0119tych rozwi\u0105za\u0144, jego zalety mo\u017cna r\u00f3wnie\u017c &hellip; <a href=\"https:\/\/www.skelpie.eu\/?page_id=837\" class=\"more-link\">Czytaj dalej <span class=\"screen-reader-text\">System bezprzewodowy Satel Abax<\/span> <span class=\"meta-nav\">&rarr;<\/span><\/a><\/p>\n","protected":false},"author":1,"featured_media":0,"parent":0,"menu_order":0,"comment_status":"closed","ping_status":"closed","template":"","meta":[],"_links":{"self":[{"href":"https:\/\/www.skelpie.eu\/index.php?rest_route=\/wp\/v2\/pages\/837"}],"collection":[{"href":"https:\/\/www.skelpie.eu\/index.php?rest_route=\/wp\/v2\/pages"}],"about":[{"href":"https:\/\/www.skelpie.eu\/index.php?rest_route=\/wp\/v2\/types\/page"}],"author":[{"embeddable":true,"href":"https:\/\/www.skelpie.eu\/index.php?rest_route=\/wp\/v2\/users\/1"}],"replies":[{"embeddable":true,"href":"https:\/\/www.skelpie.eu\/index.php?rest_route=%2Fwp%2Fv2%2Fcomments&post=837"}],"version-history":[{"count":1,"href":"https:\/\/www.skelpie.eu\/index.php?rest_route=\/wp\/v2\/pages\/837\/revisions"}],"predecessor-version":[{"id":838,"href":"https:\/\/www.skelpie.eu\/index.php?rest_route=\/wp\/v2\/pages\/837\/revisions\/838"}],"wp:attachment":[{"href":"https:\/\/www.skelpie.eu\/index.php?rest_route=%2Fwp%2Fv2%2Fmedia&parent=837"}],"curies":[{"name":"wp","href":"https:\/\/api.w.org\/{rel}","templated":true}]}}