{"id":857,"date":"2015-03-05T16:58:14","date_gmt":"2015-03-05T16:58:14","guid":{"rendered":"http:\/\/www.skelpie.eu\/?page_id=857"},"modified":"2015-03-06T14:48:47","modified_gmt":"2015-03-06T14:48:47","slug":"serwis","status":"publish","type":"page","link":"https:\/\/www.skelpie.eu\/?page_id=857","title":{"rendered":"Serwis"},"content":{"rendered":"<p><a href=\"http:\/\/www.skelpie.eu\/wp-content\/uploads\/2015\/03\/services.jpg\"><img loading=\"lazy\" class=\" size-medium wp-image-861 alignleft\" src=\"http:\/\/www.skelpie.eu\/wp-content\/uploads\/2015\/03\/services-300x261.jpg\" alt=\"services\" width=\"300\" height=\"261\" srcset=\"https:\/\/www.skelpie.eu\/wp-content\/uploads\/2015\/03\/services-300x261.jpg 300w, https:\/\/www.skelpie.eu\/wp-content\/uploads\/2015\/03\/services.jpg 460w\" sizes=\"(max-width: 300px) 100vw, 300px\" \/><\/a><\/p>\n<p style=\"text-align: justify;\">Firma nasza\u00a0oferuje\u00a0serwis i napraw\u0119 poni\u017cszych urz\u0105dze\u0144:<\/p>\n<p style=\"text-align: justify;\">&#8211; Komputery i laptopy w dowolnych konfiguracjach<br \/>\n&#8211; Serwery, stacje robocze, macierze dyskowe<br \/>\n&#8211;\u00a0Kasy fiskalne, drukarki fiskalne<br \/>\n&#8211; Wagi elektroniczne, sklepowe, metkuj\u0105ce<br \/>\n&#8211; Kolektory danych &#8211; naprawa urz\u0105dze\u0144, firmware&#8217;u<\/p>\n<p style=\"text-align: justify;\">&#8211; Odzyskujemy dane z dysk\u00f3w\/macierzy dyskowych RAID\/kart SD itp.<\/p>\n<p style=\"text-align: justify;\">Serdecznie zapraszamy.<\/p>\n","protected":false},"excerpt":{"rendered":"<p>Firma nasza\u00a0oferuje\u00a0serwis i napraw\u0119 poni\u017cszych urz\u0105dze\u0144: &#8211; Komputery i laptopy w dowolnych konfiguracjach &#8211; Serwery, stacje robocze, macierze dyskowe &#8211;\u00a0Kasy fiskalne, drukarki fiskalne &#8211; Wagi elektroniczne, sklepowe, metkuj\u0105ce &#8211; Kolektory danych &#8211; naprawa urz\u0105dze\u0144, firmware&#8217;u &#8211; Odzyskujemy dane z dysk\u00f3w\/macierzy dyskowych RAID\/kart SD itp. Serdecznie zapraszamy.<\/p>\n","protected":false},"author":1,"featured_media":0,"parent":0,"menu_order":0,"comment_status":"closed","ping_status":"closed","template":"","meta":[],"_links":{"self":[{"href":"https:\/\/www.skelpie.eu\/index.php?rest_route=\/wp\/v2\/pages\/857"}],"collection":[{"href":"https:\/\/www.skelpie.eu\/index.php?rest_route=\/wp\/v2\/pages"}],"about":[{"href":"https:\/\/www.skelpie.eu\/index.php?rest_route=\/wp\/v2\/types\/page"}],"author":[{"embeddable":true,"href":"https:\/\/www.skelpie.eu\/index.php?rest_route=\/wp\/v2\/users\/1"}],"replies":[{"embeddable":true,"href":"https:\/\/www.skelpie.eu\/index.php?rest_route=%2Fwp%2Fv2%2Fcomments&post=857"}],"version-history":[{"count":2,"href":"https:\/\/www.skelpie.eu\/index.php?rest_route=\/wp\/v2\/pages\/857\/revisions"}],"predecessor-version":[{"id":862,"href":"https:\/\/www.skelpie.eu\/index.php?rest_route=\/wp\/v2\/pages\/857\/revisions\/862"}],"wp:attachment":[{"href":"https:\/\/www.skelpie.eu\/index.php?rest_route=%2Fwp%2Fv2%2Fmedia&parent=857"}],"curies":[{"name":"wp","href":"https:\/\/api.w.org\/{rel}","templated":true}]}}