{"id":865,"date":"2015-03-16T11:44:49","date_gmt":"2015-03-16T11:44:49","guid":{"rendered":"http:\/\/www.skelpie.eu\/?page_id=865"},"modified":"2015-03-16T11:47:45","modified_gmt":"2015-03-16T11:47:45","slug":"fortan-led","status":"publish","type":"page","link":"https:\/\/www.skelpie.eu\/?page_id=865","title":{"rendered":"Fortan LED"},"content":{"rendered":"<div class=\"foto_duze\"><img src=\"http:\/\/www.lenalighting.pl\/img\/produkty\/normal\/10016-1.jpg\" alt=\"\" \/><\/div>\n<div class=\"box\">\n<h2 class=\"title\">OPIS PRODUKTU<\/h2>\n<div class=\"dane dane_grico\"><\/div>\n<p class=\"txt\" style=\"text-align: justify;\">Charakterystyka:<br \/>\nNatynkowa, sufitowa lub \u015bcienna oprawa LED o wysokich parametrach (110 lm\/W) i szczelno\u015bci IP44. Wyposa\u017cona w energooszcz\u0119dne \u017ar\u00f3d\u0142a LED-GO! Podstawa stalowa, malowana proszkowo, specjalistyczny wysoce sprawny, wielowarstwowy pryzmatyczny klosz zawieraj\u0105cy odporn\u0105 na promieniowanie UV os\u0142on\u0119 PMMA oraz polipropylenow\u0105 optyk\u0119, b\u0105d\u017a jednowarstwowy klosz mleczny PMMA wysoce odporny na promieniowanie UV. Oprawa z mo\u017cliwo\u015bci\u0105 bezpo\u015bredniego \u0142\u0105czenia w linie \u015bwietlne. Temperatura barwowa 3000\/4000K, CRI&gt;80, trwa\u0142o\u015b\u0107 \u017ar\u00f3d\u0142a LED 50000h (L70@25\u00b0C).<\/p>\n<p class=\"txt\" style=\"text-align: justify;\">Zastosowanie:<br \/>\nWielozadaniowa oprawa diodowa przeznaczona do stosowania wewn\u0105trz budynk\u00f3w, szczeg\u00f3lnie polecana do o\u015bwietlenia pomieszcze\u0144 u\u017cytkowych i korytarzy w budynkach u\u017cyteczno\u015bci publicznej (administracja, szkolnictwo, s\u0142u\u017cba zdrowia). Oprawa do zastosowania zar\u00f3wno przy nowych aplikacjach jak i zamianach tradycyjnych opraw T8 i T5 na energooszcz\u0119dne rozwi\u0105zania LED. Konstrukcja przystosowana do monta\u017cu natynkowego (sufitowego) za pomoc\u0105 standardowego wyposa\u017cenia.<\/p>\n<div class=\"params\">\n<div class=\"ikony\"><a href=\"http:\/\/www.lenalighting.pl\/att\/cert2\/10021,CE%2052_2013%20Fortan_LED.pdf\" target=\"_blank\"><img title=\"CE\" src=\"http:\/\/www.lenalighting.pl\/img\/2\/produkty\/certyfikaty\/ce_certyfikat.png\" alt=\"CE\" border=\"0\" \/><\/a><\/div>\n<div class=\"dane\"><img title=\"230V\" src=\"http:\/\/www.lenalighting.pl\/img\/produkty\/feature\/a328d9fcf9f5d907d8959247ffc38d3b.gif\" alt=\"230V\" \/><img title=\"SW16\" src=\"http:\/\/www.lenalighting.pl\/img\/produkty\/feature\/b514912c58cd75ba5382ecde0d817d12.gif\" alt=\"SW16\" \/><img title=\"F-TAK\" src=\"http:\/\/www.lenalighting.pl\/img\/produkty\/feature\/13a1c8eb7911e1bb93f3b30a867bc203.gif\" alt=\"F-TAK\" \/><img title=\"OCHRONA1\" src=\"http:\/\/www.lenalighting.pl\/img\/produkty\/feature\/763c32e8ce7336bfa69a78aa248aefa2.gif\" alt=\"OCHRONA1\" \/><img title=\"IP44\" src=\"http:\/\/www.lenalighting.pl\/img\/produkty\/feature\/3588cbe9d18332146863eed4c2052ad5.gif\" alt=\"IP44\" \/><img title=\"Certyfikat CE\" src=\"http:\/\/www.lenalighting.pl\/img\/produkty\/feature\/ce.gif\" alt=\"Certyfikat CE\" \/><img title=\"PAK1\" src=\"http:\/\/www.lenalighting.pl\/img\/produkty\/feature\/pak1.gif\" alt=\"PAK1\" \/><\/div>\n<\/div>\n<\/div>\n<div class=\"szczegoly\"><\/div>\n","protected":false},"excerpt":{"rendered":"<p>OPIS PRODUKTU Charakterystyka: Natynkowa, sufitowa lub \u015bcienna oprawa LED o wysokich parametrach (110 lm\/W) i szczelno\u015bci IP44. Wyposa\u017cona w energooszcz\u0119dne \u017ar\u00f3d\u0142a LED-GO! Podstawa stalowa, malowana proszkowo, specjalistyczny wysoce sprawny, wielowarstwowy pryzmatyczny klosz zawieraj\u0105cy odporn\u0105 na promieniowanie UV os\u0142on\u0119 PMMA oraz polipropylenow\u0105 optyk\u0119, b\u0105d\u017a jednowarstwowy klosz mleczny PMMA wysoce odporny na promieniowanie UV. Oprawa z mo\u017cliwo\u015bci\u0105 &hellip; <a href=\"https:\/\/www.skelpie.eu\/?page_id=865\" class=\"more-link\">Czytaj dalej <span class=\"screen-reader-text\">Fortan LED<\/span> <span class=\"meta-nav\">&rarr;<\/span><\/a><\/p>\n","protected":false},"author":1,"featured_media":0,"parent":0,"menu_order":0,"comment_status":"closed","ping_status":"closed","template":"","meta":[],"_links":{"self":[{"href":"https:\/\/www.skelpie.eu\/index.php?rest_route=\/wp\/v2\/pages\/865"}],"collection":[{"href":"https:\/\/www.skelpie.eu\/index.php?rest_route=\/wp\/v2\/pages"}],"about":[{"href":"https:\/\/www.skelpie.eu\/index.php?rest_route=\/wp\/v2\/types\/page"}],"author":[{"embeddable":true,"href":"https:\/\/www.skelpie.eu\/index.php?rest_route=\/wp\/v2\/users\/1"}],"replies":[{"embeddable":true,"href":"https:\/\/www.skelpie.eu\/index.php?rest_route=%2Fwp%2Fv2%2Fcomments&post=865"}],"version-history":[{"count":2,"href":"https:\/\/www.skelpie.eu\/index.php?rest_route=\/wp\/v2\/pages\/865\/revisions"}],"predecessor-version":[{"id":867,"href":"https:\/\/www.skelpie.eu\/index.php?rest_route=\/wp\/v2\/pages\/865\/revisions\/867"}],"wp:attachment":[{"href":"https:\/\/www.skelpie.eu\/index.php?rest_route=%2Fwp%2Fv2%2Fmedia&parent=865"}],"curies":[{"name":"wp","href":"https:\/\/api.w.org\/{rel}","templated":true}]}}