{"id":918,"date":"2016-01-28T22:09:03","date_gmt":"2016-01-28T22:09:03","guid":{"rendered":"http:\/\/www.skelpie.eu\/?page_id=918"},"modified":"2016-01-28T22:09:03","modified_gmt":"2016-01-28T22:09:03","slug":"ignis-2040","status":"publish","type":"page","link":"https:\/\/www.skelpie.eu\/?page_id=918","title":{"rendered":"Ignis 2040"},"content":{"rendered":"<p><img loading=\"lazy\" class=\"aligncenter size-full wp-image-919\" src=\"http:\/\/www.skelpie.eu\/wp-content\/uploads\/2016\/01\/IGNIS-2040_1.png\" alt=\"IGNIS 2040_1\" width=\"618\" height=\"293\" srcset=\"https:\/\/www.skelpie.eu\/wp-content\/uploads\/2016\/01\/IGNIS-2040_1.png 618w, https:\/\/www.skelpie.eu\/wp-content\/uploads\/2016\/01\/IGNIS-2040_1-300x142.png 300w\" sizes=\"(max-width: 618px) 100vw, 618px\" \/><\/p>\n<p style=\"text-align: justify;\">Mikroprocesorowa centrala sygnalizacji po\u017carowej IGNIS 2040 jest przeznaczona do wykrywania i sygnalizowania zagro\u017cenia po\u017carowego po odebraniu informacji od wsp\u00f3\u0142pracuj\u0105cych z ni\u0105 czujek i r\u0119cznych ostrzegaczy po\u017carowych.<br \/>\nUmo\u017cliwia ona w\u0142\u0105czanie dodatkowych urz\u0105dze\u0144 sygnalizacyjnych oraz przekazywanie sygna\u0142\u00f3w do systemu monitoringu po\u017carowego. Wykonana w technice monta\u017cu powierzchniowego, wyposa\u017cona w rozbudowane uk\u0142ady diagnostyki i samokontroli, gwarantuje d\u0142ugotrwa\u0142\u0105 i niezawodn\u0105 prac\u0119 systemu wczesnego ostrzegania o po\u017carze.<br \/>\nCentrala jest przeznaczona do zabezpieczania niewielkich obiekt\u00f3w np. magazyn\u00f3w, sklep\u00f3w, ma\u0142ych biur, wyniesionych obiekt\u00f3w (kontener\u00f3w) telekomunikacyjnych itp.<\/p>\n<p>Na liniach dozorowych centrali mog\u0105 pracowa\u0107:<br \/>\na\/ czujki po\u017carowe szeregu 40 (ewentualnie 30):<\/p>\n<ul style=\"text-align: justify;\">\n<li>\u00a0\u00a0\u00a0 optyczne dymu DUR,<\/li>\n<li>\u00a0\u00a0\u00a0 optyczne dymu DOR,<\/li>\n<li>\u00a0\u00a0\u00a0 jonizacyjne dymu DIO,<\/li>\n<li>\u00a0\u00a0\u00a0 nadmiarowo-r\u00f3\u017cniczkowe ciep\u0142a TUP,<\/li>\n<li>\u00a0\u00a0\u00a0 optyczno-temperaturowa DOT,<\/li>\n<li>\u00a0\u00a0\u00a0 temperaturowo-p\u0142omieniowa TOP,<\/li>\n<li>\u00a0\u00a0\u00a0 p\u0142omienia (ultrafiolet) PUO,<\/li>\n<li>\u00a0\u00a0\u00a0 iskrobezpieczne (wg instrukcji producenta),<\/li>\n<li>\u00a0\u00a0\u00a0 liniowe dymu DOP<\/li>\n<\/ul>\n<p style=\"text-align: justify;\">b\/ r\u0119czne ostrzegacze (przyciski) po\u017carowe:<\/p>\n<ul style=\"text-align: justify;\">\n<li>\u00a0\u00a0\u00a0 wn\u0119trzowe ROP-63,<\/li>\n<li>\u00a0\u00a0\u00a0 zewn\u0119trzne ROP-63H.<\/li>\n<\/ul>\n<h6 style=\"text-align: justify;\">\nCharakterystyka produktu<\/h6>\n<ul>\n<li style=\"text-align: justify;\">\u00a0\u00a0\u00a0 4 lub 6 linii\/stref dozorowych (istnieje mo\u017cliwo\u015b\u0107 zamiany 2 linii alarmowych, kt\u00f3re mog\u0105 pracowa\u0107 jako linie dozorowe) z mo\u017cliwo\u015bci\u0105 w\u0142\u0105czenia w ka\u017cd\u0105 lini\u0119 do 32 czujek po\u017carowych lub jednej czujki liniowej dymu lub do 10 r\u0119cznych ostrzegaczy po\u017carowych;<\/li>\n<li style=\"text-align: justify;\">\u00a0\u00a0\u00a0 2 linie do zewn\u0119trznych sygnalizator\u00f3w, kt\u00f3re mog\u0105 by\u0107 zamienione na 2 linie dozorowe;<\/li>\n<li style=\"text-align: justify;\">\u00a0\u00a0\u00a0 wyj\u015bcia przeka\u017anikowe z ka\u017cdej linii dozorowej do sterowania urz\u0105dze\u0144 zewn\u0119trznych (do 6 szt.);<\/li>\n<li style=\"text-align: justify;\">\u00a0\u00a0\u00a0 1 wyj\u015bcie przeka\u017anikowe alarmu og\u00f3lnego;<\/li>\n<li style=\"text-align: justify;\">\u00a0\u00a0\u00a0 1 wyj\u015bcie przeka\u017anikowe uszkodzenia og\u00f3lnego;<\/li>\n<li style=\"text-align: justify;\">\u00a0\u00a0\u00a0 1 wyj\u015bcie USB do wsp\u00f3\u0142pracy z komputerem PC;<\/li>\n<li style=\"text-align: justify;\">\u00a0\u00a0\u00a0 wyj\u015bcie do zasilania urz\u0105dze\u0144 zewn\u0119trznych 24 V;<\/li>\n<li style=\"text-align: justify;\">\u00a0\u00a0\u00a0 zasilacz sieciowy z automatycznym \u0142adowaniem rezerwowej baterii akumulator\u00f3w;<\/li>\n<li style=\"text-align: justify;\">\u00a0\u00a0\u00a0 wewn\u0119trzna bateria akumulator\u00f3w dla zasilania rezerwowego przez 72 h (od 3,2 Ah do 7 Ah);<\/li>\n<li style=\"text-align: justify;\">\u00a0\u00a0\u00a0 ci\u0105g\u0142a kontrola baterii z automatycznym od\u0142\u0105czeniem i sygnalizacj\u0105 przy jej roz\u0142adowaniu;<\/li>\n<li style=\"text-align: justify;\">\u00a0\u00a0\u00a0 zegar czasu rzeczywistego;<\/li>\n<li style=\"text-align: justify;\">\u00a0\u00a0\u00a0 pami\u0119\u0107 999 zdarze\u0144;<\/li>\n<li style=\"text-align: justify;\">\u00a0\u00a0\u00a0 mo\u017cliwo\u015b\u0107 zaprogramowania alarmowania dla ka\u017cdej linii jako:<\/li>\n<li style=\"text-align: justify;\">\u00a0\u00a0\u00a0 jednostopniowe lub dwustopniowe zwyk\u0142e,<\/li>\n<li style=\"text-align: justify;\">\u00a0\u00a0\u00a0 jednostopniowe ze wst\u0119pnym kasowaniem,<\/li>\n<li style=\"text-align: justify;\">\u00a0\u00a0\u00a0 jednostopniowe ze wsp\u00f3\u0142zale\u017cno\u015bci\u0105 strefowo-czasow\u0105;<\/li>\n<li style=\"text-align: justify;\">\u00a0\u00a0\u00a0 programowanie czas\u00f3w op\u00f3\u017anienia wyj\u015b\u0107 do monitoringu;<\/li>\n<li style=\"text-align: justify;\">\u00a0\u00a0\u00a0 programowanie pracy centrali w trybie: op\u00f3\u017anienia aktywne\/blokowane;<\/li>\n<li style=\"text-align: justify;\">\u00a0\u00a0\u00a0 ci\u0105g\u0142a kontrola sprawno\u015bci linii dozorowych, sygna\u0142owej na przerw\u0119, zwarcie i doziemienie;<\/li>\n<li style=\"text-align: justify;\">\u00a0\u00a0\u00a0 mo\u017cliwo\u015b\u0107 blokowania wyj\u015b\u0107 do monitoringu i do sygnalizator\u00f3w akustycznych;<\/li>\n<li style=\"text-align: justify;\">\u00a0\u00a0\u00a0 mo\u017cliwo\u015b\u0107 wy\u0142\u0105czania linii dozorowych;<\/li>\n<li style=\"text-align: justify;\">\u00a0\u00a0\u00a0 mo\u017cliwo\u015b\u0107 testowania element\u00f3w sygnalizacyjnych i czujek na liniach dozorowych;<\/li>\n<li style=\"text-align: justify;\">\u00a0\u00a0\u00a0 cztery poziomy dost\u0119pu do element\u00f3w obs\u0142ugowych centrali przy u\u017cyciu kod\u00f3w dost\u0119pu wpisywanych z klawiatury centrali;<\/li>\n<li style=\"text-align: justify;\">\u00a0\u00a0\u00a0 komunikatywne opisy i funkcjonalne elementy obs\u0142ugowe;<\/li>\n<li style=\"text-align: justify;\">\u00a0\u00a0\u00a0 sygnalizacja og\u00f3lna PO\u017bAR ze wskazaniem strefy (linii), w kt\u00f3rej powsta\u0142 po\u017car;<\/li>\n<li style=\"text-align: justify;\">\u00a0\u00a0\u00a0 sygnalizacja og\u00f3lna USZKODZENIE z odczytem szczeg\u00f3\u0142\u00f3w na wy\u015bwietlaczu LCD;<\/li>\n<li style=\"text-align: justify;\">\u00a0\u00a0\u00a0 ma\u0142e wymiary (z wewn\u0119trzn\u0105 bateri\u0105 zasilania rezerwowego);<\/li>\n<li style=\"text-align: justify;\">\u00a0\u00a0\u00a0 estetyczna obudowa, w pastelowym kolorze.<\/li>\n<\/ul>\n","protected":false},"excerpt":{"rendered":"<p>Mikroprocesorowa centrala sygnalizacji po\u017carowej IGNIS 2040 jest przeznaczona do wykrywania i sygnalizowania zagro\u017cenia po\u017carowego po odebraniu informacji od wsp\u00f3\u0142pracuj\u0105cych z ni\u0105 czujek i r\u0119cznych ostrzegaczy po\u017carowych. Umo\u017cliwia ona w\u0142\u0105czanie dodatkowych urz\u0105dze\u0144 sygnalizacyjnych oraz przekazywanie sygna\u0142\u00f3w do systemu monitoringu po\u017carowego. Wykonana w technice monta\u017cu powierzchniowego, wyposa\u017cona w rozbudowane uk\u0142ady diagnostyki i samokontroli, gwarantuje d\u0142ugotrwa\u0142\u0105 i niezawodn\u0105 &hellip; <a href=\"https:\/\/www.skelpie.eu\/?page_id=918\" class=\"more-link\">Czytaj dalej <span class=\"screen-reader-text\">Ignis 2040<\/span> <span class=\"meta-nav\">&rarr;<\/span><\/a><\/p>\n","protected":false},"author":1,"featured_media":0,"parent":0,"menu_order":0,"comment_status":"closed","ping_status":"closed","template":"","meta":[],"_links":{"self":[{"href":"https:\/\/www.skelpie.eu\/index.php?rest_route=\/wp\/v2\/pages\/918"}],"collection":[{"href":"https:\/\/www.skelpie.eu\/index.php?rest_route=\/wp\/v2\/pages"}],"about":[{"href":"https:\/\/www.skelpie.eu\/index.php?rest_route=\/wp\/v2\/types\/page"}],"author":[{"embeddable":true,"href":"https:\/\/www.skelpie.eu\/index.php?rest_route=\/wp\/v2\/users\/1"}],"replies":[{"embeddable":true,"href":"https:\/\/www.skelpie.eu\/index.php?rest_route=%2Fwp%2Fv2%2Fcomments&post=918"}],"version-history":[{"count":2,"href":"https:\/\/www.skelpie.eu\/index.php?rest_route=\/wp\/v2\/pages\/918\/revisions"}],"predecessor-version":[{"id":921,"href":"https:\/\/www.skelpie.eu\/index.php?rest_route=\/wp\/v2\/pages\/918\/revisions\/921"}],"wp:attachment":[{"href":"https:\/\/www.skelpie.eu\/index.php?rest_route=%2Fwp%2Fv2%2Fmedia&parent=918"}],"curies":[{"name":"wp","href":"https:\/\/api.w.org\/{rel}","templated":true}]}}