{"id":924,"date":"2016-01-28T22:12:04","date_gmt":"2016-01-28T22:12:04","guid":{"rendered":"http:\/\/www.skelpie.eu\/?page_id=924"},"modified":"2016-01-28T22:12:04","modified_gmt":"2016-01-28T22:12:04","slug":"ignis-1240","status":"publish","type":"page","link":"https:\/\/www.skelpie.eu\/?page_id=924","title":{"rendered":"Ignis 1240"},"content":{"rendered":"<p><img loading=\"lazy\" class=\"aligncenter size-full wp-image-925\" src=\"http:\/\/www.skelpie.eu\/wp-content\/uploads\/2016\/01\/IGNIS-1240.png\" alt=\"IGNIS 1240\" width=\"618\" height=\"293\" srcset=\"https:\/\/www.skelpie.eu\/wp-content\/uploads\/2016\/01\/IGNIS-1240.png 618w, https:\/\/www.skelpie.eu\/wp-content\/uploads\/2016\/01\/IGNIS-1240-300x142.png 300w\" sizes=\"(max-width: 618px) 100vw, 618px\" \/><\/p>\n<p style=\"text-align: justify;\">Mikroprocesorowa centrala sygnalizacji po\u017carowej IGNIS 1240 jest przeznaczona do wykrywania i sygnalizowania zagro\u017cenia po\u017carowego po odebraniu informacji od wsp\u00f3\u0142pracuj\u0105cych z ni\u0105 czujek i r\u0119cznych ostrzegaczy po\u017carowych. Umo\u017cliwia ona w\u0142\u0105czanie dodatkowych urz\u0105dze\u0144 sygnalizacyjnych oraz przekazywanie sygna\u0142\u00f3w do systemu monitoringu po\u017carowego. Wykonana w technice monta\u017cu powierzchniowego, wyposa\u017cona w rozbudowane uk\u0142ady diagnostyki i samokontroli, gwarantuje d\u0142ugotrwa\u0142\u0105 i niezawodn\u0105 prac\u0119 systemu wczesnego ostrzegania o po\u017carze. Centrala jest przeznaczona do zabezpieczania \u015brednich obiekt\u00f3w np. magazyn\u00f3w, sklep\u00f3w, biur itp.<\/p>\n<p style=\"text-align: justify;\">Na liniach dozorowych centrali mog\u0105 pracowa\u0107:<\/p>\n<ul style=\"text-align: justify;\">\n<li>czujki po\u017carowe szereg\u00f3w 40 i 30<\/li>\n<li>jonizacyjne dymu DIO<\/li>\n<li>optyczne dymu DOR<\/li>\n<li>nadmiarowo-r\u00f3\u017cniczkowe ciep\u0142a TUP<\/li>\n<li>p\u0142omienia (ultrafiolet) PUO<\/li>\n<li>iskrobezpieczne (wg instrukcji producenta)liniowe dymu DOP<\/li>\n<li>czujki optyczno-cieplne DOT-40<\/li>\n<li>czujki optyczno-p\u0142omieniowe TOP-40<\/li>\n<li>r\u0119czne ostrzegacze (przyciski) po\u017carowewn\u0119trzowe (bez sygnalizacji zwrotnej) ROP-63<\/li>\n<li>zewn\u0119trzne (bez sygnalizacji zwrotnej) ROP-63H<\/li>\n<\/ul>\n<p style=\"text-align: justify;\">\n","protected":false},"excerpt":{"rendered":"<p>Mikroprocesorowa centrala sygnalizacji po\u017carowej IGNIS 1240 jest przeznaczona do wykrywania i sygnalizowania zagro\u017cenia po\u017carowego po odebraniu informacji od wsp\u00f3\u0142pracuj\u0105cych z ni\u0105 czujek i r\u0119cznych ostrzegaczy po\u017carowych. Umo\u017cliwia ona w\u0142\u0105czanie dodatkowych urz\u0105dze\u0144 sygnalizacyjnych oraz przekazywanie sygna\u0142\u00f3w do systemu monitoringu po\u017carowego. Wykonana w technice monta\u017cu powierzchniowego, wyposa\u017cona w rozbudowane uk\u0142ady diagnostyki i samokontroli, gwarantuje d\u0142ugotrwa\u0142\u0105 i niezawodn\u0105 &hellip; <a href=\"https:\/\/www.skelpie.eu\/?page_id=924\" class=\"more-link\">Czytaj dalej <span class=\"screen-reader-text\">Ignis 1240<\/span> <span class=\"meta-nav\">&rarr;<\/span><\/a><\/p>\n","protected":false},"author":1,"featured_media":0,"parent":0,"menu_order":0,"comment_status":"closed","ping_status":"closed","template":"","meta":[],"_links":{"self":[{"href":"https:\/\/www.skelpie.eu\/index.php?rest_route=\/wp\/v2\/pages\/924"}],"collection":[{"href":"https:\/\/www.skelpie.eu\/index.php?rest_route=\/wp\/v2\/pages"}],"about":[{"href":"https:\/\/www.skelpie.eu\/index.php?rest_route=\/wp\/v2\/types\/page"}],"author":[{"embeddable":true,"href":"https:\/\/www.skelpie.eu\/index.php?rest_route=\/wp\/v2\/users\/1"}],"replies":[{"embeddable":true,"href":"https:\/\/www.skelpie.eu\/index.php?rest_route=%2Fwp%2Fv2%2Fcomments&post=924"}],"version-history":[{"count":1,"href":"https:\/\/www.skelpie.eu\/index.php?rest_route=\/wp\/v2\/pages\/924\/revisions"}],"predecessor-version":[{"id":926,"href":"https:\/\/www.skelpie.eu\/index.php?rest_route=\/wp\/v2\/pages\/924\/revisions\/926"}],"wp:attachment":[{"href":"https:\/\/www.skelpie.eu\/index.php?rest_route=%2Fwp%2Fv2%2Fmedia&parent=924"}],"curies":[{"name":"wp","href":"https:\/\/api.w.org\/{rel}","templated":true}]}}