{"id":928,"date":"2016-01-28T22:19:38","date_gmt":"2016-01-28T22:19:38","guid":{"rendered":"http:\/\/www.skelpie.eu\/?page_id=928"},"modified":"2016-01-28T22:19:38","modified_gmt":"2016-01-28T22:19:38","slug":"system-zdalnego-sterowania-do-autorumpla-raymarine-serii-st","status":"publish","type":"page","link":"https:\/\/www.skelpie.eu\/?page_id=928","title":{"rendered":"System zdalnego sterowania do autorumpla Raymarine serii ST"},"content":{"rendered":"<p><img loading=\"lazy\" class=\"aligncenter size-full wp-image-929\" src=\"http:\/\/www.skelpie.eu\/wp-content\/uploads\/2016\/01\/ST2000-Autopilot.jpg\" alt=\"ST2000 Autopilot\" width=\"785\" height=\"426\" srcset=\"https:\/\/www.skelpie.eu\/wp-content\/uploads\/2016\/01\/ST2000-Autopilot.jpg 785w, https:\/\/www.skelpie.eu\/wp-content\/uploads\/2016\/01\/ST2000-Autopilot-300x163.jpg 300w\" sizes=\"(max-width: 785px) 100vw, 785px\" \/><\/p>\n<p>&nbsp;<\/p>\n<p>Oferujemy w\u0142asnej koncepcji rozwi\u0105zanie do zdalnego sterowania autorumplem ST1000, ST2000, ST1000+ firmy Raymarine. Za jego pomoc\u0105 u\u017cytkownik mo\u017ce zdalnie sterowa\u0107 urz\u0105dzaniem i co za tym idzie jachtem. Koszt naszego rozwi\u0105zania jest niewsp\u00f3\u0142miernie ma\u0142y w stosunku do pilot\u00f3w Raymarine. Ca\u0142a przer\u00f3bka\u00a0zawiera si\u0119 w orygnialnej obudowie i jest niewidoczna z zewn\u0105trz.<\/p>\n<p>Zasi\u0119g pilota steruj\u0105cego ok. 30m. Mo\u017cliwe sterowanie kombinacjami &#8211; przydatne przy zwrotach \ud83d\ude42<\/p>\n<p>Zapraszamy&#8230;.<\/p>\n","protected":false},"excerpt":{"rendered":"<p>&nbsp; Oferujemy w\u0142asnej koncepcji rozwi\u0105zanie do zdalnego sterowania autorumplem ST1000, ST2000, ST1000+ firmy Raymarine. Za jego pomoc\u0105 u\u017cytkownik mo\u017ce zdalnie sterowa\u0107 urz\u0105dzaniem i co za tym idzie jachtem. Koszt naszego rozwi\u0105zania jest niewsp\u00f3\u0142miernie ma\u0142y w stosunku do pilot\u00f3w Raymarine. Ca\u0142a przer\u00f3bka\u00a0zawiera si\u0119 w orygnialnej obudowie i jest niewidoczna z zewn\u0105trz. Zasi\u0119g pilota steruj\u0105cego ok. 30m. &hellip; <a href=\"https:\/\/www.skelpie.eu\/?page_id=928\" class=\"more-link\">Czytaj dalej <span class=\"screen-reader-text\">System zdalnego sterowania do autorumpla Raymarine serii ST<\/span> <span class=\"meta-nav\">&rarr;<\/span><\/a><\/p>\n","protected":false},"author":1,"featured_media":0,"parent":0,"menu_order":0,"comment_status":"closed","ping_status":"closed","template":"","meta":[],"_links":{"self":[{"href":"https:\/\/www.skelpie.eu\/index.php?rest_route=\/wp\/v2\/pages\/928"}],"collection":[{"href":"https:\/\/www.skelpie.eu\/index.php?rest_route=\/wp\/v2\/pages"}],"about":[{"href":"https:\/\/www.skelpie.eu\/index.php?rest_route=\/wp\/v2\/types\/page"}],"author":[{"embeddable":true,"href":"https:\/\/www.skelpie.eu\/index.php?rest_route=\/wp\/v2\/users\/1"}],"replies":[{"embeddable":true,"href":"https:\/\/www.skelpie.eu\/index.php?rest_route=%2Fwp%2Fv2%2Fcomments&post=928"}],"version-history":[{"count":1,"href":"https:\/\/www.skelpie.eu\/index.php?rest_route=\/wp\/v2\/pages\/928\/revisions"}],"predecessor-version":[{"id":930,"href":"https:\/\/www.skelpie.eu\/index.php?rest_route=\/wp\/v2\/pages\/928\/revisions\/930"}],"wp:attachment":[{"href":"https:\/\/www.skelpie.eu\/index.php?rest_route=%2Fwp%2Fv2%2Fmedia&parent=928"}],"curies":[{"name":"wp","href":"https:\/\/api.w.org\/{rel}","templated":true}]}}