{"id":961,"date":"2018-01-16T15:21:45","date_gmt":"2018-01-16T15:21:45","guid":{"rendered":"https:\/\/www.skelpie.eu\/?page_id=961"},"modified":"2018-01-16T15:21:45","modified_gmt":"2018-01-16T15:21:45","slug":"serwery-wirtualne-pod-dowolne-oprogramowanie-kc-menadzer-insert-gt-symfonia","status":"publish","type":"page","link":"https:\/\/www.skelpie.eu\/?page_id=961","title":{"rendered":"Serwery wirtualne &#8211; pod dowolne oprogramowanie KC Menad\u017cer, Insert GT, Symfonia"},"content":{"rendered":"<p><img loading=\"lazy\" class=\"size-full wp-image-962 alignright\" src=\"https:\/\/www.skelpie.eu\/wp-content\/uploads\/2018\/01\/cloud-server-header1.png\" alt=\"\" width=\"314\" height=\"253\" srcset=\"https:\/\/www.skelpie.eu\/wp-content\/uploads\/2018\/01\/cloud-server-header1.png 314w, https:\/\/www.skelpie.eu\/wp-content\/uploads\/2018\/01\/cloud-server-header1-300x242.png 300w\" sizes=\"(max-width: 314px) 100vw, 314px\" \/>W dobie b\u0142yskawicznego rozwoju cz\u0119stym problemem firm jest konieczno\u015b\u0107 sporych inwestycji w sprz\u0119t, urz\u0105dzenia serwerowe, infrastruktur\u0119 sieciow\u0105. Istotn\u0105 materialnie kwesti\u0105 jest r\u00f3wnie\u017c utrzymanie zasob\u00f3w informatycznych &#8222;przy \u017cyciu&#8221; &#8211; z regu\u0142y oznacza to zatrudnienie informatyka na etacie.<\/p>\n<p>Pragniemy zaprezentowa\u0107 rozwi\u0105zanie niweluj\u0105ce powy\u017cej opisane problemy. Jest to us\u0142uga wirtualnego serwera z pe\u0142n\u0105 obs\u0142uga informatyczn\u0105 oraz backupem danych.<\/p>\n<p><strong>Istotne funkcje:<\/strong><\/p>\n<ul>\n<li>Dost\u0119p wy\u0142\u0105cznie dla uprawnionych os\u00f3b w firmie<\/li>\n<li>Dowolny system operacyjny oraz konfiguracja oprogramowania (Windows, Linux, systemy unixowe, OS)<\/li>\n<li>Mo\u017cliwo\u015b\u0107 wsp\u00f3\u0142pracy z r\u00f3\u017cnymi peryferiami w r\u00f3\u017cnych lokalizacjach (drukarki czytniki skanery itp.)<\/li>\n<li>Backup ca\u0142ej konfiguracji serwera &#8211; opr\u00f3cz danych przechowujemy r\u00f3wnie\u017c &#8222;stan serwera&#8221; &#8211; czyli konfiguracj\u0119 wszystkich program\u00f3w w momencie wykonywania backupu<\/li>\n<li>Sta\u0142y nadz\u00f3r informatyczny nad serwerem w cenie<\/li>\n<li>Brak konieczno\u015bci zakupu jakiegokolwiek sprz\u0119tu<\/li>\n<li>\u0141atwa rozbudowa serwer\u00f3w o nast\u0119pne maszyny<\/li>\n<li>Mamy ju\u017c pierwszych klient\u00f3w pracuj\u0105cych na tych platformie.<\/li>\n<\/ul>\n<p><strong>Logika pracy<\/strong><\/p>\n<p>U\u017cytkownik serwera wirtualnego posiada adres dost\u0119powy oraz dane logowania. Na podstawie tych danych loguje si\u0119 do swojego serwera i mo\u017ce uruchamia\u0107 programy wprowadza\u0107 dane drukowa\u0107 wysy\u0142a\u0107 maile jednym s\u0142owem robi\u0107 wszystko co jest potrzebne do pracy. R\u00f3wnocze\u015bnie ma te dane dost\u0119pne w jednym miejscu bez wzgl\u0119du na to czy pracuje na komputerze domowym czy firmowym czy te\u017c tablecie b\u0105d\u017a tel. kom\u00f3rkowym.<\/p>\n<p class=\"ls-l\" data-ls=\"offsetxin:0;\"><strong>\u00a0<\/strong><\/p>\n<p class=\"ls-l\" data-ls=\"offsetxin:0;\">\n","protected":false},"excerpt":{"rendered":"<p>W dobie b\u0142yskawicznego rozwoju cz\u0119stym problemem firm jest konieczno\u015b\u0107 sporych inwestycji w sprz\u0119t, urz\u0105dzenia serwerowe, infrastruktur\u0119 sieciow\u0105. Istotn\u0105 materialnie kwesti\u0105 jest r\u00f3wnie\u017c utrzymanie zasob\u00f3w informatycznych &#8222;przy \u017cyciu&#8221; &#8211; z regu\u0142y oznacza to zatrudnienie informatyka na etacie. Pragniemy zaprezentowa\u0107 rozwi\u0105zanie niweluj\u0105ce powy\u017cej opisane problemy. Jest to us\u0142uga wirtualnego serwera z pe\u0142n\u0105 obs\u0142uga informatyczn\u0105 oraz backupem danych. &hellip; <a href=\"https:\/\/www.skelpie.eu\/?page_id=961\" class=\"more-link\">Czytaj dalej <span class=\"screen-reader-text\">Serwery wirtualne &#8211; pod dowolne oprogramowanie KC Menad\u017cer, Insert GT, Symfonia<\/span> <span class=\"meta-nav\">&rarr;<\/span><\/a><\/p>\n","protected":false},"author":1,"featured_media":0,"parent":0,"menu_order":0,"comment_status":"closed","ping_status":"closed","template":"","meta":[],"_links":{"self":[{"href":"https:\/\/www.skelpie.eu\/index.php?rest_route=\/wp\/v2\/pages\/961"}],"collection":[{"href":"https:\/\/www.skelpie.eu\/index.php?rest_route=\/wp\/v2\/pages"}],"about":[{"href":"https:\/\/www.skelpie.eu\/index.php?rest_route=\/wp\/v2\/types\/page"}],"author":[{"embeddable":true,"href":"https:\/\/www.skelpie.eu\/index.php?rest_route=\/wp\/v2\/users\/1"}],"replies":[{"embeddable":true,"href":"https:\/\/www.skelpie.eu\/index.php?rest_route=%2Fwp%2Fv2%2Fcomments&post=961"}],"version-history":[{"count":1,"href":"https:\/\/www.skelpie.eu\/index.php?rest_route=\/wp\/v2\/pages\/961\/revisions"}],"predecessor-version":[{"id":963,"href":"https:\/\/www.skelpie.eu\/index.php?rest_route=\/wp\/v2\/pages\/961\/revisions\/963"}],"wp:attachment":[{"href":"https:\/\/www.skelpie.eu\/index.php?rest_route=%2Fwp%2Fv2%2Fmedia&parent=961"}],"curies":[{"name":"wp","href":"https:\/\/api.w.org\/{rel}","templated":true}]}}