{"id":965,"date":"2018-01-16T15:33:56","date_gmt":"2018-01-16T15:33:56","guid":{"rendered":"https:\/\/www.skelpie.eu\/?page_id=965"},"modified":"2018-01-16T15:33:56","modified_gmt":"2018-01-16T15:33:56","slug":"hosting","status":"publish","type":"page","link":"https:\/\/www.skelpie.eu\/?page_id=965","title":{"rendered":"Hosting"},"content":{"rendered":"<p><img loading=\"lazy\" class=\"wp-image-966 aligncenter\" src=\"https:\/\/www.skelpie.eu\/wp-content\/uploads\/2018\/01\/What-is-Shared-Web-Hosting.jpg-nggid03134-ngg0dyn-480x360x100-00f0w010c010r110f110r010t0101.jpg\" alt=\"\" width=\"279\" height=\"204\" srcset=\"https:\/\/www.skelpie.eu\/wp-content\/uploads\/2018\/01\/What-is-Shared-Web-Hosting.jpg-nggid03134-ngg0dyn-480x360x100-00f0w010c010r110f110r010t0101.jpg 390w, https:\/\/www.skelpie.eu\/wp-content\/uploads\/2018\/01\/What-is-Shared-Web-Hosting.jpg-nggid03134-ngg0dyn-480x360x100-00f0w010c010r110f110r010t0101-300x219.jpg 300w\" sizes=\"(max-width: 279px) 100vw, 279px\" \/>Oferujemy prywatny hosting wszelkiego rodzaju us\u0142ug internetowych takich jak:<\/p>\n<ul>\n<li>serwisy internetowe<\/li>\n<li>strony internetowe<\/li>\n<li>serwer www\/ftp<\/li>\n<li>serwery poczty pop3\/imap<\/li>\n<li>serwery dns<\/li>\n<li>obs\u0142ug\u0119 domen<\/li>\n<\/ul>\n<p>Nasze us\u0142ugi charakteryzuj\u0105 si\u0119 bezpo\u015brednio\u015bci\u0105 rozwi\u0105za\u0144. Nasz klient widzi fizycznie gdzie s\u0105 jego dane i kto do nich ma dost\u0119p. W przeciwie\u0144stwie do du\u017cych firm, oferujemy dost\u0119p do wszelkiego typu log\u00f3w i danych dot. zabezpiecze\u0144 tak, aby to klient mia\u0142 pe\u0142ny wgl\u0105d w swoje zasoby. Mamy zadowolonych klient\u00f3w i chcemy to zachowa\u0107 \ud83d\ude42<\/p>\n<p>Je\u017celi chcesz mie\u0107 w\u0142asn\u0105 stron\u0119, wykupi\u0142e\u015b domen\u0119, chcesz mie\u0107 poczt\u0119 przekierowan\u0105 na swoj\u0105 domen\u0119 lub innego rodzaju us\u0142ug\u0119 Zapraszamy !!!<\/p>\n","protected":false},"excerpt":{"rendered":"<p>Oferujemy prywatny hosting wszelkiego rodzaju us\u0142ug internetowych takich jak: serwisy internetowe strony internetowe serwer www\/ftp serwery poczty pop3\/imap serwery dns obs\u0142ug\u0119 domen Nasze us\u0142ugi charakteryzuj\u0105 si\u0119 bezpo\u015brednio\u015bci\u0105 rozwi\u0105za\u0144. Nasz klient widzi fizycznie gdzie s\u0105 jego dane i kto do nich ma dost\u0119p. W przeciwie\u0144stwie do du\u017cych firm, oferujemy dost\u0119p do wszelkiego typu log\u00f3w i danych &hellip; <a href=\"https:\/\/www.skelpie.eu\/?page_id=965\" class=\"more-link\">Czytaj dalej <span class=\"screen-reader-text\">Hosting<\/span> <span class=\"meta-nav\">&rarr;<\/span><\/a><\/p>\n","protected":false},"author":1,"featured_media":0,"parent":0,"menu_order":0,"comment_status":"closed","ping_status":"closed","template":"","meta":[],"_links":{"self":[{"href":"https:\/\/www.skelpie.eu\/index.php?rest_route=\/wp\/v2\/pages\/965"}],"collection":[{"href":"https:\/\/www.skelpie.eu\/index.php?rest_route=\/wp\/v2\/pages"}],"about":[{"href":"https:\/\/www.skelpie.eu\/index.php?rest_route=\/wp\/v2\/types\/page"}],"author":[{"embeddable":true,"href":"https:\/\/www.skelpie.eu\/index.php?rest_route=\/wp\/v2\/users\/1"}],"replies":[{"embeddable":true,"href":"https:\/\/www.skelpie.eu\/index.php?rest_route=%2Fwp%2Fv2%2Fcomments&post=965"}],"version-history":[{"count":4,"href":"https:\/\/www.skelpie.eu\/index.php?rest_route=\/wp\/v2\/pages\/965\/revisions"}],"predecessor-version":[{"id":970,"href":"https:\/\/www.skelpie.eu\/index.php?rest_route=\/wp\/v2\/pages\/965\/revisions\/970"}],"wp:attachment":[{"href":"https:\/\/www.skelpie.eu\/index.php?rest_route=%2Fwp%2Fv2%2Fmedia&parent=965"}],"curies":[{"name":"wp","href":"https:\/\/api.w.org\/{rel}","templated":true}]}}